{"id":6099,"date":"2025-07-14T22:22:54","date_gmt":"2025-07-14T22:22:54","guid":{"rendered":"https:\/\/yimamedical.com\/productos\/?post_type=product&#038;p=6099"},"modified":"2025-09-19T21:31:15","modified_gmt":"2025-09-19T21:31:15","slug":"clavo-tibial-distal","status":"publish","type":"product","link":"https:\/\/yimamedical.com\/productos\/product\/clavo-tibial-distal\/","title":{"rendered":"Clavo Tibial Distal"},"content":{"rendered":"<p><img decoding=\"async\" src=\"https:\/\/es.doublemedicalgp.com\/js\/htmledit\/kindeditor\/attached\/20200820\/20200820101444_25120.png\" alt=\"\" \/><\/p>\n<p><strong><u>caracteristicas:<\/u><\/strong><\/p>\n<ul>\n<li>Tres tornillos de bloqueo divergentes distales proporcionan un apoyo eficaz a la fijaci\u00f3n \/.<\/li>\n<li>Dos tornillos de bloqueo en \u00e1ngulo proximales, evitan la rotaci\u00f3n y el desplazamiento de la fractura.<\/li>\n<li>Curvatura anat\u00f3mica especial, aseg\u00farese de que la u\u00f1a est\u00e9 la posici\u00f3n \u00f3ptima de la cavidad medular.<\/li>\n<li>Dise\u00f1o de corte plano distal, evita dificultades de inserci\u00f3n.<\/li>\n<li>Dise\u00f1o de corte oblicuo proximal, reduce la irritaci\u00f3n de los tejidos blandos del mal\u00e9olo medial.<\/li>\n<\/ul>\n<div><\/div>\n<p><u><\/u><strong><u>Indicaci\u00f3n:<\/u><\/strong><\/p>\n<ul>\n<li>Fracturas de tibia distal cerradas y abiertas o una &#8211; quinta de las fracturas de tibia distal y las fracturas metafisarias (AO \/ OTA 43.A1 \/ A2 \/ A3)<\/li>\n<li>Fracturas de tibia distal, involucra simplemente la articulaci\u00f3n del tobillo (AO \/ OTA 43.C1, C2)<\/li>\n<\/ul>\n<div><\/div>\n<p><u><strong>Empulgueras:<\/strong><\/u><\/p>\n<ul>\n<li>Tornillo de esponjosa de 3.5mm para clavo tibial distal de 7.0mm<\/li>\n<li>Tornillo de cortical de 3.5mm para clavo tibial distal de 7.0mm<\/li>\n<li>Tornillo de esponjosa de 4.0mm para clavo tibial distal de 8,0mm<\/li>\n<li>Tapa de extremo para clavo tibial distal<\/li>\n<\/ul>\n<p><strong><u>Juego de instrumentos:<\/u><\/strong><\/p>\n<ul>\n<li>Instrumental para clavo tibial distal II<\/li>\n<\/ul>\n","protected":false},"excerpt":{"rendered":"<p>El Clavo Tibial Distal ayuda a resolver fracturas tibiales distales cerradas \/ abiertas o una &#8211; quinta parte de las fracturas tibiales distales y las fracturas metafisarias.<\/p>\n","protected":false},"featured_media":6100,"comment_status":"open","ping_status":"closed","template":"","meta":[],"product_brand":[],"product_cat":[56],"product_tag":[108],"class_list":{"0":"post-6099","1":"product","2":"type-product","3":"status-publish","4":"has-post-thumbnail","6":"product_cat-ortopedia","7":"product_tag-clavo","9":"first","10":"instock","11":"shipping-taxable","12":"product-type-simple"},"_links":{"self":[{"href":"https:\/\/yimamedical.com\/productos\/wp-json\/wp\/v2\/product\/6099","targetHints":{"allow":["GET"]}}],"collection":[{"href":"https:\/\/yimamedical.com\/productos\/wp-json\/wp\/v2\/product"}],"about":[{"href":"https:\/\/yimamedical.com\/productos\/wp-json\/wp\/v2\/types\/product"}],"replies":[{"embeddable":true,"href":"https:\/\/yimamedical.com\/productos\/wp-json\/wp\/v2\/comments?post=6099"}],"wp:featuredmedia":[{"embeddable":true,"href":"https:\/\/yimamedical.com\/productos\/wp-json\/wp\/v2\/media\/6100"}],"wp:attachment":[{"href":"https:\/\/yimamedical.com\/productos\/wp-json\/wp\/v2\/media?parent=6099"}],"wp:term":[{"taxonomy":"product_brand","embeddable":true,"href":"https:\/\/yimamedical.com\/productos\/wp-json\/wp\/v2\/product_brand?post=6099"},{"taxonomy":"product_cat","embeddable":true,"href":"https:\/\/yimamedical.com\/productos\/wp-json\/wp\/v2\/product_cat?post=6099"},{"taxonomy":"product_tag","embeddable":true,"href":"https:\/\/yimamedical.com\/productos\/wp-json\/wp\/v2\/product_tag?post=6099"}],"curies":[{"name":"wp","href":"https:\/\/api.w.org\/{rel}","templated":true}]}}