{"id":6123,"date":"2025-07-14T22:38:20","date_gmt":"2025-07-14T22:38:20","guid":{"rendered":"https:\/\/yimamedical.com\/productos\/?post_type=product&#038;p=6123"},"modified":"2025-09-19T21:24:52","modified_gmt":"2025-09-19T21:24:52","slug":"clavo-femoral-distal-%e2%85%b1","status":"publish","type":"product","link":"https:\/\/yimamedical.com\/productos\/product\/clavo-femoral-distal-%e2%85%b1\/","title":{"rendered":"Clavo Femoral Distal \u2161"},"content":{"rendered":"<p><img decoding=\"async\" src=\"https:\/\/es.doublemedicalgp.com\/js\/htmledit\/kindeditor\/attached\/20200820\/20200820062744_25856.png\" alt=\"\" \/><\/p>\n<p><strong><u>Caracteristicas:<\/u><\/strong><\/p>\n<ul>\n<li>Diferentes longitudes (160mm &#8211; 400mm) para diferentes indicaciones.<\/li>\n<li>La plataforma de orientaci\u00f3n proximal aumenta la precisi\u00f3n del bloqueo.<\/li>\n<li>El dise\u00f1o anat\u00f3mico corresponde a la curvatura fisiol\u00f3gica de la cavidad medular para facilitar la inserci\u00f3n.<\/li>\n<\/ul>\n<div><\/div>\n<p><strong><u>Indicaciones:<\/u><\/strong><br \/>\nF\u00e9mur distal<\/p>\n<ul>\n<li>Fracturas supracond\u00edleas de f\u00e9mur<\/li>\n<li>Supra &#8211; fracturas femorales diacond\u00edleas<\/li>\n<li>Fracturas diafisarias de f\u00e9mur<\/li>\n<\/ul>\n<p><strong><u>Empulgueras:<\/u><\/strong><\/p>\n<ul>\n<li>Tornillo de bloqueo II de 4.9mm<\/li>\n<li>Hoja espiral para clavo femoral distal II<\/li>\n<li>Tornillo de bloqueo de 6,0mm para clavo femoral distal II<\/li>\n<li>Tap\u00f3n terminal para clavo femoral distal II<\/li>\n<li>Tap\u00f3n para clavo femoral distal, largo<\/li>\n<\/ul>\n<p><strong><u>Juego de instrumentos:<\/u><\/strong><\/p>\n<ul>\n<li>Instrumental para clavo femoral distal II<\/li>\n<\/ul>\n","protected":false},"excerpt":{"rendered":"<p>Dise\u00f1o anat\u00f3mico con 2\u00a0opciones de bloqueo en condilar.\u00a0El Clavo Femoral Distal \u2161 del \u00e1rea distal facilita las fracturas supracond\u00edleas, supra &#8211; diacond\u00edlea y diafisaria del f\u00e9mur distal.<\/p>\n","protected":false},"featured_media":6124,"comment_status":"open","ping_status":"closed","template":"","meta":[],"product_brand":[],"product_cat":[56],"product_tag":[108],"class_list":{"0":"post-6123","1":"product","2":"type-product","3":"status-publish","4":"has-post-thumbnail","6":"product_cat-ortopedia","7":"product_tag-clavo","9":"first","10":"instock","11":"shipping-taxable","12":"product-type-simple"},"_links":{"self":[{"href":"https:\/\/yimamedical.com\/productos\/wp-json\/wp\/v2\/product\/6123","targetHints":{"allow":["GET"]}}],"collection":[{"href":"https:\/\/yimamedical.com\/productos\/wp-json\/wp\/v2\/product"}],"about":[{"href":"https:\/\/yimamedical.com\/productos\/wp-json\/wp\/v2\/types\/product"}],"replies":[{"embeddable":true,"href":"https:\/\/yimamedical.com\/productos\/wp-json\/wp\/v2\/comments?post=6123"}],"wp:featuredmedia":[{"embeddable":true,"href":"https:\/\/yimamedical.com\/productos\/wp-json\/wp\/v2\/media\/6124"}],"wp:attachment":[{"href":"https:\/\/yimamedical.com\/productos\/wp-json\/wp\/v2\/media?parent=6123"}],"wp:term":[{"taxonomy":"product_brand","embeddable":true,"href":"https:\/\/yimamedical.com\/productos\/wp-json\/wp\/v2\/product_brand?post=6123"},{"taxonomy":"product_cat","embeddable":true,"href":"https:\/\/yimamedical.com\/productos\/wp-json\/wp\/v2\/product_cat?post=6123"},{"taxonomy":"product_tag","embeddable":true,"href":"https:\/\/yimamedical.com\/productos\/wp-json\/wp\/v2\/product_tag?post=6123"}],"curies":[{"name":"wp","href":"https:\/\/api.w.org\/{rel}","templated":true}]}}