{"id":6131,"date":"2025-07-14T22:44:28","date_gmt":"2025-07-14T22:44:28","guid":{"rendered":"https:\/\/yimamedical.com\/productos\/?post_type=product&#038;p=6131"},"modified":"2025-09-19T21:22:28","modified_gmt":"2025-09-19T21:22:28","slug":"clavo-femoral-universal-%e2%85%b1","status":"publish","type":"product","link":"https:\/\/yimamedical.com\/productos\/product\/clavo-femoral-universal-%e2%85%b1\/","title":{"rendered":"Clavo Femoral Universal \u2161"},"content":{"rendered":"<p><img decoding=\"async\" src=\"https:\/\/es.doublemedicalgp.com\/js\/htmledit\/kindeditor\/attached\/20200820\/20200820033218_51814.png\" alt=\"\" \/><\/p>\n<p><strong><u>caracteristicas:<\/u><\/strong><\/p>\n<ul>\n<li>Dise\u00f1o de corte plano lateral que reduce la presi\u00f3n sobre la cortical lateral.<\/li>\n<li>Tratamiento estriado para facilitar la inserci\u00f3n y aumentar la estabilidad angular.<\/li>\n<li>El dise\u00f1o de anteversi\u00f3n garantiza dos tornillos de cuello femoral centrados en la cabeza femoral.<\/li>\n<li>Tornillo de bloqueo dise\u00f1ado con rosca de doble avance para facilitar la inserci\u00f3n. (ventajas combinadas de los tornillos con paso alto y alto agarre)<\/li>\n<li>Dise\u00f1o de orificios deslizantes en tanto en el extremo proximal como en el distal para las opciones de compresi\u00f3n intraoperatoria.<\/li>\n<\/ul>\n<p><strong><u>Indicaciones:<\/u><\/strong><\/p>\n<p><strong>Indicaciones de bloqueo est\u00e1ndar<\/strong><\/p>\n<ul>\n<li>Fracturas de la di\u00e1fisis femoral<\/li>\n<\/ul>\n<p><strong>Indicaciones de bloqueo de reconocimiento<\/strong><\/p>\n<ul>\n<li>Fracturas combinadas de la di\u00e1fisis femoral y el cuello<\/li>\n<li>Fracturas subtrocant\u00e9reas<\/li>\n<\/ul>\n<p>&nbsp;<\/p>\n<p><strong><u>Empulgueras:<\/u><\/strong><\/p>\n<ul>\n<li>Tornillo de bloqueo II de 4.9mm<\/li>\n<li>Tornillo de cuello femoral<\/li>\n<li>Tapa de extremo para clavo femoral universal II<\/li>\n<\/ul>\n<p><u><strong>Juego de instrumentos:<\/strong><\/u><\/p>\n<ul>\n<li>Instrumental Universal Femoral Nail II<\/li>\n<\/ul>\n","protected":false},"excerpt":{"rendered":"<p>Con dos mecanismos de bloqueo diferentes (bloqueo est\u00e1ndar y de reconstrucci\u00f3n), el Clavo Femoral Universal \u2161 puede ayudar a resolver las fracturas de la di\u00e1fisis femoral, as\u00ed como las fracturas combinadas de la di\u00e1fisis femoral y el cuello.<\/p>\n","protected":false},"featured_media":6132,"comment_status":"open","ping_status":"closed","template":"","meta":[],"product_brand":[],"product_cat":[56],"product_tag":[108],"class_list":{"0":"post-6131","1":"product","2":"type-product","3":"status-publish","4":"has-post-thumbnail","6":"product_cat-ortopedia","7":"product_tag-clavo","9":"first","10":"instock","11":"shipping-taxable","12":"product-type-simple"},"_links":{"self":[{"href":"https:\/\/yimamedical.com\/productos\/wp-json\/wp\/v2\/product\/6131","targetHints":{"allow":["GET"]}}],"collection":[{"href":"https:\/\/yimamedical.com\/productos\/wp-json\/wp\/v2\/product"}],"about":[{"href":"https:\/\/yimamedical.com\/productos\/wp-json\/wp\/v2\/types\/product"}],"replies":[{"embeddable":true,"href":"https:\/\/yimamedical.com\/productos\/wp-json\/wp\/v2\/comments?post=6131"}],"wp:featuredmedia":[{"embeddable":true,"href":"https:\/\/yimamedical.com\/productos\/wp-json\/wp\/v2\/media\/6132"}],"wp:attachment":[{"href":"https:\/\/yimamedical.com\/productos\/wp-json\/wp\/v2\/media?parent=6131"}],"wp:term":[{"taxonomy":"product_brand","embeddable":true,"href":"https:\/\/yimamedical.com\/productos\/wp-json\/wp\/v2\/product_brand?post=6131"},{"taxonomy":"product_cat","embeddable":true,"href":"https:\/\/yimamedical.com\/productos\/wp-json\/wp\/v2\/product_cat?post=6131"},{"taxonomy":"product_tag","embeddable":true,"href":"https:\/\/yimamedical.com\/productos\/wp-json\/wp\/v2\/product_tag?post=6131"}],"curies":[{"name":"wp","href":"https:\/\/api.w.org\/{rel}","templated":true}]}}