{"id":6137,"date":"2025-07-14T22:46:58","date_gmt":"2025-07-14T22:46:58","guid":{"rendered":"https:\/\/yimamedical.com\/productos\/?post_type=product&#038;p=6137"},"modified":"2025-09-19T21:21:17","modified_gmt":"2025-09-19T21:21:17","slug":"pfna-clavo-femoral-proximal-antirotacion-canulado","status":"publish","type":"product","link":"https:\/\/yimamedical.com\/productos\/product\/pfna-clavo-femoral-proximal-antirotacion-canulado\/","title":{"rendered":"PFNA Clavo Femoral Proximal, antirotaci\u00f3n, canulado"},"content":{"rendered":"<p><img decoding=\"async\" src=\"https:\/\/es.doublemedicalgp.com\/js\/htmledit\/kindeditor\/attached\/20200806\/20200806020836_89571.png\" alt=\"\" \/><\/p>\n<p><strong><u>Caracteristicas:<\/u><\/strong><\/p>\n<ul>\n<li>El aumento de la interfaz del hueso &#8211; proporciona una mejor estabilidad en anclaje y antirrotaci\u00f3n.<\/li>\n<li>El dise\u00f1o del eje del lim\u00f3n proporciona un mecanismo antirrotaci\u00f3n en la uni\u00f3n entre la hoja y la u\u00f1a.<\/li>\n<li>El tratamiento estriado distal facilita la inserci\u00f3n y reduce la tensi\u00f3n sobre el hueso en la punta de la u\u00f1a.<\/li>\n<li>Proporcione opciones de bloqueo distal est\u00e1ticas y din\u00e1micas para la elecci\u00f3n cl\u00ednica.<\/li>\n<li>El di\u00e1metro proximal de 17.0mm proporciona suficiente resistencia en fijaci\u00f3n. 16.5mm de di\u00e1metro tambi\u00e9n disponible para pacientes de baja estatura.<\/li>\n<\/ul>\n<p>&nbsp;<\/p>\n<p><strong><u>Indicaci\u00f3n:<\/u><\/strong><\/p>\n<p><strong>Corto (170mm &#8211; 240mm)<\/strong><\/p>\n<ul>\n<li>Fracturas pertrocant\u00e9reas<\/li>\n<li>Fracturas intertrocant\u00e9reas<\/li>\n<li>Fracturas subtrocant\u00e9reas altas<\/li>\n<\/ul>\n<p><strong>Largo (300mm &#8211; 420mm)<\/strong><\/p>\n<ul>\n<li>Fracturas subtrocant\u00e9reas bajas y extendidas<\/li>\n<li>Fracturas trocant\u00e9reas ipsolaterales<\/li>\n<li>Fracturas combinadas (en el f\u00e9mur proximal)<\/li>\n<li>Fracturas patol\u00f3gicas<\/li>\n<\/ul>\n<p><strong><u>Empulgueras:<\/u><\/strong><\/p>\n<ul>\n<li>Hoja espiral del clavo femoral proximal<\/li>\n<li>Tornillo de bloqueo de 4.9mm<\/li>\n<\/ul>\n<p><strong><u>Juego de instrumentos:<\/u><\/strong><\/p>\n<ul>\n<li>Clavo de f\u00e9mur proximal &#8211; Instrumental antirrotaci\u00f3n<\/li>\n<\/ul>\n","protected":false},"excerpt":{"rendered":"<p>Sistema de Clavo Femoral Proximal, antirotaci\u00f3n, canulado\u00a0es para el tratamiento de una amplia gama de fracturas de f\u00e9mur proximal, as\u00ed como fracturas asociadas de la di\u00e1fisis femoral.<\/p>\n","protected":false},"featured_media":6138,"comment_status":"open","ping_status":"closed","template":"","meta":[],"product_brand":[],"product_cat":[56],"product_tag":[108],"class_list":{"0":"post-6137","1":"product","2":"type-product","3":"status-publish","4":"has-post-thumbnail","6":"product_cat-ortopedia","7":"product_tag-clavo","9":"first","10":"instock","11":"shipping-taxable","12":"product-type-simple"},"_links":{"self":[{"href":"https:\/\/yimamedical.com\/productos\/wp-json\/wp\/v2\/product\/6137","targetHints":{"allow":["GET"]}}],"collection":[{"href":"https:\/\/yimamedical.com\/productos\/wp-json\/wp\/v2\/product"}],"about":[{"href":"https:\/\/yimamedical.com\/productos\/wp-json\/wp\/v2\/types\/product"}],"replies":[{"embeddable":true,"href":"https:\/\/yimamedical.com\/productos\/wp-json\/wp\/v2\/comments?post=6137"}],"wp:featuredmedia":[{"embeddable":true,"href":"https:\/\/yimamedical.com\/productos\/wp-json\/wp\/v2\/media\/6138"}],"wp:attachment":[{"href":"https:\/\/yimamedical.com\/productos\/wp-json\/wp\/v2\/media?parent=6137"}],"wp:term":[{"taxonomy":"product_brand","embeddable":true,"href":"https:\/\/yimamedical.com\/productos\/wp-json\/wp\/v2\/product_brand?post=6137"},{"taxonomy":"product_cat","embeddable":true,"href":"https:\/\/yimamedical.com\/productos\/wp-json\/wp\/v2\/product_cat?post=6137"},{"taxonomy":"product_tag","embeddable":true,"href":"https:\/\/yimamedical.com\/productos\/wp-json\/wp\/v2\/product_tag?post=6137"}],"curies":[{"name":"wp","href":"https:\/\/api.w.org\/{rel}","templated":true}]}}