{"id":6143,"date":"2025-07-14T22:50:00","date_gmt":"2025-07-14T22:50:00","guid":{"rendered":"https:\/\/yimamedical.com\/productos\/?post_type=product&#038;p=6143"},"modified":"2025-09-19T21:20:13","modified_gmt":"2025-09-19T21:20:13","slug":"aimstrong-clavo-femoral-proximal","status":"publish","type":"product","link":"https:\/\/yimamedical.com\/productos\/product\/aimstrong-clavo-femoral-proximal\/","title":{"rendered":"Aimstrong Clavo Femoral Proximal"},"content":{"rendered":"<p><img decoding=\"async\" src=\"https:\/\/es.doublemedicalgp.com\/js\/htmledit\/kindeditor\/attached\/20200819\/20200819105411_39815.png\" alt=\"\" \/><\/p>\n<p><strong><u>caracteristicas:<\/u><\/strong><\/p>\n<p><strong>U\u00f1as<\/strong><\/p>\n<ul>\n<li>Los \u00e1ngulos CCD de 130 \u00b0 y 125 \u00b0 brindan m\u00e1s opciones para diferentes anatom\u00edas.<\/li>\n<li>El \u00e1ngulo medial &#8211; lateral de 5 \u00b0 permite la inserci\u00f3n en la punta del troc\u00e1nter mayor.<\/li>\n<li>Dise\u00f1o de corte plano lateral para facilitar la inserci\u00f3n y reducir la presi\u00f3n sobre la cortical lateral.<\/li>\n<li>El tratamiento estriado distal facilita la inserci\u00f3n y reduce la tensi\u00f3n sobre el hueso en la punta de la u\u00f1a.<\/li>\n<\/ul>\n<p><strong>Hoja espiral<\/strong><\/p>\n<ul>\n<li>El dise\u00f1o de una &#8211; pieza aumenta la estabilidad de la ve<\/li>\n<\/ul>\n","protected":false},"excerpt":{"rendered":"<p>Con 2 \u00e1ngulos CCD diferentes, Aimstrong Clavo Femoral Proximal podr\u00eda resolver las fracturas en el f\u00e9mur proximal y la di\u00e1fisis del f\u00e9mur. La hoja en espiral de dise\u00f1o de una pieza con orificios para cemento \u00f3seo facilita la rehabilitaci\u00f3n de los clientes con huesos defectuosos.<\/p>\n","protected":false},"featured_media":6144,"comment_status":"open","ping_status":"closed","template":"","meta":[],"product_brand":[],"product_cat":[56],"product_tag":[108],"class_list":{"0":"post-6143","1":"product","2":"type-product","3":"status-publish","4":"has-post-thumbnail","6":"product_cat-ortopedia","7":"product_tag-clavo","9":"first","10":"instock","11":"shipping-taxable","12":"product-type-simple"},"_links":{"self":[{"href":"https:\/\/yimamedical.com\/productos\/wp-json\/wp\/v2\/product\/6143","targetHints":{"allow":["GET"]}}],"collection":[{"href":"https:\/\/yimamedical.com\/productos\/wp-json\/wp\/v2\/product"}],"about":[{"href":"https:\/\/yimamedical.com\/productos\/wp-json\/wp\/v2\/types\/product"}],"replies":[{"embeddable":true,"href":"https:\/\/yimamedical.com\/productos\/wp-json\/wp\/v2\/comments?post=6143"}],"wp:featuredmedia":[{"embeddable":true,"href":"https:\/\/yimamedical.com\/productos\/wp-json\/wp\/v2\/media\/6144"}],"wp:attachment":[{"href":"https:\/\/yimamedical.com\/productos\/wp-json\/wp\/v2\/media?parent=6143"}],"wp:term":[{"taxonomy":"product_brand","embeddable":true,"href":"https:\/\/yimamedical.com\/productos\/wp-json\/wp\/v2\/product_brand?post=6143"},{"taxonomy":"product_cat","embeddable":true,"href":"https:\/\/yimamedical.com\/productos\/wp-json\/wp\/v2\/product_cat?post=6143"},{"taxonomy":"product_tag","embeddable":true,"href":"https:\/\/yimamedical.com\/productos\/wp-json\/wp\/v2\/product_tag?post=6143"}],"curies":[{"name":"wp","href":"https:\/\/api.w.org\/{rel}","templated":true}]}}