{"id":6240,"date":"2025-07-15T21:04:14","date_gmt":"2025-07-15T21:04:14","guid":{"rendered":"https:\/\/yimamedical.com\/productos\/?post_type=product&#038;p=6240"},"modified":"2025-09-19T18:48:49","modified_gmt":"2025-09-19T18:48:49","slug":"placa-de-bloqueo-para-osteotomia-femoral-lateral-distal","status":"publish","type":"product","link":"https:\/\/yimamedical.com\/productos\/product\/placa-de-bloqueo-para-osteotomia-femoral-lateral-distal\/","title":{"rendered":"Placa de bloqueo para osteotom\u00eda femoral lateral distal"},"content":{"rendered":"<p><strong><u>Caracteristicas:<\/u><\/strong><\/p>\n<ul>\n<li>Indicado para la osteotom\u00eda en cu\u00f1a de apertura supracond\u00edlea en el f\u00e9mur lateral distal en el tratamiento de la deformidad en valgo de la rodilla.<\/li>\n<li>La cola en forma de cono facilita la inserci\u00f3n de placa en funcionamiento.<\/li>\n<\/ul>\n<p><strong><u>Indicaciones:<\/u><\/strong><\/p>\n<ul>\n<li>Placa de f\u00e9mur distal lateral:<\/li>\n<li>Osteotom\u00eda en cu\u00f1a abierta y en cu\u00f1a cerrada del f\u00e9mur distal lateral para el tratamiento de:<\/li>\n<\/ul>\n<p>-Osteoartritis unicompartimental medial o lateral de rodilla con mala alineaci\u00f3n del f\u00e9mur distal<br \/>\n-Deformidad idiop\u00e1tica o postraum\u00e1tica en varo o valgo del f\u00e9mur distal<\/p>\n<p><strong><u>Empulgueras:<\/u><\/strong><\/p>\n<ul>\n<li>Tornillo de cortical de 4,5 mm<\/li>\n<li>Tornillo de bloqueo de 5,0 mm<\/li>\n<li>Espaciador de bloqueo de 5,0 mm<\/li>\n<\/ul>\n<p><strong><u>Instrumentaci\u00f3n:<\/u><\/strong><\/p>\n<ul>\n<li>Instrumental del sistema de osteotom\u00eda<\/li>\n<\/ul>\n","protected":false},"excerpt":{"rendered":"<p>La placa de bloqueo para osteotom\u00eda femoral lateral distal est\u00e1 indicada para la deformidad en valgo de la rodilla con un dise\u00f1o de extremo en forma de cono para facilitar la inserci\u00f3n de la placa en funcionamiento.<\/p>\n","protected":false},"featured_media":6241,"comment_status":"open","ping_status":"closed","template":"","meta":[],"product_brand":[],"product_cat":[56],"product_tag":[106],"class_list":{"0":"post-6240","1":"product","2":"type-product","3":"status-publish","4":"has-post-thumbnail","6":"product_cat-ortopedia","7":"product_tag-placa","9":"first","10":"instock","11":"shipping-taxable","12":"product-type-simple"},"_links":{"self":[{"href":"https:\/\/yimamedical.com\/productos\/wp-json\/wp\/v2\/product\/6240","targetHints":{"allow":["GET"]}}],"collection":[{"href":"https:\/\/yimamedical.com\/productos\/wp-json\/wp\/v2\/product"}],"about":[{"href":"https:\/\/yimamedical.com\/productos\/wp-json\/wp\/v2\/types\/product"}],"replies":[{"embeddable":true,"href":"https:\/\/yimamedical.com\/productos\/wp-json\/wp\/v2\/comments?post=6240"}],"wp:featuredmedia":[{"embeddable":true,"href":"https:\/\/yimamedical.com\/productos\/wp-json\/wp\/v2\/media\/6241"}],"wp:attachment":[{"href":"https:\/\/yimamedical.com\/productos\/wp-json\/wp\/v2\/media?parent=6240"}],"wp:term":[{"taxonomy":"product_brand","embeddable":true,"href":"https:\/\/yimamedical.com\/productos\/wp-json\/wp\/v2\/product_brand?post=6240"},{"taxonomy":"product_cat","embeddable":true,"href":"https:\/\/yimamedical.com\/productos\/wp-json\/wp\/v2\/product_cat?post=6240"},{"taxonomy":"product_tag","embeddable":true,"href":"https:\/\/yimamedical.com\/productos\/wp-json\/wp\/v2\/product_tag?post=6240"}],"curies":[{"name":"wp","href":"https:\/\/api.w.org\/{rel}","templated":true}]}}