{"id":6247,"date":"2025-07-15T21:23:49","date_gmt":"2025-07-15T21:23:49","guid":{"rendered":"https:\/\/yimamedical.com\/productos\/?post_type=product&#038;p=6247"},"modified":"2025-09-19T18:46:20","modified_gmt":"2025-09-19T18:46:20","slug":"osteotomia-tibial-lateral-proximal-lcp","status":"publish","type":"product","link":"https:\/\/yimamedical.com\/productos\/product\/osteotomia-tibial-lateral-proximal-lcp\/","title":{"rendered":"Osteotom\u00eda tibial lateral proximal LCP"},"content":{"rendered":"<p><strong><u>Caracteristicas:<\/u><\/strong><\/p>\n<ul>\n<li>Indicado para cerrar osteotom\u00eda en cu\u00f1a en tibial lateral proximal en el tratamiento de la deformidad de rodilla en varo.<\/li>\n<li>El cabezal adelgazado y el dise\u00f1o de perfil bajo evitan la irritaci\u00f3n de los tejidos blandos.<\/li>\n<li>El eje largo mejora el apoyo a la di\u00e1fisis y evita que se desplace.<\/li>\n<\/ul>\n<p><strong><u>Indicaciones:<\/u><\/strong><br \/>\nOsteotom\u00eda en cu\u00f1a abierta y en cu\u00f1a cerrada de la tibia proximal lateral para el tratamiento de:<\/p>\n<ul>\n<li>Artrosis de rodilla unicompartimental medial o lateral con mala alineaci\u00f3n de la tibia proximal<\/li>\n<li>Deformidad idiop\u00e1tica o postraum\u00e1tica en varo o valgo de la tibia proximal<\/li>\n<\/ul>\n<p><strong><u>Empulgueras:<\/u><\/strong><\/p>\n<ul>\n<li>Tornillo de bloqueo de 5,0 mm<\/li>\n<li>Tornillo de cortical de 4,5 mm<\/li>\n<\/ul>\n<p><strong><u>Instrumento:<\/u><\/strong><\/p>\n<ul>\n<li>Instrumental del sistema de osteotom\u00eda<\/li>\n<\/ul>\n","protected":false},"excerpt":{"rendered":"<p>La osteotom\u00eda tibial lateral proximal LCP est\u00e1 dise\u00f1ada para tratar la u\u00a0osteoartritis de rodilla nicompartimental medial o lateral con mala alineaci\u00f3n de la tibia proximal y\u00a0deformidad idiop\u00e1tica o postraum\u00e1tica en varo o valgo de la tibia proximal.<\/p>\n","protected":false},"featured_media":6248,"comment_status":"open","ping_status":"closed","template":"","meta":[],"product_brand":[],"product_cat":[56],"product_tag":[106],"class_list":{"0":"post-6247","1":"product","2":"type-product","3":"status-publish","4":"has-post-thumbnail","6":"product_cat-ortopedia","7":"product_tag-placa","9":"first","10":"instock","11":"shipping-taxable","12":"product-type-simple"},"_links":{"self":[{"href":"https:\/\/yimamedical.com\/productos\/wp-json\/wp\/v2\/product\/6247","targetHints":{"allow":["GET"]}}],"collection":[{"href":"https:\/\/yimamedical.com\/productos\/wp-json\/wp\/v2\/product"}],"about":[{"href":"https:\/\/yimamedical.com\/productos\/wp-json\/wp\/v2\/types\/product"}],"replies":[{"embeddable":true,"href":"https:\/\/yimamedical.com\/productos\/wp-json\/wp\/v2\/comments?post=6247"}],"wp:featuredmedia":[{"embeddable":true,"href":"https:\/\/yimamedical.com\/productos\/wp-json\/wp\/v2\/media\/6248"}],"wp:attachment":[{"href":"https:\/\/yimamedical.com\/productos\/wp-json\/wp\/v2\/media?parent=6247"}],"wp:term":[{"taxonomy":"product_brand","embeddable":true,"href":"https:\/\/yimamedical.com\/productos\/wp-json\/wp\/v2\/product_brand?post=6247"},{"taxonomy":"product_cat","embeddable":true,"href":"https:\/\/yimamedical.com\/productos\/wp-json\/wp\/v2\/product_cat?post=6247"},{"taxonomy":"product_tag","embeddable":true,"href":"https:\/\/yimamedical.com\/productos\/wp-json\/wp\/v2\/product_tag?post=6247"}],"curies":[{"name":"wp","href":"https:\/\/api.w.org\/{rel}","templated":true}]}}