{"id":6255,"date":"2025-07-15T22:22:49","date_gmt":"2025-07-15T22:22:49","guid":{"rendered":"https:\/\/yimamedical.com\/productos\/?post_type=product&#038;p=6255"},"modified":"2025-09-19T18:41:26","modified_gmt":"2025-09-19T18:41:26","slug":"placa-de-bloqueo-para-fusion-de-tobillo","status":"publish","type":"product","link":"https:\/\/yimamedical.com\/productos\/product\/placa-de-bloqueo-para-fusion-de-tobillo\/","title":{"rendered":"Placa de bloqueo para fusi\u00f3n de tobillo"},"content":{"rendered":"<p><img decoding=\"async\" src=\"https:\/\/es.doublemedicalgp.com\/js\/htmledit\/kindeditor\/attached\/20210114\/20210114155831_34067.jpg\" alt=\"\" \/><\/p>\n<p><strong><u>Caracteristicas:<\/u><\/strong><\/p>\n<ul>\n<li>La \u00faltima soluci\u00f3n para la fusi\u00f3n de la articulaci\u00f3n tibiotalar.<\/li>\n<li>Se recomienda colocar la placa en la tibia lateral anterior.<\/li>\n<li>Se pueden insertar dos tornillos en el eje desde la tibia hasta el astr\u00e1galo, lo que mejora la fijaci\u00f3n.<\/li>\n<\/ul>\n<p><strong><u>Indicaciones:<\/u><\/strong><\/p>\n<ul>\n<li>Fusi\u00f3n de articulaci\u00f3n tibiotalar.<\/li>\n<\/ul>\n<p><strong><u>Empulgueras:<\/u><\/strong><\/p>\n<ul>\n<li>Tornillo de bloqueo de 3,5 mm<\/li>\n<li>Tornillo de cortical de 3,5 mm<\/li>\n<li>Tornillo de esponjosa de 4,0 mm<\/li>\n<\/ul>\n<p><strong><u>Instrumentaci\u00f3n:<\/u><\/strong><\/p>\n<ul>\n<li>Peque\u00f1o juego de instrumentos de bloqueo<\/li>\n<\/ul>\n","protected":false},"excerpt":{"rendered":"<p>La fusi\u00f3n de tobillo es una cirug\u00eda para fusionar 2 o m\u00e1s huesos en una sola pieza del tobillo, cuando tiene artritis severa en el tobillo con s\u00edntomas de dolor intenso, inflamaci\u00f3n y rigidez, su cirujano puede recomendarle que realice una fusi\u00f3n de tobillo.<\/p>\n","protected":false},"featured_media":6256,"comment_status":"open","ping_status":"closed","template":"","meta":[],"product_brand":[],"product_cat":[56],"product_tag":[106],"class_list":{"0":"post-6255","1":"product","2":"type-product","3":"status-publish","4":"has-post-thumbnail","6":"product_cat-ortopedia","7":"product_tag-placa","9":"first","10":"instock","11":"shipping-taxable","12":"product-type-simple"},"_links":{"self":[{"href":"https:\/\/yimamedical.com\/productos\/wp-json\/wp\/v2\/product\/6255","targetHints":{"allow":["GET"]}}],"collection":[{"href":"https:\/\/yimamedical.com\/productos\/wp-json\/wp\/v2\/product"}],"about":[{"href":"https:\/\/yimamedical.com\/productos\/wp-json\/wp\/v2\/types\/product"}],"replies":[{"embeddable":true,"href":"https:\/\/yimamedical.com\/productos\/wp-json\/wp\/v2\/comments?post=6255"}],"wp:featuredmedia":[{"embeddable":true,"href":"https:\/\/yimamedical.com\/productos\/wp-json\/wp\/v2\/media\/6256"}],"wp:attachment":[{"href":"https:\/\/yimamedical.com\/productos\/wp-json\/wp\/v2\/media?parent=6255"}],"wp:term":[{"taxonomy":"product_brand","embeddable":true,"href":"https:\/\/yimamedical.com\/productos\/wp-json\/wp\/v2\/product_brand?post=6255"},{"taxonomy":"product_cat","embeddable":true,"href":"https:\/\/yimamedical.com\/productos\/wp-json\/wp\/v2\/product_cat?post=6255"},{"taxonomy":"product_tag","embeddable":true,"href":"https:\/\/yimamedical.com\/productos\/wp-json\/wp\/v2\/product_tag?post=6255"}],"curies":[{"name":"wp","href":"https:\/\/api.w.org\/{rel}","templated":true}]}}