{"id":6282,"date":"2025-07-21T19:26:48","date_gmt":"2025-07-21T19:26:48","guid":{"rendered":"https:\/\/yimamedical.com\/productos\/?post_type=product&#038;p=6282"},"modified":"2025-09-18T18:42:55","modified_gmt":"2025-09-18T18:42:55","slug":"placa-bloqueada-tibial-distal-medial","status":"publish","type":"product","link":"https:\/\/yimamedical.com\/productos\/product\/placa-bloqueada-tibial-distal-medial\/","title":{"rendered":"Placa Bloqueada Tibial Distal Medial"},"content":{"rendered":"<p><img decoding=\"async\" src=\"https:\/\/es.doublemedicalgp.com\/js\/htmledit\/kindeditor\/attached\/20200819\/20200819041434_71879.png\" alt=\"\" \/><\/p>\n<p><strong><u>caracteristicas:<\/u><\/strong><br \/>\nLos orificios del eje aceptan tornillos de bloqueo de 5,0mm y tornillos de cortical de 4.5mm.<br \/>\nLeng\u00fceta distal con orificio para tornillo que se adapta a la forma del mal\u00e9olo medial.<br \/>\nLa placa anat\u00f3mica premoldeada est\u00e1 especialmente dise\u00f1ada para adaptarse a la forma compleja de la parte distal del hueso, ayudando a reducir la met\u00e1fisis a la di\u00e1fisis y facilitando la restauraci\u00f3n de la superficie articular.<\/p>\n<div><\/div>\n<p><u><\/u><strong><u>Indicaciones:<\/u><\/strong><br \/>\nExtra &#8211; articular y simple intra &#8211; articular distalfracturas de tibia<br \/>\nFracturas de tibia distal, percut\u00e1neas o reduciblespor artrotom\u00eda limitada<br \/>\nFractura tibial distal que se extiende hacia el\u00e1rea diafisaria<\/p>\n<p><strong><u>Tornillo:<\/u><\/strong><\/p>\n<p>Tornillo de bloqueo de 3.5mm<\/p>\n<p>Tornillo de bloqueo de 5,0mm<\/p>\n<p>Tornillo de cortical de 4.5mm<\/p>\n<p><u><\/u><strong><u>Instrumentaci\u00f3n:<\/u><\/strong><br \/>\nPeque\u00f1o juego de instrumentos de bloqueo<br \/>\nJuego de instrumentos de bloqueo grande<\/p>\n","protected":false},"excerpt":{"rendered":"<p>La Placa Bloqueada Tibial Distal Medial tiene su dise\u00f1o anat\u00f3mico para curar las facturas extraarticulares e intraarticulares simples distales, fracturas de tibia distal, percut\u00e1neas o reducibles por artrotom\u00eda limitada, fractura de tibia distal que se extiende hacia el \u00e1rea diafisaria.<\/p>\n","protected":false},"featured_media":6283,"comment_status":"open","ping_status":"closed","template":"","meta":[],"product_brand":[],"product_cat":[56],"product_tag":[106],"class_list":{"0":"post-6282","1":"product","2":"type-product","3":"status-publish","4":"has-post-thumbnail","6":"product_cat-ortopedia","7":"product_tag-placa","9":"first","10":"instock","11":"shipping-taxable","12":"product-type-simple"},"_links":{"self":[{"href":"https:\/\/yimamedical.com\/productos\/wp-json\/wp\/v2\/product\/6282","targetHints":{"allow":["GET"]}}],"collection":[{"href":"https:\/\/yimamedical.com\/productos\/wp-json\/wp\/v2\/product"}],"about":[{"href":"https:\/\/yimamedical.com\/productos\/wp-json\/wp\/v2\/types\/product"}],"replies":[{"embeddable":true,"href":"https:\/\/yimamedical.com\/productos\/wp-json\/wp\/v2\/comments?post=6282"}],"wp:featuredmedia":[{"embeddable":true,"href":"https:\/\/yimamedical.com\/productos\/wp-json\/wp\/v2\/media\/6283"}],"wp:attachment":[{"href":"https:\/\/yimamedical.com\/productos\/wp-json\/wp\/v2\/media?parent=6282"}],"wp:term":[{"taxonomy":"product_brand","embeddable":true,"href":"https:\/\/yimamedical.com\/productos\/wp-json\/wp\/v2\/product_brand?post=6282"},{"taxonomy":"product_cat","embeddable":true,"href":"https:\/\/yimamedical.com\/productos\/wp-json\/wp\/v2\/product_cat?post=6282"},{"taxonomy":"product_tag","embeddable":true,"href":"https:\/\/yimamedical.com\/productos\/wp-json\/wp\/v2\/product_tag?post=6282"}],"curies":[{"name":"wp","href":"https:\/\/api.w.org\/{rel}","templated":true}]}}