{"id":6305,"date":"2025-07-21T19:57:17","date_gmt":"2025-07-21T19:57:17","guid":{"rendered":"https:\/\/yimamedical.com\/productos\/?post_type=product&#038;p=6305"},"modified":"2025-09-18T17:55:08","modified_gmt":"2025-09-18T17:55:08","slug":"placa-de-bloqueo-metafisaria-3-5","status":"publish","type":"product","link":"https:\/\/yimamedical.com\/productos\/product\/placa-de-bloqueo-metafisaria-3-5\/","title":{"rendered":"Placa de bloqueo metafisaria 3.5"},"content":{"rendered":"<p><img decoding=\"async\" src=\"https:\/\/es.doublemedicalgp.com\/js\/htmledit\/kindeditor\/attached\/20201215\/20201215132342_57020.png\" alt=\"\" \/><\/p>\n<p><strong><u>Caracteristicas:<\/u><\/strong><\/p>\n<ul>\n<li>La fijaci\u00f3n temporal se puede lograr a trav\u00e9s del orificio de la aguja gu\u00eda.<\/li>\n<li>El orificio alargado en el eje permite el ajuste longitudinal de la placa, antes de insertar y apretar tornillos adicionales.<\/li>\n<\/ul>\n<div><\/div>\n<p><u><\/u><strong><u>Indicaciones:<\/u><\/strong><\/p>\n<ul>\n<li>La fijaci\u00f3n de varios huesos, excluyendo el f\u00e9mur.<\/li>\n<\/ul>\n<p><strong><u>Empulgueras:<\/u><\/strong><\/p>\n<ul>\n<li>Tornillo de bloqueo de 3.5 mm<\/li>\n<li>Tornillo de cortical de 3.5 mm<\/li>\n<\/ul>\n<p><u><\/u><strong><u>Instrumentaci\u00f3n:<\/u><\/strong><\/p>\n<ul>\n<li>Peque\u00f1o juego de instrumentos de bloqueo<\/li>\n<\/ul>\n","protected":false},"excerpt":{"rendered":"<p>La placa de bloqueo metafisaria 3.5 est\u00e1 indicada para la fijaci\u00f3n de fracturas de varios huesos, excepto el f\u00e9mur.<\/p>\n","protected":false},"featured_media":6306,"comment_status":"open","ping_status":"closed","template":"","meta":[],"product_brand":[],"product_cat":[56],"product_tag":[106],"class_list":{"0":"post-6305","1":"product","2":"type-product","3":"status-publish","4":"has-post-thumbnail","6":"product_cat-ortopedia","7":"product_tag-placa","9":"first","10":"instock","11":"shipping-taxable","12":"product-type-simple"},"_links":{"self":[{"href":"https:\/\/yimamedical.com\/productos\/wp-json\/wp\/v2\/product\/6305","targetHints":{"allow":["GET"]}}],"collection":[{"href":"https:\/\/yimamedical.com\/productos\/wp-json\/wp\/v2\/product"}],"about":[{"href":"https:\/\/yimamedical.com\/productos\/wp-json\/wp\/v2\/types\/product"}],"replies":[{"embeddable":true,"href":"https:\/\/yimamedical.com\/productos\/wp-json\/wp\/v2\/comments?post=6305"}],"wp:featuredmedia":[{"embeddable":true,"href":"https:\/\/yimamedical.com\/productos\/wp-json\/wp\/v2\/media\/6306"}],"wp:attachment":[{"href":"https:\/\/yimamedical.com\/productos\/wp-json\/wp\/v2\/media?parent=6305"}],"wp:term":[{"taxonomy":"product_brand","embeddable":true,"href":"https:\/\/yimamedical.com\/productos\/wp-json\/wp\/v2\/product_brand?post=6305"},{"taxonomy":"product_cat","embeddable":true,"href":"https:\/\/yimamedical.com\/productos\/wp-json\/wp\/v2\/product_cat?post=6305"},{"taxonomy":"product_tag","embeddable":true,"href":"https:\/\/yimamedical.com\/productos\/wp-json\/wp\/v2\/product_tag?post=6305"}],"curies":[{"name":"wp","href":"https:\/\/api.w.org\/{rel}","templated":true}]}}