{"id":6313,"date":"2025-07-21T20:06:10","date_gmt":"2025-07-21T20:06:10","guid":{"rendered":"https:\/\/yimamedical.com\/productos\/?post_type=product&#038;p=6313"},"modified":"2025-09-18T17:50:51","modified_gmt":"2025-09-18T17:50:51","slug":"sistema-de-fijacion-de-tres-columnas-de-la-meseta-tibial-proximal","status":"publish","type":"product","link":"https:\/\/yimamedical.com\/productos\/product\/sistema-de-fijacion-de-tres-columnas-de-la-meseta-tibial-proximal\/","title":{"rendered":"Sistema de Fijaci\u00f3n de Tres Columnas &#8211; de la Meseta Tibial Proximal"},"content":{"rendered":"<p><strong><u><img decoding=\"async\" src=\"https:\/\/es.doublemedicalgp.com\/js\/htmledit\/kindeditor\/attached\/20200819\/20200819033127_61235.png\" alt=\"\" \/><br \/>\n<\/u><\/strong><\/p>\n<p><strong><u>caracteristicas:<\/u><\/strong><\/p>\n<ul>\n<li>Loc de la columna posterior anat\u00f3micamente contorneadaKing Plate crea una fijaci\u00f3n suficiente y definida para la meseta proximal posterior.<\/li>\n<li>Se dise\u00f1an cuatro orificios de sutura de la placa de bloqueo de la columna posteriord por conveniencia en colocaci\u00f3n temporal de la placa y reparaci\u00f3n del ligamento cruzado posterior (LCP) y la c\u00e1psula posterior de la articulaci\u00f3n de la rodilla si es necesario.<\/li>\n<\/ul>\n<p><strong><u>Indicaciones:<\/u><\/strong><\/p>\n<ul>\n<li>Fracturas conminutas de la meseta tibial proximal<\/li>\n<li>Fracturas por divisi\u00f3n y depresi\u00f3n de la meseta tibial lateral y medial<\/li>\n<li>Fracturas metafisarias de la meseta tibial medial<\/li>\n<li>Seudoartrosis y uni\u00f3n defectuosa de la tibia proximal medial y el eje de la tibia<\/li>\n<\/ul>\n<div><\/div>\n<p><strong><u>Tornillo:<\/u><\/strong><\/p>\n<ul>\n<li>Tornillo de bloqueo de 3.5mm<\/li>\n<li>Tornillo de cortical de 3.5mm<\/li>\n<\/ul>\n<p><strong><u>Instrumentaci\u00f3n:<\/u><\/strong><\/p>\n<ul>\n<li>Peque\u00f1o juego de instrumentos de bloqueo<\/li>\n<\/ul>\n","protected":false},"excerpt":{"rendered":"<div class=\"main\">El Sistema de Fijaci\u00f3n de Tres Columnas &#8211; de la Meseta Tibial Proximal se contiene con las placas bloqueadas de la columna posterior, lateral y medial anat\u00f3micamente que crea una fijaci\u00f3n suficiente y definida para la meseta proximal posterior.<\/div>\n<div class=\"pro-table clearfix\"><\/div>\n<div class=\"mobile_inquiry clearfix\"><\/div>\n","protected":false},"featured_media":6314,"comment_status":"open","ping_status":"closed","template":"","meta":[],"product_brand":[],"product_cat":[56],"product_tag":[106],"class_list":{"0":"post-6313","1":"product","2":"type-product","3":"status-publish","4":"has-post-thumbnail","6":"product_cat-ortopedia","7":"product_tag-placa","9":"first","10":"instock","11":"shipping-taxable","12":"product-type-simple"},"_links":{"self":[{"href":"https:\/\/yimamedical.com\/productos\/wp-json\/wp\/v2\/product\/6313","targetHints":{"allow":["GET"]}}],"collection":[{"href":"https:\/\/yimamedical.com\/productos\/wp-json\/wp\/v2\/product"}],"about":[{"href":"https:\/\/yimamedical.com\/productos\/wp-json\/wp\/v2\/types\/product"}],"replies":[{"embeddable":true,"href":"https:\/\/yimamedical.com\/productos\/wp-json\/wp\/v2\/comments?post=6313"}],"wp:featuredmedia":[{"embeddable":true,"href":"https:\/\/yimamedical.com\/productos\/wp-json\/wp\/v2\/media\/6314"}],"wp:attachment":[{"href":"https:\/\/yimamedical.com\/productos\/wp-json\/wp\/v2\/media?parent=6313"}],"wp:term":[{"taxonomy":"product_brand","embeddable":true,"href":"https:\/\/yimamedical.com\/productos\/wp-json\/wp\/v2\/product_brand?post=6313"},{"taxonomy":"product_cat","embeddable":true,"href":"https:\/\/yimamedical.com\/productos\/wp-json\/wp\/v2\/product_cat?post=6313"},{"taxonomy":"product_tag","embeddable":true,"href":"https:\/\/yimamedical.com\/productos\/wp-json\/wp\/v2\/product_tag?post=6313"}],"curies":[{"name":"wp","href":"https:\/\/api.w.org\/{rel}","templated":true}]}}