{"id":6320,"date":"2025-07-21T20:16:19","date_gmt":"2025-07-21T20:16:19","guid":{"rendered":"https:\/\/yimamedical.com\/productos\/?post_type=product&#038;p=6320"},"modified":"2025-09-18T17:46:36","modified_gmt":"2025-09-18T17:46:36","slug":"placa-bloqueada-tibial-proximal-lateral-%e2%85%b1","status":"publish","type":"product","link":"https:\/\/yimamedical.com\/productos\/product\/placa-bloqueada-tibial-proximal-lateral-%e2%85%b1\/","title":{"rendered":"Placa Bloqueada Tibial Proximal Lateral \u2161"},"content":{"rendered":"<p><img decoding=\"async\" src=\"https:\/\/es.doublemedicalgp.com\/js\/htmledit\/kindeditor\/attached\/20200819\/20200819032949_45946.png\" alt=\"\" \/><\/p>\n<p><strong><u>caracteristicas:<\/u><\/strong><\/p>\n<ul>\n<li>Dise\u00f1o de orificios de alambre gu\u00eda, conveniente en fijaci\u00f3n temporal y reparaci\u00f3n meniscal con suturas.<\/li>\n<li>Ayudas para agujeros alargados en posicionamiento de la placa.<\/li>\n<\/ul>\n<div><\/div>\n<p><strong><u>Indicaciones:<\/u><\/strong><br \/>\nTibia proximal<\/p>\n<ul>\n<li>Fracturas intra &#8211; articulares completas, incluidas\u00a0aquellos con fracturas coronales asociadas<\/li>\n<li>Extra &#8211; fracturas articulares<\/li>\n<li>Fracturas de di\u00e1fisis proximales<\/li>\n<\/ul>\n<p><strong><u>Tornillo:<\/u><\/strong><\/p>\n<ul>\n<li>Tornillo de bloqueo de 3.5mm<\/li>\n<li>Tornillo de cortical de 3.5mm<\/li>\n<li>Tornillo de esponjosa de 4.0mm<\/li>\n<\/ul>\n<p><strong><u>Instrumentaci\u00f3n:<\/u><\/strong><\/p>\n<ul>\n<li>Peque\u00f1o juego de instrumentos de bloqueo<\/li>\n<\/ul>\n","protected":false},"excerpt":{"rendered":"<p>La Placa Bloqueada Tibial Proximal Lateral \u2161 proporciona una soluci\u00f3n \u00f3ptima para las fracturas intraarticulares completas, incluyiendo las que tienen fracturas coronales asociadas.<\/p>\n","protected":false},"featured_media":6321,"comment_status":"open","ping_status":"closed","template":"","meta":[],"product_brand":[],"product_cat":[56],"product_tag":[106],"class_list":{"0":"post-6320","1":"product","2":"type-product","3":"status-publish","4":"has-post-thumbnail","6":"product_cat-ortopedia","7":"product_tag-placa","9":"first","10":"instock","11":"shipping-taxable","12":"product-type-simple"},"_links":{"self":[{"href":"https:\/\/yimamedical.com\/productos\/wp-json\/wp\/v2\/product\/6320","targetHints":{"allow":["GET"]}}],"collection":[{"href":"https:\/\/yimamedical.com\/productos\/wp-json\/wp\/v2\/product"}],"about":[{"href":"https:\/\/yimamedical.com\/productos\/wp-json\/wp\/v2\/types\/product"}],"replies":[{"embeddable":true,"href":"https:\/\/yimamedical.com\/productos\/wp-json\/wp\/v2\/comments?post=6320"}],"wp:featuredmedia":[{"embeddable":true,"href":"https:\/\/yimamedical.com\/productos\/wp-json\/wp\/v2\/media\/6321"}],"wp:attachment":[{"href":"https:\/\/yimamedical.com\/productos\/wp-json\/wp\/v2\/media?parent=6320"}],"wp:term":[{"taxonomy":"product_brand","embeddable":true,"href":"https:\/\/yimamedical.com\/productos\/wp-json\/wp\/v2\/product_brand?post=6320"},{"taxonomy":"product_cat","embeddable":true,"href":"https:\/\/yimamedical.com\/productos\/wp-json\/wp\/v2\/product_cat?post=6320"},{"taxonomy":"product_tag","embeddable":true,"href":"https:\/\/yimamedical.com\/productos\/wp-json\/wp\/v2\/product_tag?post=6320"}],"curies":[{"name":"wp","href":"https:\/\/api.w.org\/{rel}","templated":true}]}}