{"id":6324,"date":"2025-07-21T20:38:53","date_gmt":"2025-07-21T20:38:53","guid":{"rendered":"https:\/\/yimamedical.com\/productos\/?post_type=product&#038;p=6324"},"modified":"2025-09-18T17:45:19","modified_gmt":"2025-09-18T17:45:19","slug":"placa-bloqueada-en-t-tibial-proximal-medial-orif-dual","status":"publish","type":"product","link":"https:\/\/yimamedical.com\/productos\/product\/placa-bloqueada-en-t-tibial-proximal-medial-orif-dual\/","title":{"rendered":"Placa Bloqueada en T Tibial Proximal Medial, orif-dual"},"content":{"rendered":"<p><strong><u>caracteristicas:<\/u><\/strong><\/p>\n<ul>\n<li>Tornillos de hilera de balsa para soporte completo de meseta.<\/li>\n<li>Agujeros de gu\u00eda para la fijaci\u00f3n preliminar o reparaci\u00f3n de meniscos con suturas.<\/li>\n<li>El cruce espacial de los orificios de los tornillos garantiza un soporte suficiente y una sujeci\u00f3n s\u00f3lida.<\/li>\n<\/ul>\n<p><strong><u>Indicaciones:<\/u><\/strong><\/p>\n<ul>\n<li>Las fracturas metafisarias de la meseta tibial medial.<\/li>\n<li>Las fracturas tipo split &#8211; de la meseta tibial medial.<\/li>\n<li>Las fracturas del cuarto proximal (lateral y medial) de la tibia.<\/li>\n<li>Las fracturas segmentarias de la tibia proximal.<\/li>\n<\/ul>\n<p><strong><u>Tornillo:<\/u><\/strong><\/p>\n<ul>\n<li>Tornillo de bloqueo de 3.5mm<\/li>\n<li>Tornillo de cortical de 3.5mm<\/li>\n<li>Scew esponjoso de 4.0mm<\/li>\n<\/ul>\n<p><strong><u>Instrumentaci\u00f3n:<\/u><\/strong><\/p>\n<ul>\n<li>Peque\u00f1o juego de instrumentos de bloqueo<\/li>\n<\/ul>\n","protected":false},"excerpt":{"rendered":"<p>La Placa Bloqueada en T Tibial Proximal Medial\u00a0es un sistema con tornillos de hilera de balsa para soporte completo de la meseta para\u00a0curar\u00a0fracturas metafisarias de la meseta tibial medial y fracturas tipo split &#8211; de la meseta tibial medial.<\/p>\n","protected":false},"featured_media":6325,"comment_status":"open","ping_status":"closed","template":"","meta":[],"product_brand":[],"product_cat":[56],"product_tag":[106],"class_list":{"0":"post-6324","1":"product","2":"type-product","3":"status-publish","4":"has-post-thumbnail","6":"product_cat-ortopedia","7":"product_tag-placa","9":"first","10":"instock","11":"shipping-taxable","12":"product-type-simple"},"_links":{"self":[{"href":"https:\/\/yimamedical.com\/productos\/wp-json\/wp\/v2\/product\/6324","targetHints":{"allow":["GET"]}}],"collection":[{"href":"https:\/\/yimamedical.com\/productos\/wp-json\/wp\/v2\/product"}],"about":[{"href":"https:\/\/yimamedical.com\/productos\/wp-json\/wp\/v2\/types\/product"}],"replies":[{"embeddable":true,"href":"https:\/\/yimamedical.com\/productos\/wp-json\/wp\/v2\/comments?post=6324"}],"wp:featuredmedia":[{"embeddable":true,"href":"https:\/\/yimamedical.com\/productos\/wp-json\/wp\/v2\/media\/6325"}],"wp:attachment":[{"href":"https:\/\/yimamedical.com\/productos\/wp-json\/wp\/v2\/media?parent=6324"}],"wp:term":[{"taxonomy":"product_brand","embeddable":true,"href":"https:\/\/yimamedical.com\/productos\/wp-json\/wp\/v2\/product_brand?post=6324"},{"taxonomy":"product_cat","embeddable":true,"href":"https:\/\/yimamedical.com\/productos\/wp-json\/wp\/v2\/product_cat?post=6324"},{"taxonomy":"product_tag","embeddable":true,"href":"https:\/\/yimamedical.com\/productos\/wp-json\/wp\/v2\/product_tag?post=6324"}],"curies":[{"name":"wp","href":"https:\/\/api.w.org\/{rel}","templated":true}]}}