{"id":6335,"date":"2025-07-23T17:58:53","date_gmt":"2025-07-23T17:58:53","guid":{"rendered":"https:\/\/yimamedical.com\/productos\/?post_type=product&#038;p=6335"},"modified":"2025-09-18T17:39:09","modified_gmt":"2025-09-18T17:39:09","slug":"placa-bloqueada-tibial-proximal-lateral","status":"publish","type":"product","link":"https:\/\/yimamedical.com\/productos\/product\/placa-bloqueada-tibial-proximal-lateral\/","title":{"rendered":"Placa Bloqueada Tibial Proximal Lateral"},"content":{"rendered":"<p><img decoding=\"async\" src=\"https:\/\/es.doublemedicalgp.com\/js\/htmledit\/kindeditor\/attached\/20200819\/20200819112637_42015.jpg\" alt=\"\" \/><\/p>\n<p><strong><u>caracteristicas:<\/u><\/strong><\/p>\n<ul>\n<li>Tornillos de bloqueo de 4.0mm para una fijaci\u00f3n m\u00e1s fuerte.<\/li>\n<li>Alambre gu\u00eda para fijaci\u00f3n temporal y reparaci\u00f3n meniscal con suturas.<\/li>\n<\/ul>\n<p>&nbsp;<\/p>\n<p><strong><u>Indicaciones:<\/u><\/strong><\/p>\n<p>Tibia proximal<\/p>\n<ul>\n<li>Complete intra &#8211; fracturas articulares incluyendoaquellos con fracturas coronales asociadas<\/li>\n<li>Extra &#8211; fracturas articulares<\/li>\n<li>Fracturas de di\u00e1fisis proximales<\/li>\n<\/ul>\n<p><strong><u>Empulgueras:<\/u><\/strong><\/p>\n<ul>\n<li>Tornillo de bloqueo de 3.5mm<\/li>\n<li>Tornillo de bloqueo de 4.0mm<\/li>\n<li>Tornillo de cortical de 3.5mm<\/li>\n<\/ul>\n<p><strong><u>Instrumentaci\u00f3n:<\/u><\/strong><\/p>\n<ul>\n<li>Peque\u00f1o juego de instrumentos de bloqueo<\/li>\n<\/ul>\n","protected":false},"excerpt":{"rendered":"<p>La Placa Bloqueada Tibial Proximal Lateral\u00a0proporciona tornillos de dos hileras de la cabeza para un soporte completo de la meseta tibial y un dise\u00f1o combinado de orificios para una compresi\u00f3n y bloqueo conveniente.<\/p>\n","protected":false},"featured_media":6336,"comment_status":"open","ping_status":"closed","template":"","meta":[],"product_brand":[],"product_cat":[56],"product_tag":[106],"class_list":{"0":"post-6335","1":"product","2":"type-product","3":"status-publish","4":"has-post-thumbnail","6":"product_cat-ortopedia","7":"product_tag-placa","9":"first","10":"instock","11":"shipping-taxable","12":"product-type-simple"},"_links":{"self":[{"href":"https:\/\/yimamedical.com\/productos\/wp-json\/wp\/v2\/product\/6335","targetHints":{"allow":["GET"]}}],"collection":[{"href":"https:\/\/yimamedical.com\/productos\/wp-json\/wp\/v2\/product"}],"about":[{"href":"https:\/\/yimamedical.com\/productos\/wp-json\/wp\/v2\/types\/product"}],"replies":[{"embeddable":true,"href":"https:\/\/yimamedical.com\/productos\/wp-json\/wp\/v2\/comments?post=6335"}],"wp:featuredmedia":[{"embeddable":true,"href":"https:\/\/yimamedical.com\/productos\/wp-json\/wp\/v2\/media\/6336"}],"wp:attachment":[{"href":"https:\/\/yimamedical.com\/productos\/wp-json\/wp\/v2\/media?parent=6335"}],"wp:term":[{"taxonomy":"product_brand","embeddable":true,"href":"https:\/\/yimamedical.com\/productos\/wp-json\/wp\/v2\/product_brand?post=6335"},{"taxonomy":"product_cat","embeddable":true,"href":"https:\/\/yimamedical.com\/productos\/wp-json\/wp\/v2\/product_cat?post=6335"},{"taxonomy":"product_tag","embeddable":true,"href":"https:\/\/yimamedical.com\/productos\/wp-json\/wp\/v2\/product_tag?post=6335"}],"curies":[{"name":"wp","href":"https:\/\/api.w.org\/{rel}","templated":true}]}}