{"id":6340,"date":"2025-07-23T18:02:20","date_gmt":"2025-07-23T18:02:20","guid":{"rendered":"https:\/\/yimamedical.com\/productos\/?post_type=product&#038;p=6340"},"modified":"2025-09-18T17:36:04","modified_gmt":"2025-09-18T17:36:04","slug":"novel-placa-bloqueada-tibial-proximal-posterior","status":"publish","type":"product","link":"https:\/\/yimamedical.com\/productos\/product\/novel-placa-bloqueada-tibial-proximal-posterior\/","title":{"rendered":"NOVEL Placa Bloqueada Tibial Proximal Posterior"},"content":{"rendered":"<p><img decoding=\"async\" src=\"https:\/\/es.doublemedicalgp.com\/js\/htmledit\/kindeditor\/attached\/20200819\/20200819113544_93991.jpg\" alt=\"\" \/><\/p>\n<p><strong><u>caracteristicas:<\/u><\/strong><\/p>\n<ul>\n<li>Tornillos de la hilera de balsa para un soporte completo de la meseta.<\/li>\n<li>Dise\u00f1o especial de direcci\u00f3n de bloqueo para una f\u00e1cil inserci\u00f3n de tornillos.<\/li>\n<li>Agujeros de gu\u00eda para la fijaci\u00f3n preliminar o reparaci\u00f3n de meniscos con suturas.<\/li>\n<\/ul>\n<p>&nbsp;<\/p>\n<p><strong><u>Indicaciones:<\/u><\/strong><\/p>\n<ul>\n<li>Fractura tibial proximal posteromedial<\/li>\n<\/ul>\n<p><strong><u>Empulgueras:<\/u><\/strong><\/p>\n<ul>\n<li>Tornillo de bloqueo de 3.5mm<\/li>\n<li>Tornillo de bloqueo de 5,0mm<\/li>\n<li>Tornillo de cortical de 4.5mm<\/li>\n<\/ul>\n<p><strong><u>Instrumentaci\u00f3n:<\/u><\/strong><\/p>\n<ul>\n<li>Peque\u00f1o juego de instrumentos de bloqueo<\/li>\n<li>Juego de instrumentos de bloqueo grande<\/li>\n<\/ul>\n","protected":false},"excerpt":{"rendered":"<p>La NOVEL Placa Bloqueada Tibial Proximal Posterior\u00a0es una mejor opci\u00f3n para\u00a0fractura de tibia proximal posteromedial, contorneada anat\u00f3micamente para aproximarse a la tibia proximal posteromedial.<\/p>\n","protected":false},"featured_media":6341,"comment_status":"open","ping_status":"closed","template":"","meta":[],"product_brand":[],"product_cat":[56],"product_tag":[106],"class_list":{"0":"post-6340","1":"product","2":"type-product","3":"status-publish","4":"has-post-thumbnail","6":"product_cat-ortopedia","7":"product_tag-placa","9":"first","10":"instock","11":"shipping-taxable","12":"product-type-simple"},"_links":{"self":[{"href":"https:\/\/yimamedical.com\/productos\/wp-json\/wp\/v2\/product\/6340","targetHints":{"allow":["GET"]}}],"collection":[{"href":"https:\/\/yimamedical.com\/productos\/wp-json\/wp\/v2\/product"}],"about":[{"href":"https:\/\/yimamedical.com\/productos\/wp-json\/wp\/v2\/types\/product"}],"replies":[{"embeddable":true,"href":"https:\/\/yimamedical.com\/productos\/wp-json\/wp\/v2\/comments?post=6340"}],"wp:featuredmedia":[{"embeddable":true,"href":"https:\/\/yimamedical.com\/productos\/wp-json\/wp\/v2\/media\/6341"}],"wp:attachment":[{"href":"https:\/\/yimamedical.com\/productos\/wp-json\/wp\/v2\/media?parent=6340"}],"wp:term":[{"taxonomy":"product_brand","embeddable":true,"href":"https:\/\/yimamedical.com\/productos\/wp-json\/wp\/v2\/product_brand?post=6340"},{"taxonomy":"product_cat","embeddable":true,"href":"https:\/\/yimamedical.com\/productos\/wp-json\/wp\/v2\/product_cat?post=6340"},{"taxonomy":"product_tag","embeddable":true,"href":"https:\/\/yimamedical.com\/productos\/wp-json\/wp\/v2\/product_tag?post=6340"}],"curies":[{"name":"wp","href":"https:\/\/api.w.org\/{rel}","templated":true}]}}