{"id":6348,"date":"2025-07-23T18:07:28","date_gmt":"2025-07-23T18:07:28","guid":{"rendered":"https:\/\/yimamedical.com\/productos\/?post_type=product&#038;p=6348"},"modified":"2025-09-18T17:33:46","modified_gmt":"2025-09-18T17:33:46","slug":"placa-de-bloqueo-de-contrafuerte-de-cabeza-tibial-lateral-%e2%85%b0-orificio-doble","status":"publish","type":"product","link":"https:\/\/yimamedical.com\/productos\/product\/placa-de-bloqueo-de-contrafuerte-de-cabeza-tibial-lateral-%e2%85%b0-orificio-doble\/","title":{"rendered":"Placa de bloqueo de contrafuerte de cabeza tibial lateral \u2160, orificio doble"},"content":{"rendered":"<p><strong><u>Caracteristicas:<\/u><\/strong><\/p>\n<ul>\n<li>El mango de inserci\u00f3n m\u00ednimamente invasivo y el dispositivo direccional radiotransparente permiten controlar la vista con el intensificador de im\u00e1genes.<\/li>\n<li>La inserci\u00f3n percut\u00e1nea y submuscular de la placa no interrumpe el suministro de sangre cortical.<\/li>\n<li>La aguja de Kirschner se puede colocar a trav\u00e9s del perno de fijaci\u00f3n para la fijaci\u00f3n preliminar de la placa.<\/li>\n<\/ul>\n<p><strong><u>Indicaciones:<\/u><\/strong><br \/>\nTibia proximal<\/p>\n<ul>\n<li>Fracturas intraarticulares completas que incluyen\u00a0aquellos con fracturas coronales asociadas<\/li>\n<\/ul>\n<ul>\n<li>Fracturas extraarticulares<\/li>\n<li>Fracturas de di\u00e1fisis proximales<\/li>\n<\/ul>\n<p><strong><u>Empulgueras:<\/u><\/strong><\/p>\n<ul>\n<li>Tornillo de bloqueo de 5,0 mm<\/li>\n<li>Tornillo de cortical de 4,5 mm<\/li>\n<\/ul>\n<p><strong><u>Instrumentaci\u00f3n:<\/u><\/strong><\/p>\n<ul>\n<li>Instrumental de placa de bloqueo para tibia proximal<\/li>\n<\/ul>\n","protected":false},"excerpt":{"rendered":"<p>La placa de bloqueo del contrafuerte de la cabeza tibial lateral est\u00e1 dise\u00f1ada para el tratamiento de la fractura tibial lateral proximal.<\/p>\n","protected":false},"featured_media":6349,"comment_status":"open","ping_status":"closed","template":"","meta":[],"product_brand":[],"product_cat":[56],"product_tag":[106],"class_list":{"0":"post-6348","1":"product","2":"type-product","3":"status-publish","4":"has-post-thumbnail","6":"product_cat-ortopedia","7":"product_tag-placa","9":"first","10":"instock","11":"shipping-taxable","12":"product-type-simple"},"_links":{"self":[{"href":"https:\/\/yimamedical.com\/productos\/wp-json\/wp\/v2\/product\/6348","targetHints":{"allow":["GET"]}}],"collection":[{"href":"https:\/\/yimamedical.com\/productos\/wp-json\/wp\/v2\/product"}],"about":[{"href":"https:\/\/yimamedical.com\/productos\/wp-json\/wp\/v2\/types\/product"}],"replies":[{"embeddable":true,"href":"https:\/\/yimamedical.com\/productos\/wp-json\/wp\/v2\/comments?post=6348"}],"wp:featuredmedia":[{"embeddable":true,"href":"https:\/\/yimamedical.com\/productos\/wp-json\/wp\/v2\/media\/6349"}],"wp:attachment":[{"href":"https:\/\/yimamedical.com\/productos\/wp-json\/wp\/v2\/media?parent=6348"}],"wp:term":[{"taxonomy":"product_brand","embeddable":true,"href":"https:\/\/yimamedical.com\/productos\/wp-json\/wp\/v2\/product_brand?post=6348"},{"taxonomy":"product_cat","embeddable":true,"href":"https:\/\/yimamedical.com\/productos\/wp-json\/wp\/v2\/product_cat?post=6348"},{"taxonomy":"product_tag","embeddable":true,"href":"https:\/\/yimamedical.com\/productos\/wp-json\/wp\/v2\/product_tag?post=6348"}],"curies":[{"name":"wp","href":"https:\/\/api.w.org\/{rel}","templated":true}]}}