{"id":6363,"date":"2025-08-05T17:39:18","date_gmt":"2025-08-05T17:39:18","guid":{"rendered":"https:\/\/yimamedical.com\/productos\/?post_type=product&#038;p=6363"},"modified":"2025-09-18T17:28:19","modified_gmt":"2025-09-18T17:28:19","slug":"placa-bloqueada-femoral-distal-medial-sub-condilar","status":"publish","type":"product","link":"https:\/\/yimamedical.com\/productos\/product\/placa-bloqueada-femoral-distal-medial-sub-condilar\/","title":{"rendered":"Placa Bloqueada Femoral Distal Medial Sub-condilar"},"content":{"rendered":"<p><strong><u>caracteristicas:<\/u><\/strong><\/p>\n<ul>\n<li>El orificio de la aguja de Kirschner es conveniente para la fijaci\u00f3n temporal durante la operaci\u00f3n.<\/li>\n<li>Placa anat\u00f3mica pre &#8211; contorneada con excelente ajuste a los huesos.<\/li>\n<li>Dise\u00f1o de contacto limitado para proteger el suministro de sangre y el periostio.<\/li>\n<li>El dise\u00f1o de orificio combinado proporciona una fijaci\u00f3n opcional para los m\u00e9dicos.<\/li>\n<\/ul>\n<p class=\"15\"><strong><u>Indicaciones:<\/u><\/strong><\/p>\n<ul>\n<li>la fractura entre 8 &#8211; 15mm por encima de la superficie articular<\/li>\n<\/ul>\n<p class=\"15\"><strong><u>Empulgueras:<\/u><\/strong><\/p>\n<ul>\n<li>Tornillo de bloqueo de 5,0mm<\/li>\n<li>Tornillo de cortical de 4.5mm<\/li>\n<\/ul>\n<p class=\"15\"><strong><u>Instrumento:<\/u><\/strong><\/p>\n<ul>\n<li>Juego de instrumentos de bloqueo grande<\/li>\n<\/ul>\n","protected":false},"excerpt":{"rendered":"<p>La Placa Bloqueada Femoral Distal Medial Sub-condilar tiene un dise\u00f1o anat\u00f3mico para tratar la fractura entre 8 &#8211; 15mm por encima de la superficie articular.<\/p>\n","protected":false},"featured_media":6364,"comment_status":"open","ping_status":"closed","template":"","meta":[],"product_brand":[],"product_cat":[56],"product_tag":[106],"class_list":{"0":"post-6363","1":"product","2":"type-product","3":"status-publish","4":"has-post-thumbnail","6":"product_cat-ortopedia","7":"product_tag-placa","9":"first","10":"instock","11":"shipping-taxable","12":"product-type-simple"},"_links":{"self":[{"href":"https:\/\/yimamedical.com\/productos\/wp-json\/wp\/v2\/product\/6363","targetHints":{"allow":["GET"]}}],"collection":[{"href":"https:\/\/yimamedical.com\/productos\/wp-json\/wp\/v2\/product"}],"about":[{"href":"https:\/\/yimamedical.com\/productos\/wp-json\/wp\/v2\/types\/product"}],"replies":[{"embeddable":true,"href":"https:\/\/yimamedical.com\/productos\/wp-json\/wp\/v2\/comments?post=6363"}],"wp:featuredmedia":[{"embeddable":true,"href":"https:\/\/yimamedical.com\/productos\/wp-json\/wp\/v2\/media\/6364"}],"wp:attachment":[{"href":"https:\/\/yimamedical.com\/productos\/wp-json\/wp\/v2\/media?parent=6363"}],"wp:term":[{"taxonomy":"product_brand","embeddable":true,"href":"https:\/\/yimamedical.com\/productos\/wp-json\/wp\/v2\/product_brand?post=6363"},{"taxonomy":"product_cat","embeddable":true,"href":"https:\/\/yimamedical.com\/productos\/wp-json\/wp\/v2\/product_cat?post=6363"},{"taxonomy":"product_tag","embeddable":true,"href":"https:\/\/yimamedical.com\/productos\/wp-json\/wp\/v2\/product_tag?post=6363"}],"curies":[{"name":"wp","href":"https:\/\/api.w.org\/{rel}","templated":true}]}}