{"id":6368,"date":"2025-08-05T17:56:16","date_gmt":"2025-08-05T17:56:16","guid":{"rendered":"https:\/\/yimamedical.com\/productos\/?post_type=product&#038;p=6368"},"modified":"2025-09-18T17:26:08","modified_gmt":"2025-09-18T17:26:08","slug":"placa-bloqueada-femoral-distal-%e2%85%b1","status":"publish","type":"product","link":"https:\/\/yimamedical.com\/productos\/product\/placa-bloqueada-femoral-distal-%e2%85%b1\/","title":{"rendered":"Placa Bloqueada Femoral Distal \u2161"},"content":{"rendered":"<p><img decoding=\"async\" src=\"https:\/\/es.doublemedicalgp.com\/js\/htmledit\/kindeditor\/attached\/20200819\/20200819111742_43288.jpg\" alt=\"\" \/><\/p>\n<p><strong><u>caracteristicas:<\/u><\/strong><\/p>\n<ul>\n<li>El mango de inserci\u00f3n m\u00ednimamente invasivo y el dispositivo direccional radiotransparente permiten controlar la vista con el intensificador de im\u00e1genes.<\/li>\n<li>La forma anat\u00f3mica de la placa y la estructura bloqueada evitan el contorneado intraoperatorio.<\/li>\n<li>Los tornillos de bloqueo ofrecen estabilidad angular para una sujeci\u00f3n \u00f3ptima y una tensi\u00f3n reducida sobre el hueso.<\/li>\n<\/ul>\n<p>&nbsp;<\/p>\n<p><strong><u>Indicaciones:<\/u><\/strong><\/p>\n<p>F\u00e9mur distal<\/p>\n<ul>\n<li>Complete intra &#8211; fracturas articulares incluyendoaquellos con fracturas coronales asociadas<\/li>\n<li>Extra &#8211; fracturas diafisarias articulares o distales<\/li>\n<li>Fracturas periprot\u00e9sicas<\/li>\n<\/ul>\n<p>&nbsp;<\/p>\n<p><strong><u>Empulgueras:<\/u><\/strong><\/p>\n<ul>\n<li>Tornillo de bloqueo de 5,0mm<\/li>\n<li>Tornillo de cortical de 4.5mm<\/li>\n<\/ul>\n<p><strong><u>Instrumentaci\u00f3n:<\/u><\/strong><\/p>\n<ul>\n<li>Instrumental de placa de bloqueo femoral distal<\/li>\n<\/ul>\n","protected":false},"excerpt":{"rendered":"<p>Se recomienda la inserci\u00f3n m\u00ednimamente invasiva para la Placa Bloqueada Femoral Distal \u2161, el brazo de inserci\u00f3n m\u00ednimamente invasivo y el dispositivo de orientaci\u00f3n radiotransparente permiten la visualizaci\u00f3n de control con el intensificador de im\u00e1genes.<\/p>\n","protected":false},"featured_media":6369,"comment_status":"open","ping_status":"closed","template":"","meta":[],"product_brand":[],"product_cat":[56],"product_tag":[106],"class_list":{"0":"post-6368","1":"product","2":"type-product","3":"status-publish","4":"has-post-thumbnail","6":"product_cat-ortopedia","7":"product_tag-placa","9":"first","10":"instock","11":"shipping-taxable","12":"product-type-simple"},"_links":{"self":[{"href":"https:\/\/yimamedical.com\/productos\/wp-json\/wp\/v2\/product\/6368","targetHints":{"allow":["GET"]}}],"collection":[{"href":"https:\/\/yimamedical.com\/productos\/wp-json\/wp\/v2\/product"}],"about":[{"href":"https:\/\/yimamedical.com\/productos\/wp-json\/wp\/v2\/types\/product"}],"replies":[{"embeddable":true,"href":"https:\/\/yimamedical.com\/productos\/wp-json\/wp\/v2\/comments?post=6368"}],"wp:featuredmedia":[{"embeddable":true,"href":"https:\/\/yimamedical.com\/productos\/wp-json\/wp\/v2\/media\/6369"}],"wp:attachment":[{"href":"https:\/\/yimamedical.com\/productos\/wp-json\/wp\/v2\/media?parent=6368"}],"wp:term":[{"taxonomy":"product_brand","embeddable":true,"href":"https:\/\/yimamedical.com\/productos\/wp-json\/wp\/v2\/product_brand?post=6368"},{"taxonomy":"product_cat","embeddable":true,"href":"https:\/\/yimamedical.com\/productos\/wp-json\/wp\/v2\/product_cat?post=6368"},{"taxonomy":"product_tag","embeddable":true,"href":"https:\/\/yimamedical.com\/productos\/wp-json\/wp\/v2\/product_tag?post=6368"}],"curies":[{"name":"wp","href":"https:\/\/api.w.org\/{rel}","templated":true}]}}