{"id":6376,"date":"2025-08-05T18:01:38","date_gmt":"2025-08-05T18:01:38","guid":{"rendered":"https:\/\/yimamedical.com\/productos\/?post_type=product&#038;p=6376"},"modified":"2025-09-17T17:09:35","modified_gmt":"2025-09-17T17:09:35","slug":"sistema-de-placa-bloqueada-femoral-distal-c3","status":"publish","type":"product","link":"https:\/\/yimamedical.com\/productos\/product\/sistema-de-placa-bloqueada-femoral-distal-c3\/","title":{"rendered":"Sistema de Placa Bloqueada Femoral Distal C3"},"content":{"rendered":"<p><strong><u><img decoding=\"async\" src=\"https:\/\/es.doublemedicalgp.com\/js\/htmledit\/kindeditor\/attached\/20200927\/20200927143621_74903.jpg\" alt=\"\" \/><br \/>\n<\/u><\/strong><\/p>\n<p><strong><u>caracteristicas:<\/u><\/strong><\/p>\n<ul>\n<li>Construido &#8211; en la formaci\u00f3n de la f\u00e9rula: Es bueno para la disecci\u00f3n de fragmentos \u00f3seos y el efecto de compresi\u00f3n de la f\u00e9rula, lo que evita la translocaci\u00f3n del fragmento \u00f3seo.<\/li>\n<li>El fortalecimiento del soporte del hueso medial hace que el c\u00f3ndilo femoral sea estable.<\/li>\n<li>El refuerzo biomec\u00e1nico de la fijaci\u00f3n de placa doble es mejor que la placa \u00fanica. que es beneficioso para los pacientes para el ejercicio funcional temprano.<\/li>\n<\/ul>\n<p><strong><u>Indicaciones:<\/u><\/strong><\/p>\n<ul>\n<li>Fractura distal de f\u00e9mur<\/li>\n<\/ul>\n<div><\/div>\n<p><strong><u>Empulgueras:<\/u><\/strong><\/p>\n<ul>\n<li>Tornillo de bloqueo de 5,0mm<\/li>\n<li>Tornillo de bloqueo de 4.5mm<\/li>\n<\/ul>\n<p><strong><u>Instrumento:<\/u><\/strong><\/p>\n<ul>\n<li>Juego de instrumentos de bloqueo grande<\/li>\n<\/ul>\n","protected":false},"excerpt":{"rendered":"<p>El Sistema de Placa Bloqueada Femoral Distal C3 est\u00e1 desarrollado para reparar las fracturas m\u00faltiples de f\u00e9mur distal, pseudoartrosis o consolidaci\u00f3n defectuosa.<\/p>\n","protected":false},"featured_media":6377,"comment_status":"open","ping_status":"closed","template":"","meta":[],"product_brand":[],"product_cat":[56],"product_tag":[106],"class_list":{"0":"post-6376","1":"product","2":"type-product","3":"status-publish","4":"has-post-thumbnail","6":"product_cat-ortopedia","7":"product_tag-placa","9":"first","10":"instock","11":"shipping-taxable","12":"product-type-simple"},"_links":{"self":[{"href":"https:\/\/yimamedical.com\/productos\/wp-json\/wp\/v2\/product\/6376","targetHints":{"allow":["GET"]}}],"collection":[{"href":"https:\/\/yimamedical.com\/productos\/wp-json\/wp\/v2\/product"}],"about":[{"href":"https:\/\/yimamedical.com\/productos\/wp-json\/wp\/v2\/types\/product"}],"replies":[{"embeddable":true,"href":"https:\/\/yimamedical.com\/productos\/wp-json\/wp\/v2\/comments?post=6376"}],"wp:featuredmedia":[{"embeddable":true,"href":"https:\/\/yimamedical.com\/productos\/wp-json\/wp\/v2\/media\/6377"}],"wp:attachment":[{"href":"https:\/\/yimamedical.com\/productos\/wp-json\/wp\/v2\/media?parent=6376"}],"wp:term":[{"taxonomy":"product_brand","embeddable":true,"href":"https:\/\/yimamedical.com\/productos\/wp-json\/wp\/v2\/product_brand?post=6376"},{"taxonomy":"product_cat","embeddable":true,"href":"https:\/\/yimamedical.com\/productos\/wp-json\/wp\/v2\/product_cat?post=6376"},{"taxonomy":"product_tag","embeddable":true,"href":"https:\/\/yimamedical.com\/productos\/wp-json\/wp\/v2\/product_tag?post=6376"}],"curies":[{"name":"wp","href":"https:\/\/api.w.org\/{rel}","templated":true}]}}