{"id":6384,"date":"2025-08-05T18:06:28","date_gmt":"2025-08-05T18:06:28","guid":{"rendered":"https:\/\/yimamedical.com\/productos\/?post_type=product&#038;p=6384"},"modified":"2025-09-17T17:06:23","modified_gmt":"2025-09-17T17:06:23","slug":"placa-bloqueada-femoral-distal-lateral-condilar","status":"publish","type":"product","link":"https:\/\/yimamedical.com\/productos\/product\/placa-bloqueada-femoral-distal-lateral-condilar\/","title":{"rendered":"Placa Bloqueada Femoral Distal Lateral Condilar"},"content":{"rendered":"<p><strong><u>caracteristicas:<\/u><\/strong><\/p>\n<ul>\n<li>La punta de la placa c\u00f3nica facilita la inserci\u00f3n percut\u00e1nea<\/li>\n<li>Placa anat\u00f3mica pre &#8211; contorneada con excelente ajuste al hueso<\/li>\n<li>El orificio de la aguja de Kirschner es conveniente para la fijaci\u00f3n temporal durante la operaci\u00f3n<\/li>\n<\/ul>\n<p class=\"\"><strong><u>Indicaciones:<\/u><\/strong><\/p>\n<ul>\n<li>Fractura condilar femoral lateral distal<\/li>\n<\/ul>\n<p class=\"\"><strong><u>Empulgueras:<\/u><\/strong><\/p>\n<ul>\n<li>Tornillo de bloqueo de 5,0mm<\/li>\n<\/ul>\n<p class=\"\"><strong><u>Instrumento:<\/u><\/strong><\/p>\n<ul>\n<li>Juego de instrumentos de bloqueo grande<\/li>\n<\/ul>\n","protected":false},"excerpt":{"rendered":"<div class=\"main\">La Placa Bloqueada Femoral Distal Lateral Condilar es un tratamiento \u00f3ptimo para la fractura del c\u00f3ndilo femoral con dise\u00f1o anat\u00f3mico.<\/div>\n<div class=\"pro-table clearfix\"><\/div>\n<div class=\"mobile_inquiry clearfix\"><\/div>\n","protected":false},"featured_media":6385,"comment_status":"open","ping_status":"closed","template":"","meta":[],"product_brand":[],"product_cat":[56],"product_tag":[106],"class_list":{"0":"post-6384","1":"product","2":"type-product","3":"status-publish","4":"has-post-thumbnail","6":"product_cat-ortopedia","7":"product_tag-placa","9":"first","10":"instock","11":"shipping-taxable","12":"product-type-simple"},"_links":{"self":[{"href":"https:\/\/yimamedical.com\/productos\/wp-json\/wp\/v2\/product\/6384","targetHints":{"allow":["GET"]}}],"collection":[{"href":"https:\/\/yimamedical.com\/productos\/wp-json\/wp\/v2\/product"}],"about":[{"href":"https:\/\/yimamedical.com\/productos\/wp-json\/wp\/v2\/types\/product"}],"replies":[{"embeddable":true,"href":"https:\/\/yimamedical.com\/productos\/wp-json\/wp\/v2\/comments?post=6384"}],"wp:featuredmedia":[{"embeddable":true,"href":"https:\/\/yimamedical.com\/productos\/wp-json\/wp\/v2\/media\/6385"}],"wp:attachment":[{"href":"https:\/\/yimamedical.com\/productos\/wp-json\/wp\/v2\/media?parent=6384"}],"wp:term":[{"taxonomy":"product_brand","embeddable":true,"href":"https:\/\/yimamedical.com\/productos\/wp-json\/wp\/v2\/product_brand?post=6384"},{"taxonomy":"product_cat","embeddable":true,"href":"https:\/\/yimamedical.com\/productos\/wp-json\/wp\/v2\/product_cat?post=6384"},{"taxonomy":"product_tag","embeddable":true,"href":"https:\/\/yimamedical.com\/productos\/wp-json\/wp\/v2\/product_tag?post=6384"}],"curies":[{"name":"wp","href":"https:\/\/api.w.org\/{rel}","templated":true}]}}