{"id":6401,"date":"2025-08-05T18:25:45","date_gmt":"2025-08-05T18:25:45","guid":{"rendered":"https:\/\/yimamedical.com\/productos\/?post_type=product&#038;p=6401"},"modified":"2025-09-17T16:57:23","modified_gmt":"2025-09-17T16:57:23","slug":"placa-bloqueada-de-cable-con-gancho","status":"publish","type":"product","link":"https:\/\/yimamedical.com\/productos\/product\/placa-bloqueada-de-cable-con-gancho\/","title":{"rendered":"Placa Bloqueada de Cable con Gancho"},"content":{"rendered":"<p><img decoding=\"async\" src=\"https:\/\/es.doublemedicalgp.com\/js\/htmledit\/kindeditor\/attached\/20200819\/20200819103140_89079.jpg\" alt=\"\" \/><\/p>\n<p><strong><u>caracteristicas:<\/u><\/strong><\/p>\n<ul>\n<li>Dise\u00f1o anat\u00f3mico pre &#8211; contorneado con perfecto arco anterior &#8211; posterior en Placa de bloqueo de agarre de cable para adaptarse al eje del f\u00e9mur.<\/li>\n<li>Bordes lisos altamente pulidos y extremo c\u00f3nico distal para minimizar la irritaci\u00f3n de los tejidos blandos.<\/li>\n<li>Los orificios de bloqueo sin l\u00ednea &#8211; est\u00e1n dise\u00f1ados para una alta resistencia estructural del hueso despu\u00e9s de retirar la placa y los tornillos.<\/li>\n<\/ul>\n<p>&nbsp;<\/p>\n<p><strong><u>Indicaciones:<\/u><\/strong><\/p>\n<ul>\n<li>Osteotom\u00eda trocant\u00e9rea<\/li>\n<li>Osteotom\u00eda trocant\u00e9rea extendida<\/li>\n<li>Fractura trocant\u00e9rea<\/li>\n<li>Fracturas periprot\u00e9sicas de huesos largos<\/li>\n<\/ul>\n<p><strong><u>Empulgueras:<\/u><\/strong><\/p>\n<ul>\n<li>Tornillo de bloqueo de 5,0mm<\/li>\n<li>Espaciador de bloqueo de 5,0mm<\/li>\n<li>Espaciador de cable de 5.0mm<\/li>\n<li>Cierre de cable<\/li>\n<\/ul>\n<p><strong><u>Instrumentaci\u00f3n:<\/u><\/strong><\/p>\n<ul>\n<li>Juego de instrumentos con sistema de cable<\/li>\n<\/ul>\n","protected":false},"excerpt":{"rendered":"<p>La Placa Bloqueada de Cable con Gancho proporciona estabilidad de rotaci\u00f3n para el gran troc\u00e1nter con el gancho proximal grande.<\/p>\n","protected":false},"featured_media":6402,"comment_status":"open","ping_status":"closed","template":"","meta":[],"product_brand":[],"product_cat":[56],"product_tag":[106],"class_list":{"0":"post-6401","1":"product","2":"type-product","3":"status-publish","4":"has-post-thumbnail","6":"product_cat-ortopedia","7":"product_tag-placa","9":"first","10":"instock","11":"shipping-taxable","12":"product-type-simple"},"_links":{"self":[{"href":"https:\/\/yimamedical.com\/productos\/wp-json\/wp\/v2\/product\/6401","targetHints":{"allow":["GET"]}}],"collection":[{"href":"https:\/\/yimamedical.com\/productos\/wp-json\/wp\/v2\/product"}],"about":[{"href":"https:\/\/yimamedical.com\/productos\/wp-json\/wp\/v2\/types\/product"}],"replies":[{"embeddable":true,"href":"https:\/\/yimamedical.com\/productos\/wp-json\/wp\/v2\/comments?post=6401"}],"wp:featuredmedia":[{"embeddable":true,"href":"https:\/\/yimamedical.com\/productos\/wp-json\/wp\/v2\/media\/6402"}],"wp:attachment":[{"href":"https:\/\/yimamedical.com\/productos\/wp-json\/wp\/v2\/media?parent=6401"}],"wp:term":[{"taxonomy":"product_brand","embeddable":true,"href":"https:\/\/yimamedical.com\/productos\/wp-json\/wp\/v2\/product_brand?post=6401"},{"taxonomy":"product_cat","embeddable":true,"href":"https:\/\/yimamedical.com\/productos\/wp-json\/wp\/v2\/product_cat?post=6401"},{"taxonomy":"product_tag","embeddable":true,"href":"https:\/\/yimamedical.com\/productos\/wp-json\/wp\/v2\/product_tag?post=6401"}],"curies":[{"name":"wp","href":"https:\/\/api.w.org\/{rel}","templated":true}]}}