{"id":6406,"date":"2025-08-05T18:29:16","date_gmt":"2025-08-05T18:29:16","guid":{"rendered":"https:\/\/yimamedical.com\/productos\/?post_type=product&#038;p=6406"},"modified":"2025-09-17T16:56:31","modified_gmt":"2025-09-17T16:56:31","slug":"placa-bloqueada-femoral-proximal-%e2%85%b2","status":"publish","type":"product","link":"https:\/\/yimamedical.com\/productos\/product\/placa-bloqueada-femoral-proximal-%e2%85%b2\/","title":{"rendered":"Placa Bloqueada Femoral Proximal \u2162"},"content":{"rendered":"<p><img decoding=\"async\" src=\"https:\/\/es.doublemedicalgp.com\/js\/htmledit\/kindeditor\/attached\/20200819\/20200819104235_27530.jpg\" alt=\"\" \/><\/p>\n<p><strong><u>caracteristicas:<\/u><\/strong><\/p>\n<ul>\n<li>Placa de bloqueo precontorneada anat\u00f3micamente para adaptarse al lado lateral del troc\u00e1nter mayor.<\/li>\n<li>Dispositivo direccional radiotransparente disponible para la fijaci\u00f3n percut\u00e1nea de fracturas.<\/li>\n<\/ul>\n<p>&nbsp;<\/p>\n<p><strong><u>Indicaciones:<\/u><\/strong><\/p>\n<ul>\n<li>Fracturas de la regi\u00f3n trocant\u00e9rea<\/li>\n<li>Fracturas proximales de f\u00e9mur con fracturas diafisarias ipsolaterales<\/li>\n<li>Fracturas metast\u00e1sicas de f\u00e9mur proximal<\/li>\n<li>Osteotom\u00edas de f\u00e9mur proximal<\/li>\n<li>Fracturas en hueso osteop\u00e9nico<\/li>\n<li>Seudoartrosis y mala uni\u00f3n<\/li>\n<li>Basi \/ fracturas transcervicales del cuello femoral<\/li>\n<li>Fracturas subcapitales del cuello femoral<\/li>\n<li>Fracturas subtrocant\u00e9reas de f\u00e9mur<\/li>\n<\/ul>\n<p><strong><u>Empulgueras:<\/u><\/strong><\/p>\n<ul>\n<li>Tornillo de bloqueo de 5,0mm<\/li>\n<li>Tornillo de bloqueo canulado de 6.5mm<\/li>\n<\/ul>\n<p>&nbsp;<\/p>\n<p><strong><u>Instrumentaci\u00f3n:<\/u><\/strong><\/p>\n<ul>\n<li>Placa de bloqueo femoral proximal, instrumental de placa Liss<\/li>\n<\/ul>\n","protected":false},"excerpt":{"rendered":"<p>La Placa Bloqueada Femoral Proximal \u2162 puede ofrecer una distracci\u00f3n \u00f3ptima de la tensi\u00f3n para evitar el colapso de la cabeza femoral a trav\u00e9s de una fijaci\u00f3n plana m\u00faltiple &#8211; con una amplia cobertura en la cabeza proximal.<\/p>\n","protected":false},"featured_media":6407,"comment_status":"open","ping_status":"closed","template":"","meta":[],"product_brand":[],"product_cat":[56],"product_tag":[106],"class_list":{"0":"post-6406","1":"product","2":"type-product","3":"status-publish","4":"has-post-thumbnail","6":"product_cat-ortopedia","7":"product_tag-placa","9":"first","10":"instock","11":"shipping-taxable","12":"product-type-simple"},"_links":{"self":[{"href":"https:\/\/yimamedical.com\/productos\/wp-json\/wp\/v2\/product\/6406","targetHints":{"allow":["GET"]}}],"collection":[{"href":"https:\/\/yimamedical.com\/productos\/wp-json\/wp\/v2\/product"}],"about":[{"href":"https:\/\/yimamedical.com\/productos\/wp-json\/wp\/v2\/types\/product"}],"replies":[{"embeddable":true,"href":"https:\/\/yimamedical.com\/productos\/wp-json\/wp\/v2\/comments?post=6406"}],"wp:featuredmedia":[{"embeddable":true,"href":"https:\/\/yimamedical.com\/productos\/wp-json\/wp\/v2\/media\/6407"}],"wp:attachment":[{"href":"https:\/\/yimamedical.com\/productos\/wp-json\/wp\/v2\/media?parent=6406"}],"wp:term":[{"taxonomy":"product_brand","embeddable":true,"href":"https:\/\/yimamedical.com\/productos\/wp-json\/wp\/v2\/product_brand?post=6406"},{"taxonomy":"product_cat","embeddable":true,"href":"https:\/\/yimamedical.com\/productos\/wp-json\/wp\/v2\/product_cat?post=6406"},{"taxonomy":"product_tag","embeddable":true,"href":"https:\/\/yimamedical.com\/productos\/wp-json\/wp\/v2\/product_tag?post=6406"}],"curies":[{"name":"wp","href":"https:\/\/api.w.org\/{rel}","templated":true}]}}