{"id":6424,"date":"2025-08-05T18:39:47","date_gmt":"2025-08-05T18:39:47","guid":{"rendered":"https:\/\/yimamedical.com\/productos\/?post_type=product&#038;p=6424"},"modified":"2025-09-17T16:51:38","modified_gmt":"2025-09-17T16:51:38","slug":"sistema-dinamico-de-tornillos-de-cadera","status":"publish","type":"product","link":"https:\/\/yimamedical.com\/productos\/product\/sistema-dinamico-de-tornillos-de-cadera\/","title":{"rendered":"Sistema Din\u00e1mico de Tornillos de Cadera"},"content":{"rendered":"<p><img decoding=\"async\" src=\"https:\/\/es.doublemedicalgp.com\/js\/htmledit\/kindeditor\/attached\/20200927\/20200927152331_12094.jpg\" alt=\"\" \/><\/p>\n<p><strong><u>caracteristicas:<\/u><\/strong><\/p>\n<ul>\n<li>Los orificios roscados proximales se adaptan a tornillos de bloqueo de 3.5mm para fijar fragmentos de fractura trocant\u00e9rea mayor.<\/li>\n<li>Los brazos de la placa se pueden cortar o doblar f\u00e1cilmente para un ajuste anat\u00f3mico.<\/li>\n<li>La extensi\u00f3n de la cabeza asegura la correcta colocaci\u00f3n lateral de los fragmentos de fractura del trocant\u00e9reo mayor.<\/li>\n<li>La ranura proximal aloja un tornillo anti-rotaci\u00f3n de esponjoso paralelo de 6.5mm.<\/li>\n<li>La ranura distal acomoda el Bg Lag Srew o la hoja en espiral.<\/li>\n<\/ul>\n<p><strong><u>Indicaciones:<\/u><\/strong><\/p>\n<ul>\n<li>Fracturas intertrocant\u00e9reas del f\u00e9mur proximal<\/li>\n<li>Fracturas pertrocant\u00e9reas de f\u00e9mur proximal<\/li>\n<li>Fracturas del cuello femoral<\/li>\n<li>Fracturas subtrocant\u00e9reas del f\u00e9mur proximal<\/li>\n<\/ul>\n<p><strong><u>Empulgueras:<\/u><\/strong><\/p>\n<ul>\n<li>Tornillo de retraso grande<\/li>\n<li>Hoja espiral<\/li>\n<li>Tornillo de esponjosa de 6.5mm<\/li>\n<li>Tornillo de bloqueo de 5,0mm<\/li>\n<li>Tornillo de cortical de 4.5mm<\/li>\n<\/ul>\n<p><strong><u>Instrumentaci\u00f3n:<\/u><\/strong><\/p>\n<ul>\n<li>DHS \/ Juego de instrumentos DCS<\/li>\n<li>DHSA \/ DCSA Juego de instrumentos de hoja en espiral<\/li>\n<\/ul>\n","protected":false},"excerpt":{"rendered":"<p>El Sistema Din\u00e1mico de Tornillos de Cadera est\u00e1 dise\u00f1ado para el tratamiento de la fractura trocant\u00e9rea femoral.<\/p>\n","protected":false},"featured_media":6425,"comment_status":"open","ping_status":"closed","template":"","meta":[],"product_brand":[],"product_cat":[56],"product_tag":[106],"class_list":{"0":"post-6424","1":"product","2":"type-product","3":"status-publish","4":"has-post-thumbnail","6":"product_cat-ortopedia","7":"product_tag-placa","9":"first","10":"instock","11":"shipping-taxable","12":"product-type-simple"},"_links":{"self":[{"href":"https:\/\/yimamedical.com\/productos\/wp-json\/wp\/v2\/product\/6424","targetHints":{"allow":["GET"]}}],"collection":[{"href":"https:\/\/yimamedical.com\/productos\/wp-json\/wp\/v2\/product"}],"about":[{"href":"https:\/\/yimamedical.com\/productos\/wp-json\/wp\/v2\/types\/product"}],"replies":[{"embeddable":true,"href":"https:\/\/yimamedical.com\/productos\/wp-json\/wp\/v2\/comments?post=6424"}],"wp:featuredmedia":[{"embeddable":true,"href":"https:\/\/yimamedical.com\/productos\/wp-json\/wp\/v2\/media\/6425"}],"wp:attachment":[{"href":"https:\/\/yimamedical.com\/productos\/wp-json\/wp\/v2\/media?parent=6424"}],"wp:term":[{"taxonomy":"product_brand","embeddable":true,"href":"https:\/\/yimamedical.com\/productos\/wp-json\/wp\/v2\/product_brand?post=6424"},{"taxonomy":"product_cat","embeddable":true,"href":"https:\/\/yimamedical.com\/productos\/wp-json\/wp\/v2\/product_cat?post=6424"},{"taxonomy":"product_tag","embeddable":true,"href":"https:\/\/yimamedical.com\/productos\/wp-json\/wp\/v2\/product_tag?post=6424"}],"curies":[{"name":"wp","href":"https:\/\/api.w.org\/{rel}","templated":true}]}}