{"id":6429,"date":"2025-08-05T18:41:25","date_gmt":"2025-08-05T18:41:25","guid":{"rendered":"https:\/\/yimamedical.com\/productos\/?post_type=product&#038;p=6429"},"modified":"2025-09-12T20:45:41","modified_gmt":"2025-09-12T20:45:41","slug":"placa-de-bloqueo-femoral-proximal","status":"publish","type":"product","link":"https:\/\/yimamedical.com\/productos\/product\/placa-de-bloqueo-femoral-proximal\/","title":{"rendered":"Placa de bloqueo femoral proximal"},"content":{"rendered":"<p><strong><u>Caracteristicas:<\/u><\/strong><\/p>\n<ul>\n<li>La fijaci\u00f3n temporal se puede lograr sin esfuerzo a trav\u00e9s del orificio de la aguja de Kirschner.<\/li>\n<li>Punta de placa de punta de bala para facilitar la inserci\u00f3n de la placa.<\/li>\n<li>La placa precontorneada anat\u00f3micamente se adapta a la forma compleja de la parte proximal del f\u00e9mur.<\/li>\n<\/ul>\n<p><strong><u>Indicaci\u00f3n:<\/u><\/strong><\/p>\n<ul>\n<li>Fracturas proximales de f\u00e9mur<\/li>\n<\/ul>\n<p>&nbsp;<\/p>\n<p><u><strong>Empulgueras:<\/strong><\/u><\/p>\n<ul>\n<li>Tornillo de cortical de 4,5 mm<\/li>\n<li>Tornillo de bloqueo de 5,0 mm<\/li>\n<li>Tornillo de esponjosa de 6,5 mm<\/li>\n<li>Tornillo sin bloqueo de 7,3 mm<\/li>\n<li>Tornillo de bloqueo de 7,3 mm<\/li>\n<\/ul>\n<p><strong><u>Juego de instrumentos:<\/u><\/strong><\/p>\n<ul>\n<li>Juego de instrumentos de bloqueo femoral proximal<\/li>\n<\/ul>\n","protected":false},"excerpt":{"rendered":"<p>La placa de bloqueo femoral proximal con dise\u00f1o anat\u00f3mico proporciona una soluci\u00f3n cl\u00ednica para la fractura femoral proximal.<\/p>\n","protected":false},"featured_media":6430,"comment_status":"open","ping_status":"closed","template":"","meta":[],"product_brand":[],"product_cat":[56],"product_tag":[106],"class_list":{"0":"post-6429","1":"product","2":"type-product","3":"status-publish","4":"has-post-thumbnail","6":"product_cat-ortopedia","7":"product_tag-placa","9":"first","10":"instock","11":"shipping-taxable","12":"product-type-simple"},"_links":{"self":[{"href":"https:\/\/yimamedical.com\/productos\/wp-json\/wp\/v2\/product\/6429","targetHints":{"allow":["GET"]}}],"collection":[{"href":"https:\/\/yimamedical.com\/productos\/wp-json\/wp\/v2\/product"}],"about":[{"href":"https:\/\/yimamedical.com\/productos\/wp-json\/wp\/v2\/types\/product"}],"replies":[{"embeddable":true,"href":"https:\/\/yimamedical.com\/productos\/wp-json\/wp\/v2\/comments?post=6429"}],"wp:featuredmedia":[{"embeddable":true,"href":"https:\/\/yimamedical.com\/productos\/wp-json\/wp\/v2\/media\/6430"}],"wp:attachment":[{"href":"https:\/\/yimamedical.com\/productos\/wp-json\/wp\/v2\/media?parent=6429"}],"wp:term":[{"taxonomy":"product_brand","embeddable":true,"href":"https:\/\/yimamedical.com\/productos\/wp-json\/wp\/v2\/product_brand?post=6429"},{"taxonomy":"product_cat","embeddable":true,"href":"https:\/\/yimamedical.com\/productos\/wp-json\/wp\/v2\/product_cat?post=6429"},{"taxonomy":"product_tag","embeddable":true,"href":"https:\/\/yimamedical.com\/productos\/wp-json\/wp\/v2\/product_tag?post=6429"}],"curies":[{"name":"wp","href":"https:\/\/api.w.org\/{rel}","templated":true}]}}