{"id":6436,"date":"2025-08-05T18:50:05","date_gmt":"2025-08-05T18:50:05","guid":{"rendered":"https:\/\/yimamedical.com\/productos\/?post_type=product&#038;p=6436"},"modified":"2025-09-12T19:53:53","modified_gmt":"2025-09-12T19:53:53","slug":"placa-en-u-del-trocanter-mayor","status":"publish","type":"product","link":"https:\/\/yimamedical.com\/productos\/product\/placa-en-u-del-trocanter-mayor\/","title":{"rendered":"Placa en U del troc\u00e1nter mayor"},"content":{"rendered":"<p><strong><u><img decoding=\"async\" title=\"Greater Trochanter n Plate\" src=\"https:\/\/es.doublemedicalgp.com\/js\/htmledit\/kindeditor\/attached\/20210205\/20210205113016_58035.jpg\" alt=\"Greater Trochanter n Plate\" width=\"\" height=\"\" align=\"\" \/><br \/>\n<\/u><\/strong><\/p>\n<p><strong><u>Caracter\u00edsticas:<\/u><\/strong><\/p>\n<ul>\n<li>Dise\u00f1o anat\u00f3mico, de acuerdo con la corteza lateral del troc\u00e1nter mayor<\/li>\n<li>Dise\u00f1o en forma de U, para evitar eficazmente la hoja espiral<\/li>\n<li>Dise\u00f1o de reconocimiento distal, para facilitar el contorno<\/li>\n<li>Dise\u00f1o de orificio de aguja de Kirschner, para fijaci\u00f3n temporal<\/li>\n<li>Dise\u00f1o de orificios de sutura, para reparaci\u00f3n y reconstrucci\u00f3n de tendones y ligamentos<\/li>\n<li>\u00daselo en cooperaci\u00f3n con el clavo intramedular para resolver los problemas de la cortical lateral del troc\u00e1nter mayor<\/li>\n<\/ul>\n<p><strong><u>Indicaciones:<\/u><\/strong><\/p>\n<ul>\n<li>Las fracturas intertrocant\u00e9reas se combinan con las fracturas conminutas de la cortical lateral y el desplazamiento de las fracturas intertrocant\u00e9reas<\/li>\n<li>Las fracturas intertrocant\u00e9reas se combinan con fracturas conminutas de la cortical lateral y fracturas de la cortical posterior<\/li>\n<li>Fracturas trocant\u00e9reas inversas, fracturas subtrocant\u00e9reas<\/li>\n<li>Las fracturas conminutas de la corteza lateral se combinan con las fracturas de la corteza posterior<\/li>\n<li>La columna medial (troc\u00e1nter menor) est\u00e1 separada, fracturas conminutas graves<\/li>\n<\/ul>\n<p><strong><u>Empulgueras:<\/u><\/strong><\/p>\n<ul>\n<li>Tornillo de cortical GPT de 4,5 mm (SW2.5)<\/li>\n<\/ul>\n<p><strong><u>Instrumento:<\/u><\/strong><\/p>\n<ul>\n<li>Gran juego de instrumentos de bloqueo<\/li>\n<\/ul>\n","protected":false},"excerpt":{"rendered":"<p>La placa en U del troc\u00e1nter mayor est\u00e1 dise\u00f1ada para el tratamiento de las fracturas del troc\u00e1nter mayor.<\/p>\n","protected":false},"featured_media":6437,"comment_status":"open","ping_status":"closed","template":"","meta":[],"product_brand":[],"product_cat":[56],"product_tag":[106],"class_list":{"0":"post-6436","1":"product","2":"type-product","3":"status-publish","4":"has-post-thumbnail","6":"product_cat-ortopedia","7":"product_tag-placa","9":"first","10":"instock","11":"shipping-taxable","12":"product-type-simple"},"_links":{"self":[{"href":"https:\/\/yimamedical.com\/productos\/wp-json\/wp\/v2\/product\/6436","targetHints":{"allow":["GET"]}}],"collection":[{"href":"https:\/\/yimamedical.com\/productos\/wp-json\/wp\/v2\/product"}],"about":[{"href":"https:\/\/yimamedical.com\/productos\/wp-json\/wp\/v2\/types\/product"}],"replies":[{"embeddable":true,"href":"https:\/\/yimamedical.com\/productos\/wp-json\/wp\/v2\/comments?post=6436"}],"wp:featuredmedia":[{"embeddable":true,"href":"https:\/\/yimamedical.com\/productos\/wp-json\/wp\/v2\/media\/6437"}],"wp:attachment":[{"href":"https:\/\/yimamedical.com\/productos\/wp-json\/wp\/v2\/media?parent=6436"}],"wp:term":[{"taxonomy":"product_brand","embeddable":true,"href":"https:\/\/yimamedical.com\/productos\/wp-json\/wp\/v2\/product_brand?post=6436"},{"taxonomy":"product_cat","embeddable":true,"href":"https:\/\/yimamedical.com\/productos\/wp-json\/wp\/v2\/product_cat?post=6436"},{"taxonomy":"product_tag","embeddable":true,"href":"https:\/\/yimamedical.com\/productos\/wp-json\/wp\/v2\/product_tag?post=6436"}],"curies":[{"name":"wp","href":"https:\/\/api.w.org\/{rel}","templated":true}]}}