{"id":6444,"date":"2025-08-05T18:57:52","date_gmt":"2025-08-05T18:57:52","guid":{"rendered":"https:\/\/yimamedical.com\/productos\/?post_type=product&#038;p=6444"},"modified":"2025-09-12T19:51:47","modified_gmt":"2025-09-12T19:51:47","slug":"sistema-de-compresion-compuesto-ccs","status":"publish","type":"product","link":"https:\/\/yimamedical.com\/productos\/product\/sistema-de-compresion-compuesto-ccs\/","title":{"rendered":"Sistema de compresi\u00f3n compuesto CCS"},"content":{"rendered":"<p><img decoding=\"async\" src=\"https:\/\/es.doublemedicalgp.com\/js\/htmledit\/kindeditor\/attached\/20210628\/20210628111939_54720.jpg\" alt=\"\" \/><\/p>\n<p><strong>Placa de fijaci\u00f3n CCS<\/strong><\/p>\n<ul>\n<li>El dise\u00f1o del \u00e1ngulo de 130 \u00b0 CCD est\u00e1 altamente adecuado para los huesos.<\/li>\n<li>Dise\u00f1ado para proporcionar una huella \u00f3ptima del implante<\/li>\n<li>Acomoda tornillos de bloqueo est\u00e1ndar de 5.0 mm para proporcionar estabilidad angular.<\/li>\n<\/ul>\n<p><strong>Tornillo de antirotaci\u00f3n CCS<\/strong><\/p>\n<ul>\n<li>Tornillo de retraso de CCS y tornillo de antirotaci\u00f3n CCS proporciona estabilidad de rotaci\u00f3n (\u00e1ngulo de divergencia de 5 \u00b0)<\/li>\n<li>Permitir la colocaci\u00f3n del implante incluso en un peque\u00f1o cuello femoral.<\/li>\n<\/ul>\n<p><strong>Tornillo de retraso CCS<\/strong><\/p>\n<ul>\n<li>Punta de hilo Evite la rotaci\u00f3n de la fractura y el desplazamiento.<\/li>\n<li>Proporcionar presurizaci\u00f3n lineal para mantener la reducci\u00f3n durante la inserci\u00f3n.<\/li>\n<li>Proporcionar una mayor estabilidad angular y prevenir efectivamente la p\u00e9rdida de reducci\u00f3n.<\/li>\n<\/ul>\n<p><strong>Mango de inserci\u00f3n CCS<\/strong><\/p>\n<ul>\n<li>Inserte un cable gu\u00eda como un cable de antirotaci\u00f3n para evitar cualquier rotaci\u00f3n inadvertida de la cabeza femoral<\/li>\n<li>Proporcionar una distancia de presi\u00f3n de 10 mm intraoperativamente, y proporcionar una distancia de presi\u00f3n deslizante de 15 mm despu\u00e9s de la operaci\u00f3n.<\/li>\n<li>La distancia de presi\u00f3n correspondiente se resalta en esta t\u00e9cnica quir\u00fargica.<\/li>\n<li>Servir para todo el sistema, incluida la placa de fijaci\u00f3n de CCS, tornillo de retraso CCS, tornillo de antirotaci\u00f3n CCS y tornillo de bloqueo de 5.0 mm<\/li>\n<\/ul>\n<p><strong>Gu\u00eda de correcci\u00f3n de CCS<\/strong><\/p>\n<ul>\n<li>Tres tipos de ajustes son posibles:<\/li>\n<\/ul>\n<ol>\n<li>Correcci\u00f3n paralela con nuevo punto de entrada anterior (5 mm).<\/li>\n<li>Correcci\u00f3n de \u00e1ngulo hacia el anterior (5 \u00b0) con un nuevo punto de entrada superior (5 mm)<\/li>\n<li>Correcci\u00f3n de \u00e1ngulo hacia la anterior (5 \u00b0) con el mismo punto de entrada<\/li>\n<\/ol>\n<p><strong>Indicaci\u00f3n:<\/strong><\/p>\n<ul>\n<li>El sistema de compresi\u00f3n compuesto (CCS) est\u00e1 indicado para fracturas de cuello femoral, incluidas fracturas basilar, transcervical y subcapital, en adultos y adolescentes (12-21) en los que las placas de crecimiento se han fusionado o no se cruzar\u00e1n.<\/li>\n<\/ul>\n<p><strong>Contraindicaciones<\/strong><\/p>\n<p>Las contraindicaciones espec\u00edficas para el sistema de compresi\u00f3n compuesto (CCS) incluyen:<\/p>\n<ul>\n<li>Fracturas petrocerc\u00e9rferas<\/li>\n<li>Fracturas intertrochant\u00e9ricas<\/li>\n<li>Fracturas subtrocantadoras<\/li>\n<\/ul>\n","protected":false},"excerpt":{"rendered":"<p>El sistema de compresi\u00f3n compuesto (CCS) consiste en tornillo de retraso, tornillo de antirotaci\u00f3n, placa de fijaci\u00f3n, tornillo de bloqueo y tapa de extremo.Est\u00e1 indicado para las fracturas del cuello femoral, incluidas las fracturas basilar, transcervical y subcapital, en adultos y adolescentes en los que las placas de crecimiento se han fusionado o no se cruzar\u00e1n<\/p>\n","protected":false},"featured_media":6445,"comment_status":"open","ping_status":"closed","template":"","meta":[],"product_brand":[],"product_cat":[56],"product_tag":[106],"class_list":{"0":"post-6444","1":"product","2":"type-product","3":"status-publish","4":"has-post-thumbnail","6":"product_cat-ortopedia","7":"product_tag-placa","9":"first","10":"instock","11":"shipping-taxable","12":"product-type-simple"},"_links":{"self":[{"href":"https:\/\/yimamedical.com\/productos\/wp-json\/wp\/v2\/product\/6444","targetHints":{"allow":["GET"]}}],"collection":[{"href":"https:\/\/yimamedical.com\/productos\/wp-json\/wp\/v2\/product"}],"about":[{"href":"https:\/\/yimamedical.com\/productos\/wp-json\/wp\/v2\/types\/product"}],"replies":[{"embeddable":true,"href":"https:\/\/yimamedical.com\/productos\/wp-json\/wp\/v2\/comments?post=6444"}],"wp:featuredmedia":[{"embeddable":true,"href":"https:\/\/yimamedical.com\/productos\/wp-json\/wp\/v2\/media\/6445"}],"wp:attachment":[{"href":"https:\/\/yimamedical.com\/productos\/wp-json\/wp\/v2\/media?parent=6444"}],"wp:term":[{"taxonomy":"product_brand","embeddable":true,"href":"https:\/\/yimamedical.com\/productos\/wp-json\/wp\/v2\/product_brand?post=6444"},{"taxonomy":"product_cat","embeddable":true,"href":"https:\/\/yimamedical.com\/productos\/wp-json\/wp\/v2\/product_cat?post=6444"},{"taxonomy":"product_tag","embeddable":true,"href":"https:\/\/yimamedical.com\/productos\/wp-json\/wp\/v2\/product_tag?post=6444"}],"curies":[{"name":"wp","href":"https:\/\/api.w.org\/{rel}","templated":true}]}}