{"id":6461,"date":"2025-08-05T19:09:08","date_gmt":"2025-08-05T19:09:08","guid":{"rendered":"https:\/\/yimamedical.com\/productos\/?post_type=product&#038;p=6461"},"modified":"2025-09-12T19:31:27","modified_gmt":"2025-09-12T19:31:27","slug":"placa-bloqueada-de-radio-dista%e2%85%b0-angulo-variable","status":"publish","type":"product","link":"https:\/\/yimamedical.com\/productos\/product\/placa-bloqueada-de-radio-dista%e2%85%b0-angulo-variable\/","title":{"rendered":"Placa Bloqueada de Radio Dista\u2160, \u00e1ngulo variable"},"content":{"rendered":"<p><u><strong><img decoding=\"async\" src=\"https:\/\/es.doublemedicalgp.com\/js\/htmledit\/kindeditor\/attached\/20200821\/20200821002018_10380.png\" alt=\"\" \/><br \/>\n<\/strong><\/u><\/p>\n<p><u><strong>Caracteristicas<\/strong><\/u><\/p>\n<ul>\n<li>La amplia ventana permite la inspecci\u00f3n de las l\u00edneas de fractura y el contorno fino de la placa.<\/li>\n<li>Diferentes dise\u00f1os de ancho distal para un mejor ajuste a la anatom\u00eda individual.<\/li>\n<li>Perfil lo m\u00e1s bajo posible para preservar los tejidos blandos y tan alto como sea necesario para una rigidez suficiente y un bloqueo estable.<\/li>\n<\/ul>\n<p><u><strong>Indicaciones<\/strong><\/u><\/p>\n<ul>\n<li>Radio distal<\/li>\n<li>Fracturas articulares intra &#8211; complejas<\/li>\n<li>Fracturas articulares extra complejas &#8211;<\/li>\n<li>Osteotom\u00edas y fracturas de otros huesos peque\u00f1os<\/li>\n<\/ul>\n<p>&nbsp;<\/p>\n<p><u><strong>Instrumentaci\u00f3n<\/strong><\/u><\/p>\n<ul>\n<li>2.4 Juego de instrumentos de bloqueo<\/li>\n<\/ul>\n<p><u><strong>Tornillo<\/strong><\/u><\/p>\n<ul>\n<li>Tornillo de bloqueo de 2.4mm (solo se utiliza en orificios roscados del eje)<\/li>\n<li>Tornillo de bloqueo \u2161 de 2.4mm, \u00e1ngulo variable (solo se utiliza en orificios distales)<\/li>\n<li>Tornillo de cortical de 2.7mm<\/li>\n<\/ul>\n","protected":false},"excerpt":{"rendered":"<p>Amplia ventana de la Placa Bloqueada de Radio Dista\u2160, \u00e1ngulo variable permite la inspecci\u00f3n de las l\u00edneas de fractura y el contorno fino de la placa y\u00a0diferentes dise\u00f1os de ancho distal para un mejor ajuste a la anatom\u00eda individual.<\/p>\n","protected":false},"featured_media":6462,"comment_status":"open","ping_status":"closed","template":"","meta":[],"product_brand":[],"product_cat":[56],"product_tag":[106],"class_list":{"0":"post-6461","1":"product","2":"type-product","3":"status-publish","4":"has-post-thumbnail","6":"product_cat-ortopedia","7":"product_tag-placa","9":"first","10":"instock","11":"shipping-taxable","12":"product-type-simple"},"_links":{"self":[{"href":"https:\/\/yimamedical.com\/productos\/wp-json\/wp\/v2\/product\/6461","targetHints":{"allow":["GET"]}}],"collection":[{"href":"https:\/\/yimamedical.com\/productos\/wp-json\/wp\/v2\/product"}],"about":[{"href":"https:\/\/yimamedical.com\/productos\/wp-json\/wp\/v2\/types\/product"}],"replies":[{"embeddable":true,"href":"https:\/\/yimamedical.com\/productos\/wp-json\/wp\/v2\/comments?post=6461"}],"wp:featuredmedia":[{"embeddable":true,"href":"https:\/\/yimamedical.com\/productos\/wp-json\/wp\/v2\/media\/6462"}],"wp:attachment":[{"href":"https:\/\/yimamedical.com\/productos\/wp-json\/wp\/v2\/media?parent=6461"}],"wp:term":[{"taxonomy":"product_brand","embeddable":true,"href":"https:\/\/yimamedical.com\/productos\/wp-json\/wp\/v2\/product_brand?post=6461"},{"taxonomy":"product_cat","embeddable":true,"href":"https:\/\/yimamedical.com\/productos\/wp-json\/wp\/v2\/product_cat?post=6461"},{"taxonomy":"product_tag","embeddable":true,"href":"https:\/\/yimamedical.com\/productos\/wp-json\/wp\/v2\/product_tag?post=6461"}],"curies":[{"name":"wp","href":"https:\/\/api.w.org\/{rel}","templated":true}]}}