{"id":6464,"date":"2025-08-05T19:11:05","date_gmt":"2025-08-05T19:11:05","guid":{"rendered":"https:\/\/yimamedical.com\/productos\/?post_type=product&#038;p=6464"},"modified":"2025-09-12T19:30:16","modified_gmt":"2025-09-12T19:30:16","slug":"placa-bloqueada-de-radio-distal-volar-con-vaina","status":"publish","type":"product","link":"https:\/\/yimamedical.com\/productos\/product\/placa-bloqueada-de-radio-distal-volar-con-vaina\/","title":{"rendered":"Placa Bloqueada de Radio Distal Volar, con vaina"},"content":{"rendered":"<p><u><strong><img decoding=\"async\" src=\"https:\/\/es.doublemedicalgp.com\/js\/htmledit\/kindeditor\/attached\/20200821\/20200821003009_99672.png\" alt=\"\" \/><br \/>\n<\/strong><\/u><\/p>\n<p><u><strong>Caracteristicas<\/strong><\/u><\/p>\n<ul>\n<li>Construcci\u00f3n de perfil bajo: borde distal biselado, superficie redondeada y pulida y tornillos avellanados para reducir la irritaci\u00f3n de los tejidos blandos.<\/li>\n<li>Eje m\u00e1s estrecho: aumenta la facilidad de ajuste de la placa al hueso y, al mismo tiempo, ofrece m\u00e1s opciones de fijaci\u00f3n que la otra placa anat\u00f3mica actual.<\/li>\n<\/ul>\n<p><u><strong>Indicaciones<\/strong><\/u><\/p>\n<ul>\n<li>Radio distal<\/li>\n<li>Fractura articular intra &#8211; compleja<\/li>\n<li>Complejo extra &#8211; fractura articular<\/li>\n<\/ul>\n<p><u><strong>Instrumentaci\u00f3n<\/strong><\/u><\/p>\n<ul>\n<li>2.4 Juego de instrumentos de bloqueo<\/li>\n<\/ul>\n<p><u><strong>Tornillo<\/strong><\/u><\/p>\n<ul>\n<li>Tornillo de bloqueo de 2.4mm, autorroscante &#8211;<\/li>\n<li>Tornillo de bloqueo de 2.7mm, autorroscante &#8211;<\/li>\n<li>Tornillo de cortical de 2.7mm<\/li>\n<\/ul>\n","protected":false},"excerpt":{"rendered":"<p>Construcci\u00f3n de bajo perfil\u00a0de la Placa Bloqueada de Radio Distal Volar, con vaina, aumenta la facilidad de ajuste de la placa al hueso que ofrece m\u00e1s opciones de fijaci\u00f3n que la otra placa anat\u00f3mica actual.<\/p>\n","protected":false},"featured_media":6465,"comment_status":"open","ping_status":"closed","template":"","meta":[],"product_brand":[],"product_cat":[56],"product_tag":[106],"class_list":{"0":"post-6464","1":"product","2":"type-product","3":"status-publish","4":"has-post-thumbnail","6":"product_cat-ortopedia","7":"product_tag-placa","9":"first","10":"instock","11":"shipping-taxable","12":"product-type-simple"},"_links":{"self":[{"href":"https:\/\/yimamedical.com\/productos\/wp-json\/wp\/v2\/product\/6464","targetHints":{"allow":["GET"]}}],"collection":[{"href":"https:\/\/yimamedical.com\/productos\/wp-json\/wp\/v2\/product"}],"about":[{"href":"https:\/\/yimamedical.com\/productos\/wp-json\/wp\/v2\/types\/product"}],"replies":[{"embeddable":true,"href":"https:\/\/yimamedical.com\/productos\/wp-json\/wp\/v2\/comments?post=6464"}],"wp:featuredmedia":[{"embeddable":true,"href":"https:\/\/yimamedical.com\/productos\/wp-json\/wp\/v2\/media\/6465"}],"wp:attachment":[{"href":"https:\/\/yimamedical.com\/productos\/wp-json\/wp\/v2\/media?parent=6464"}],"wp:term":[{"taxonomy":"product_brand","embeddable":true,"href":"https:\/\/yimamedical.com\/productos\/wp-json\/wp\/v2\/product_brand?post=6464"},{"taxonomy":"product_cat","embeddable":true,"href":"https:\/\/yimamedical.com\/productos\/wp-json\/wp\/v2\/product_cat?post=6464"},{"taxonomy":"product_tag","embeddable":true,"href":"https:\/\/yimamedical.com\/productos\/wp-json\/wp\/v2\/product_tag?post=6464"}],"curies":[{"name":"wp","href":"https:\/\/api.w.org\/{rel}","templated":true}]}}