{"id":6468,"date":"2025-08-05T19:14:51","date_gmt":"2025-08-05T19:14:51","guid":{"rendered":"https:\/\/yimamedical.com\/productos\/?post_type=product&#038;p=6468"},"modified":"2025-09-12T19:29:27","modified_gmt":"2025-09-12T19:29:27","slug":"placa-bloqueada-delta-radial-distal-dorsal","status":"publish","type":"product","link":"https:\/\/yimamedical.com\/productos\/product\/placa-bloqueada-delta-radial-distal-dorsal\/","title":{"rendered":"Placa Bloqueada Delta Radial Distal Dorsal"},"content":{"rendered":"<p><u><strong><img decoding=\"async\" src=\"https:\/\/es.doublemedicalgp.com\/js\/htmledit\/kindeditor\/attached\/20200820\/20200820055434_27643.png\" \/><br \/>\n<\/strong><\/u><\/p>\n<p><u><strong>Abordaje dorsal<\/strong><\/u><\/p>\n<ul>\n<li>Fracturas con desplazamiento dorsal<\/li>\n<li>Extra &#8211; fracturas articulares con defecto metafisario<\/li>\n<li>Reconstrucci\u00f3n articular abierta<\/li>\n<li>Combinaci\u00f3n de radio distal con fracturas de carpo y metacarpiano<\/li>\n<li>Osteotom\u00edas correctivas<\/li>\n<\/ul>\n<p><u><strong>Caracteristicas<\/strong><\/u><\/p>\n<ul>\n<li>El contorno anat\u00f3mico preciso minimiza la necesidad de quitar el tub\u00e9rculo de Lister.<\/li>\n<li>El dise\u00f1o Recon permite cualquier contorno de placa necesario.<\/li>\n<li>Doble fila de tornillos distales para un contrafuerte biomec\u00e1nico \u00f3ptimo.<\/li>\n<\/ul>\n<p><u><strong>Indicaciones<\/strong><\/u><\/p>\n<ul>\n<li>El complejo intra &#8211; articular y extra &#8211; fracturas articulares del radio distal con desplazamiento dorsal.<\/li>\n<\/ul>\n<p><u><strong>Instrumentaci\u00f3n<\/strong><\/u><\/p>\n<ul>\n<li>2.4 Juego de instrumentos de bloqueo<\/li>\n<\/ul>\n<p><strong><u>Tornillo<\/u><\/strong><\/p>\n<ul>\n<li>Tornillo de bloqueo de 2.4mm, autoperforaci\u00f3n &#8211;<\/li>\n<li>2.7mmTornillo de bloqueo, auto &#8211; tapping<\/li>\n<li>Tornillo de cortical de 2.4mm<\/li>\n<li>Tornillo de cortical de 2.7mm<\/li>\n<\/ul>\n","protected":false},"excerpt":{"rendered":"<p>Contorno anat\u00f3mico preciso de la\u00a0Placa Bloqueada Delta Radial Distal Dorsal minimiza la necesidad de eliminar el tub\u00e9rculo de Lister y double\u00a0filas de tornillos distales para una fijaci\u00f3n biomec\u00e1nica \u00f3ptima.<\/p>\n","protected":false},"featured_media":6469,"comment_status":"open","ping_status":"closed","template":"","meta":[],"product_brand":[],"product_cat":[56],"product_tag":[106],"class_list":{"0":"post-6468","1":"product","2":"type-product","3":"status-publish","4":"has-post-thumbnail","6":"product_cat-ortopedia","7":"product_tag-placa","9":"first","10":"instock","11":"shipping-taxable","12":"product-type-simple"},"_links":{"self":[{"href":"https:\/\/yimamedical.com\/productos\/wp-json\/wp\/v2\/product\/6468","targetHints":{"allow":["GET"]}}],"collection":[{"href":"https:\/\/yimamedical.com\/productos\/wp-json\/wp\/v2\/product"}],"about":[{"href":"https:\/\/yimamedical.com\/productos\/wp-json\/wp\/v2\/types\/product"}],"replies":[{"embeddable":true,"href":"https:\/\/yimamedical.com\/productos\/wp-json\/wp\/v2\/comments?post=6468"}],"wp:featuredmedia":[{"embeddable":true,"href":"https:\/\/yimamedical.com\/productos\/wp-json\/wp\/v2\/media\/6469"}],"wp:attachment":[{"href":"https:\/\/yimamedical.com\/productos\/wp-json\/wp\/v2\/media?parent=6468"}],"wp:term":[{"taxonomy":"product_brand","embeddable":true,"href":"https:\/\/yimamedical.com\/productos\/wp-json\/wp\/v2\/product_brand?post=6468"},{"taxonomy":"product_cat","embeddable":true,"href":"https:\/\/yimamedical.com\/productos\/wp-json\/wp\/v2\/product_cat?post=6468"},{"taxonomy":"product_tag","embeddable":true,"href":"https:\/\/yimamedical.com\/productos\/wp-json\/wp\/v2\/product_tag?post=6468"}],"curies":[{"name":"wp","href":"https:\/\/api.w.org\/{rel}","templated":true}]}}