{"id":6476,"date":"2025-08-05T19:23:29","date_gmt":"2025-08-05T19:23:29","guid":{"rendered":"https:\/\/yimamedical.com\/productos\/?post_type=product&#038;p=6476"},"modified":"2025-09-12T19:24:22","modified_gmt":"2025-09-12T19:24:22","slug":"placa-bloqueada-de-radio-distal-volar","status":"publish","type":"product","link":"https:\/\/yimamedical.com\/productos\/product\/placa-bloqueada-de-radio-distal-volar\/","title":{"rendered":"Placa Bloqueada de Radio Distal Volar"},"content":{"rendered":"<p><u><strong>Caracteristicas<\/strong><\/u><\/p>\n<ul>\n<li>Construcci\u00f3n de perfil bajo: borde distal biselado, superficie redondeada y pulida y tornillos avellanados para reducir la irritaci\u00f3n de los tejidos blandos.<\/li>\n<li>Eje m\u00e1s estrecho: aumenta la facilidad de ajuste de la placa al hueso y, al mismo tiempo, ofrece m\u00e1s opciones de fijaci\u00f3n que la otra placa anat\u00f3mica actual.<\/li>\n<\/ul>\n<div><\/div>\n<p><u><strong>Indicaciones<\/strong><\/u><br \/>\nRadio distal<\/p>\n<ul>\n<li>Fractura articular intra &#8211; compleja<\/li>\n<li>Complejo extra &#8211; fractura articular<\/li>\n<\/ul>\n<div><\/div>\n<p><u><strong>Instrumentaci\u00f3n<\/strong><\/u><\/p>\n<ul>\n<li>2.4 Juego de instrumentos de bloqueo<\/li>\n<\/ul>\n<p><u><strong>Tornillo<\/strong><\/u><\/p>\n<ul>\n<li>Tornillo de bloqueo de 2.4mm, autorroscante &#8211;<\/li>\n<li>2.7mm\u00a0Tornillo de bloqueo, autorroscante &#8211; roscado<\/li>\n<li>Tornillo de cortical de 2.7mm<\/li>\n<\/ul>\n","protected":false},"excerpt":{"rendered":"<p>El eje m\u00e1s estrecho de la placa de bloqueo radial del borde volar distal aumenta la facilidad de ajuste de la placa al hueso al tiempo que ofrece m\u00e1s opciones de fijaci\u00f3n que la otra placa anat\u00f3mica actual.<\/p>\n","protected":false},"featured_media":6477,"comment_status":"open","ping_status":"closed","template":"","meta":[],"product_brand":[],"product_cat":[56],"product_tag":[106],"class_list":{"0":"post-6476","1":"product","2":"type-product","3":"status-publish","4":"has-post-thumbnail","6":"product_cat-ortopedia","7":"product_tag-placa","9":"first","10":"instock","11":"shipping-taxable","12":"product-type-simple"},"_links":{"self":[{"href":"https:\/\/yimamedical.com\/productos\/wp-json\/wp\/v2\/product\/6476","targetHints":{"allow":["GET"]}}],"collection":[{"href":"https:\/\/yimamedical.com\/productos\/wp-json\/wp\/v2\/product"}],"about":[{"href":"https:\/\/yimamedical.com\/productos\/wp-json\/wp\/v2\/types\/product"}],"replies":[{"embeddable":true,"href":"https:\/\/yimamedical.com\/productos\/wp-json\/wp\/v2\/comments?post=6476"}],"wp:featuredmedia":[{"embeddable":true,"href":"https:\/\/yimamedical.com\/productos\/wp-json\/wp\/v2\/media\/6477"}],"wp:attachment":[{"href":"https:\/\/yimamedical.com\/productos\/wp-json\/wp\/v2\/media?parent=6476"}],"wp:term":[{"taxonomy":"product_brand","embeddable":true,"href":"https:\/\/yimamedical.com\/productos\/wp-json\/wp\/v2\/product_brand?post=6476"},{"taxonomy":"product_cat","embeddable":true,"href":"https:\/\/yimamedical.com\/productos\/wp-json\/wp\/v2\/product_cat?post=6476"},{"taxonomy":"product_tag","embeddable":true,"href":"https:\/\/yimamedical.com\/productos\/wp-json\/wp\/v2\/product_tag?post=6476"}],"curies":[{"name":"wp","href":"https:\/\/api.w.org\/{rel}","templated":true}]}}