{"id":6489,"date":"2025-08-05T21:22:04","date_gmt":"2025-08-05T21:22:04","guid":{"rendered":"https:\/\/yimamedical.com\/productos\/?post_type=product&#038;p=6489"},"modified":"2025-09-09T22:59:36","modified_gmt":"2025-09-09T22:59:36","slug":"placa-bloqueada-de-radio-distal%e2%85%b0-pequena","status":"publish","type":"product","link":"https:\/\/yimamedical.com\/productos\/product\/placa-bloqueada-de-radio-distal%e2%85%b0-pequena\/","title":{"rendered":"Placa Bloqueada de Radio Distal\u2160, peque\u00f1a"},"content":{"rendered":"<p><img decoding=\"async\" src=\"https:\/\/es.doublemedicalgp.com\/js\/htmledit\/kindeditor\/attached\/20200916\/20200916151457_45623.png\" alt=\"\" \/><\/p>\n<p><u><strong>Caracteristicas<\/strong><\/u><\/p>\n<ul>\n<li>La amplia ventana permite la inspecci\u00f3n de las l\u00edneas de fractura y el contorno fino de la placa<\/li>\n<li>Perfil lo m\u00e1s bajo posible para preservar los tejidos blandos y tan alto como sea necesario para una rigidez suficiente y un bloqueo estable<\/li>\n<li>Agujeros de la aguja de Kirschner para la fijaci\u00f3n temporal de la placa<\/li>\n<\/ul>\n<p><u><strong>Indicaciones<\/strong><\/u><br \/>\nRadio distal<\/p>\n<ul>\n<li>Intra &#8211; fracturas articulares<\/li>\n<li>Extra &#8211; fracturas articulares<\/li>\n<li>Osteotom\u00edas<\/li>\n<\/ul>\n<p><u><strong>Empulgueras<\/strong><\/u><\/p>\n<ul>\n<li>Tornillo de bloqueo de 2.4mm<\/li>\n<li>Tornillo de cortical de 2.7mm<\/li>\n<\/ul>\n<p><u><strong>Instrumento<\/strong><\/u><\/p>\n<ul>\n<li>Peque\u00f1o juego de instrumentos de bloqueo<\/li>\n<\/ul>\n","protected":false},"excerpt":{"rendered":"<p>La Placa Bloqueada de Radio Distal\u2160, peque\u00f1a\u00a0tiene una curva de contorno anat\u00f3mica con un ajuste excelente al radio distal y dise\u00f1os de diferentes anchos distales para un mejor ajuste a la anatom\u00eda individual.<\/p>\n","protected":false},"featured_media":6490,"comment_status":"open","ping_status":"closed","template":"","meta":[],"product_brand":[],"product_cat":[56],"product_tag":[106],"class_list":{"0":"post-6489","1":"product","2":"type-product","3":"status-publish","4":"has-post-thumbnail","6":"product_cat-ortopedia","7":"product_tag-placa","9":"first","10":"instock","11":"shipping-taxable","12":"product-type-simple"},"_links":{"self":[{"href":"https:\/\/yimamedical.com\/productos\/wp-json\/wp\/v2\/product\/6489","targetHints":{"allow":["GET"]}}],"collection":[{"href":"https:\/\/yimamedical.com\/productos\/wp-json\/wp\/v2\/product"}],"about":[{"href":"https:\/\/yimamedical.com\/productos\/wp-json\/wp\/v2\/types\/product"}],"replies":[{"embeddable":true,"href":"https:\/\/yimamedical.com\/productos\/wp-json\/wp\/v2\/comments?post=6489"}],"wp:featuredmedia":[{"embeddable":true,"href":"https:\/\/yimamedical.com\/productos\/wp-json\/wp\/v2\/media\/6490"}],"wp:attachment":[{"href":"https:\/\/yimamedical.com\/productos\/wp-json\/wp\/v2\/media?parent=6489"}],"wp:term":[{"taxonomy":"product_brand","embeddable":true,"href":"https:\/\/yimamedical.com\/productos\/wp-json\/wp\/v2\/product_brand?post=6489"},{"taxonomy":"product_cat","embeddable":true,"href":"https:\/\/yimamedical.com\/productos\/wp-json\/wp\/v2\/product_cat?post=6489"},{"taxonomy":"product_tag","embeddable":true,"href":"https:\/\/yimamedical.com\/productos\/wp-json\/wp\/v2\/product_tag?post=6489"}],"curies":[{"name":"wp","href":"https:\/\/api.w.org\/{rel}","templated":true}]}}