{"id":6491,"date":"2025-08-05T21:25:53","date_gmt":"2025-08-05T21:25:53","guid":{"rendered":"https:\/\/yimamedical.com\/productos\/?post_type=product&#038;p=6491"},"modified":"2025-09-09T19:15:37","modified_gmt":"2025-09-09T19:15:37","slug":"placa-bloqueada-de-radio-distal-%e2%85%b1","status":"publish","type":"product","link":"https:\/\/yimamedical.com\/productos\/product\/placa-bloqueada-de-radio-distal-%e2%85%b1\/","title":{"rendered":"Placa Bloqueada de Radio Distal \u2161"},"content":{"rendered":"<p><strong>caracteristicas:<\/strong><\/p>\n<ul>\n<li>El dise\u00f1o anat\u00f3mico proporciona un ajuste excelente al radio distal.<\/li>\n<li>Fijaci\u00f3n de \u00e1ngulo fijo, evita el colapso de la cabeza radial.<\/li>\n<li>Fijaci\u00f3n multi\u00e1ngulo en parte distal para una mejor fijaci\u00f3n angular.<\/li>\n<\/ul>\n<p><strong>Indicaci\u00f3n:<\/strong><\/p>\n<ul>\n<li>Fracturas del radio distal<\/li>\n<\/ul>\n<p><strong>Empulgueras:<\/strong><\/p>\n<ul>\n<li>Tornillo de bloqueo de 2.4 mm<\/li>\n<li>Tornillo de cortical de 2.4 mm<\/li>\n<\/ul>\n<p><strong>Juego de instrumentos:<\/strong><\/p>\n<ul>\n<li>2.4 juego de instrumentos de bloqueo<\/li>\n<\/ul>\n","protected":false},"excerpt":{"rendered":"<p>El dise\u00f1o anat\u00f3mico de la Placa Bloqueada de Radio Distal \u2161 proporciona un ajuste excelente al radio distal.<\/p>\n","protected":false},"featured_media":6492,"comment_status":"open","ping_status":"closed","template":"","meta":[],"product_brand":[],"product_cat":[56],"product_tag":[106],"class_list":{"0":"post-6491","1":"product","2":"type-product","3":"status-publish","4":"has-post-thumbnail","6":"product_cat-ortopedia","7":"product_tag-placa","9":"first","10":"instock","11":"shipping-taxable","12":"product-type-simple"},"_links":{"self":[{"href":"https:\/\/yimamedical.com\/productos\/wp-json\/wp\/v2\/product\/6491","targetHints":{"allow":["GET"]}}],"collection":[{"href":"https:\/\/yimamedical.com\/productos\/wp-json\/wp\/v2\/product"}],"about":[{"href":"https:\/\/yimamedical.com\/productos\/wp-json\/wp\/v2\/types\/product"}],"replies":[{"embeddable":true,"href":"https:\/\/yimamedical.com\/productos\/wp-json\/wp\/v2\/comments?post=6491"}],"wp:featuredmedia":[{"embeddable":true,"href":"https:\/\/yimamedical.com\/productos\/wp-json\/wp\/v2\/media\/6492"}],"wp:attachment":[{"href":"https:\/\/yimamedical.com\/productos\/wp-json\/wp\/v2\/media?parent=6491"}],"wp:term":[{"taxonomy":"product_brand","embeddable":true,"href":"https:\/\/yimamedical.com\/productos\/wp-json\/wp\/v2\/product_brand?post=6491"},{"taxonomy":"product_cat","embeddable":true,"href":"https:\/\/yimamedical.com\/productos\/wp-json\/wp\/v2\/product_cat?post=6491"},{"taxonomy":"product_tag","embeddable":true,"href":"https:\/\/yimamedical.com\/productos\/wp-json\/wp\/v2\/product_tag?post=6491"}],"curies":[{"name":"wp","href":"https:\/\/api.w.org\/{rel}","templated":true}]}}