{"id":6501,"date":"2025-08-05T21:35:27","date_gmt":"2025-08-05T21:35:27","guid":{"rendered":"https:\/\/yimamedical.com\/productos\/?post_type=product&#038;p=6501"},"modified":"2025-09-09T19:07:53","modified_gmt":"2025-09-09T19:07:53","slug":"placa-bloqueada-de-olecranon-%e2%85%b1","status":"publish","type":"product","link":"https:\/\/yimamedical.com\/productos\/product\/placa-bloqueada-de-olecranon-%e2%85%b1\/","title":{"rendered":"Placa Bloqueada de Ol\u00e9cranon \u2161"},"content":{"rendered":"<p><img decoding=\"async\" src=\"https:\/\/es.doublemedicalgp.com\/js\/htmledit\/kindeditor\/attached\/20200819\/20200819095721_71138.jpg\" alt=\"\" \/><\/p>\n<p><strong><u>Caracteristicas<\/u><\/strong><\/p>\n<ul>\n<li>La parte proximal y en forma de cuchara &#8211; de la placa es ligeramente m\u00e1s delgada que el eje, lo que proporciona un ajuste \u00f3ptimo para la comodidad del paciente.<\/li>\n<li>Placa anat\u00f3mica pre &#8211; contorneada con excelente ajuste al ol\u00e9cranon.<\/li>\n<li>Muescas en el eje de la placa permite que la placa se adapte a la anatom\u00eda individual del hueso.<\/li>\n<\/ul>\n<div><\/div>\n<p><u><\/u><strong><u>Indicaciones<\/u><\/strong><\/p>\n<ul>\n<li>Complejo extra &#8211; e intra &#8211; fracturas del ol\u00e9cranon articular<\/li>\n<li>Pseudoartrosis del c\u00fabito proximal<\/li>\n<li>Osteotom\u00edas<\/li>\n<li>Fracturas simples del ol\u00e9cranon<\/li>\n<\/ul>\n<p><strong><u>Tornillo<\/u><\/strong><\/p>\n<ul>\n<li>Tornillo de bloqueo de 3.5mm<\/li>\n<li>Tornillo de cortical de 3.5mm<\/li>\n<\/ul>\n<p><strong><u>Instrumentaci\u00f3n<\/u><\/strong><\/p>\n<ul>\n<li>Peque\u00f1o juego de instrumentos de bloqueo<\/li>\n<\/ul>\n","protected":false},"excerpt":{"rendered":"<p>La Placa Bloqueada de Ol\u00e9cranon \u2161 est\u00e1 indicada para Complex fracturas extra-articulares y fracturas de ol\u00e9cranon intra &#8211; articulares, con placa anat\u00f3mica pre &#8211; contorneada con excelente ajuste al ol\u00e9cranon.<\/p>\n","protected":false},"featured_media":6502,"comment_status":"open","ping_status":"closed","template":"","meta":[],"product_brand":[],"product_cat":[56],"product_tag":[106],"class_list":{"0":"post-6501","1":"product","2":"type-product","3":"status-publish","4":"has-post-thumbnail","6":"product_cat-ortopedia","7":"product_tag-placa","9":"first","10":"instock","11":"shipping-taxable","12":"product-type-simple"},"_links":{"self":[{"href":"https:\/\/yimamedical.com\/productos\/wp-json\/wp\/v2\/product\/6501","targetHints":{"allow":["GET"]}}],"collection":[{"href":"https:\/\/yimamedical.com\/productos\/wp-json\/wp\/v2\/product"}],"about":[{"href":"https:\/\/yimamedical.com\/productos\/wp-json\/wp\/v2\/types\/product"}],"replies":[{"embeddable":true,"href":"https:\/\/yimamedical.com\/productos\/wp-json\/wp\/v2\/comments?post=6501"}],"wp:featuredmedia":[{"embeddable":true,"href":"https:\/\/yimamedical.com\/productos\/wp-json\/wp\/v2\/media\/6502"}],"wp:attachment":[{"href":"https:\/\/yimamedical.com\/productos\/wp-json\/wp\/v2\/media?parent=6501"}],"wp:term":[{"taxonomy":"product_brand","embeddable":true,"href":"https:\/\/yimamedical.com\/productos\/wp-json\/wp\/v2\/product_brand?post=6501"},{"taxonomy":"product_cat","embeddable":true,"href":"https:\/\/yimamedical.com\/productos\/wp-json\/wp\/v2\/product_cat?post=6501"},{"taxonomy":"product_tag","embeddable":true,"href":"https:\/\/yimamedical.com\/productos\/wp-json\/wp\/v2\/product_tag?post=6501"}],"curies":[{"name":"wp","href":"https:\/\/api.w.org\/{rel}","templated":true}]}}