{"id":6513,"date":"2025-08-05T21:49:09","date_gmt":"2025-08-05T21:49:09","guid":{"rendered":"https:\/\/yimamedical.com\/productos\/?post_type=product&#038;p=6513"},"modified":"2025-09-09T19:06:18","modified_gmt":"2025-09-09T19:06:18","slug":"sistema-de-fijacion-del-olecranon","status":"publish","type":"product","link":"https:\/\/yimamedical.com\/productos\/product\/sistema-de-fijacion-del-olecranon\/","title":{"rendered":"Sistema de Fijaci\u00f3n del Ol\u00e9cranon"},"content":{"rendered":"<p><img decoding=\"async\" src=\"https:\/\/es.doublemedicalgp.com\/js\/htmledit\/kindeditor\/attached\/20200819\/20200819102427_62409.jpg\" alt=\"\" \/><\/p>\n<p><strong><u>Caracteristicas<\/u><\/strong><\/p>\n<ul>\n<li>La colocaci\u00f3n de las placas en el lateral evita la cresta cubital, evita las molestias del paciente post &#8211; operaci\u00f3n.<\/li>\n<li>Proporcione orificios para tornillos desde la cabeza del ol\u00e9cranon hasta el eje, fijando eficazmente la fractura del ol\u00e9cranon.<\/li>\n<li>La fijaci\u00f3n de dos placas asegura una mejor resistencia y estabilidad de fijaci\u00f3n.<\/li>\n<\/ul>\n<p><strong><u>Indicaciones<\/u><\/strong><\/p>\n<ul>\n<li>Fractura del ol\u00e9cranon<\/li>\n<\/ul>\n<div><strong><u>Tornillo<\/u><\/strong><\/div>\n<ul>\n<li>Tornillo de bloqueo de 2.7mm<\/li>\n<li>Tornillo de cortical de 2.7mm<\/li>\n<\/ul>\n<p><strong><u>Instrumentaci\u00f3n<\/u><\/strong><\/p>\n<ul>\n<li>2.4 Juego de instrumentos de bloqueo<\/li>\n<\/ul>\n","protected":false},"excerpt":{"rendered":"<p>El Sistema de Fijaci\u00f3n del Ol\u00e9cranon, la fijaci\u00f3n de dos placas garantiza una mejor resistencia y estabilidad de fijaci\u00f3n.<\/p>\n","protected":false},"featured_media":6514,"comment_status":"open","ping_status":"closed","template":"","meta":[],"product_brand":[],"product_cat":[56],"product_tag":[106],"class_list":{"0":"post-6513","1":"product","2":"type-product","3":"status-publish","4":"has-post-thumbnail","6":"product_cat-ortopedia","7":"product_tag-placa","9":"first","10":"instock","11":"shipping-taxable","12":"product-type-simple"},"_links":{"self":[{"href":"https:\/\/yimamedical.com\/productos\/wp-json\/wp\/v2\/product\/6513","targetHints":{"allow":["GET"]}}],"collection":[{"href":"https:\/\/yimamedical.com\/productos\/wp-json\/wp\/v2\/product"}],"about":[{"href":"https:\/\/yimamedical.com\/productos\/wp-json\/wp\/v2\/types\/product"}],"replies":[{"embeddable":true,"href":"https:\/\/yimamedical.com\/productos\/wp-json\/wp\/v2\/comments?post=6513"}],"wp:featuredmedia":[{"embeddable":true,"href":"https:\/\/yimamedical.com\/productos\/wp-json\/wp\/v2\/media\/6514"}],"wp:attachment":[{"href":"https:\/\/yimamedical.com\/productos\/wp-json\/wp\/v2\/media?parent=6513"}],"wp:term":[{"taxonomy":"product_brand","embeddable":true,"href":"https:\/\/yimamedical.com\/productos\/wp-json\/wp\/v2\/product_brand?post=6513"},{"taxonomy":"product_cat","embeddable":true,"href":"https:\/\/yimamedical.com\/productos\/wp-json\/wp\/v2\/product_cat?post=6513"},{"taxonomy":"product_tag","embeddable":true,"href":"https:\/\/yimamedical.com\/productos\/wp-json\/wp\/v2\/product_tag?post=6513"}],"curies":[{"name":"wp","href":"https:\/\/api.w.org\/{rel}","templated":true}]}}