{"id":6521,"date":"2025-08-05T21:56:41","date_gmt":"2025-08-05T21:56:41","guid":{"rendered":"https:\/\/yimamedical.com\/productos\/?post_type=product&#038;p=6521"},"modified":"2025-09-09T19:05:32","modified_gmt":"2025-09-09T19:05:32","slug":"placa-bloqueada-de-olecranon-en-u","status":"publish","type":"product","link":"https:\/\/yimamedical.com\/productos\/product\/placa-bloqueada-de-olecranon-en-u\/","title":{"rendered":"Placa Bloqueada de Ol\u00e9cranon en U"},"content":{"rendered":"<p><img decoding=\"async\" src=\"https:\/\/es.doublemedicalgp.com\/js\/htmledit\/kindeditor\/attached\/20200819\/20200819104157_66479.jpg\" alt=\"\" \/><\/p>\n<p><strong><u>Caracteristicas<\/u><\/strong><\/p>\n<ul>\n<li>Doble fila de tornillos distales para un contrafuerte biomec\u00e1nico \u00f3ptimo.<\/li>\n<li>Proporcione orificios para tornillos desde la cabeza del ol\u00e9cranon hasta el eje, fijando eficazmente la fractura del ol\u00e9cranon.<\/li>\n<li>La colocaci\u00f3n de las placas en el lateral evita la cresta cubital, evita las molestias del paciente despu\u00e9s de la operaci\u00f3n -.<\/li>\n<\/ul>\n<div><\/div>\n<p><strong><u>Indicaciones<\/u><\/strong><\/p>\n<ul>\n<li>Fractura del ol\u00e9cranon<\/li>\n<\/ul>\n<p><strong><u>Tornillo<\/u><\/strong><\/p>\n<ul>\n<li>Tornillo de bloqueo de 2.7mm<\/li>\n<\/ul>\n<p>&nbsp;<\/p>\n<p><u><\/u><strong><u>Instrumentaci\u00f3n<\/u><\/strong><\/p>\n<ul>\n<li>2.4 Juego de instrumentos de bloqueo<\/li>\n<\/ul>\n","protected":false},"excerpt":{"rendered":"<p>Placa de bloqueo de ol\u00e9cranon U &#8211; indicada para fractura de ol\u00e9cranon con perfil de implante bajo que reduce las irritaciones de los tejidos blandos.<\/p>\n","protected":false},"featured_media":6522,"comment_status":"open","ping_status":"closed","template":"","meta":[],"product_brand":[],"product_cat":[56],"product_tag":[106],"class_list":{"0":"post-6521","1":"product","2":"type-product","3":"status-publish","4":"has-post-thumbnail","6":"product_cat-ortopedia","7":"product_tag-placa","9":"first","10":"instock","11":"shipping-taxable","12":"product-type-simple"},"_links":{"self":[{"href":"https:\/\/yimamedical.com\/productos\/wp-json\/wp\/v2\/product\/6521","targetHints":{"allow":["GET"]}}],"collection":[{"href":"https:\/\/yimamedical.com\/productos\/wp-json\/wp\/v2\/product"}],"about":[{"href":"https:\/\/yimamedical.com\/productos\/wp-json\/wp\/v2\/types\/product"}],"replies":[{"embeddable":true,"href":"https:\/\/yimamedical.com\/productos\/wp-json\/wp\/v2\/comments?post=6521"}],"wp:featuredmedia":[{"embeddable":true,"href":"https:\/\/yimamedical.com\/productos\/wp-json\/wp\/v2\/media\/6522"}],"wp:attachment":[{"href":"https:\/\/yimamedical.com\/productos\/wp-json\/wp\/v2\/media?parent=6521"}],"wp:term":[{"taxonomy":"product_brand","embeddable":true,"href":"https:\/\/yimamedical.com\/productos\/wp-json\/wp\/v2\/product_brand?post=6521"},{"taxonomy":"product_cat","embeddable":true,"href":"https:\/\/yimamedical.com\/productos\/wp-json\/wp\/v2\/product_cat?post=6521"},{"taxonomy":"product_tag","embeddable":true,"href":"https:\/\/yimamedical.com\/productos\/wp-json\/wp\/v2\/product_tag?post=6521"}],"curies":[{"name":"wp","href":"https:\/\/api.w.org\/{rel}","templated":true}]}}