{"id":6533,"date":"2025-08-05T22:21:44","date_gmt":"2025-08-05T22:21:44","guid":{"rendered":"https:\/\/yimamedical.com\/productos\/?post_type=product&#038;p=6533"},"modified":"2025-09-09T19:01:04","modified_gmt":"2025-09-09T19:01:04","slug":"placa-de-bloqueo-de-compresion-del-olecranon","status":"publish","type":"product","link":"https:\/\/yimamedical.com\/productos\/product\/placa-de-bloqueo-de-compresion-del-olecranon\/","title":{"rendered":"Placa de bloqueo de compresi\u00f3n del ol\u00e9cranon"},"content":{"rendered":"<p class=\"\"><b><u>Caracter\u00edstica\u00a0:<\/u><\/b><b><u><\/u><\/b><\/p>\n<p class=\"\">\u25cf La exclusiva estructura de presi\u00f3n de la ranura deslizante puede realizar una compresi\u00f3n eficaz en el extremo fracturado.<\/p>\n<p class=\"\">\u25cf\u00a0El dise\u00f1o de gancho de la cabeza, que puede evitar desgarrar el tend\u00f3n del tr\u00edceps, proporcionando una mejor fijaci\u00f3n<\/p>\n<p class=\"\">fuerza y \u200b\u200bestabilidad.<\/p>\n<p class=\"\">\u25cf Dise\u00f1o de orificio de sutura lateral, conveniente para reparar y suturar tendones.<\/p>\n<p class=\"\"><b><u>Indicaci\u00f3n\u00a0:<\/u><\/b><b><u><\/u><\/b><\/p>\n<p class=\"\" align=\"justify\">\u25cf Fractura simple de la met\u00e1fisis cubital, especialmente para el tipo de extremos de fractura que necesitan compresi\u00f3n.<\/p>\n<p class=\"\"><b><u>Tornillo:<\/u><\/b><b><u><\/u><\/b><\/p>\n<p class=\"\">\u25cf\u00a0Tornillo de bloqueo de\u00a03,5 mm<\/p>\n<p class=\"\">\u25cf\u00a0Tornillo de cortical de\u00a03,5 mm<\/p>\n<p class=\"\"><b><u>Instrumento\u00a0:<\/u><\/b><b><u><\/u><\/b><\/p>\n<p class=\"\">\u25cf Instrumento de bloqueo peque\u00f1o<\/p>\n<p class=\"\">\u25cf\u00a0115820300 Pinzas de reducci\u00f3n<\/p>\n<p class=\"\">\u25cf\u00a0Gu\u00eda de broca 115820100<\/p>\n","protected":false},"excerpt":{"rendered":"<p>Pertenece al sistema de fijaci\u00f3n Trauma Precision, y la exclusiva estructura de presi\u00f3n de ranura deslizante puede realizar una compresi\u00f3n efectiva en el extremo fracturado.<\/p>\n","protected":false},"featured_media":6534,"comment_status":"open","ping_status":"closed","template":"","meta":[],"product_brand":[],"product_cat":[56],"product_tag":[106],"class_list":{"0":"post-6533","1":"product","2":"type-product","3":"status-publish","4":"has-post-thumbnail","6":"product_cat-ortopedia","7":"product_tag-placa","9":"first","10":"instock","11":"shipping-taxable","12":"product-type-simple"},"_links":{"self":[{"href":"https:\/\/yimamedical.com\/productos\/wp-json\/wp\/v2\/product\/6533","targetHints":{"allow":["GET"]}}],"collection":[{"href":"https:\/\/yimamedical.com\/productos\/wp-json\/wp\/v2\/product"}],"about":[{"href":"https:\/\/yimamedical.com\/productos\/wp-json\/wp\/v2\/types\/product"}],"replies":[{"embeddable":true,"href":"https:\/\/yimamedical.com\/productos\/wp-json\/wp\/v2\/comments?post=6533"}],"wp:featuredmedia":[{"embeddable":true,"href":"https:\/\/yimamedical.com\/productos\/wp-json\/wp\/v2\/media\/6534"}],"wp:attachment":[{"href":"https:\/\/yimamedical.com\/productos\/wp-json\/wp\/v2\/media?parent=6533"}],"wp:term":[{"taxonomy":"product_brand","embeddable":true,"href":"https:\/\/yimamedical.com\/productos\/wp-json\/wp\/v2\/product_brand?post=6533"},{"taxonomy":"product_cat","embeddable":true,"href":"https:\/\/yimamedical.com\/productos\/wp-json\/wp\/v2\/product_cat?post=6533"},{"taxonomy":"product_tag","embeddable":true,"href":"https:\/\/yimamedical.com\/productos\/wp-json\/wp\/v2\/product_tag?post=6533"}],"curies":[{"name":"wp","href":"https:\/\/api.w.org\/{rel}","templated":true}]}}