{"id":6537,"date":"2025-08-05T22:33:04","date_gmt":"2025-08-05T22:33:04","guid":{"rendered":"https:\/\/yimamedical.com\/productos\/?post_type=product&#038;p=6537"},"modified":"2025-09-09T19:00:11","modified_gmt":"2025-09-09T19:00:11","slug":"placa-bloqueada-humeral-distal-sub-condilar","status":"publish","type":"product","link":"https:\/\/yimamedical.com\/productos\/product\/placa-bloqueada-humeral-distal-sub-condilar\/","title":{"rendered":"Placa Bloqueada Humeral Distal Sub-condilar"},"content":{"rendered":"<p><img decoding=\"async\" src=\"https:\/\/es.doublemedicalgp.com\/js\/htmledit\/kindeditor\/attached\/20200819\/20200819030443_83779.jpg\" alt=\"\" \/><\/p>\n<p><strong><u>Caracter\u00edstica<\/u><\/strong><\/p>\n<ul>\n<li>Un ajuste anat\u00f3mico mejorado de la placa minimiza la prominencia de la construcci\u00f3n.<\/li>\n<li>El dise\u00f1o de orificios m\u00faltiples &#8211; proporciona una fijaci\u00f3n fuerte y estable de la zona condilar, donde est\u00e1 a 5 cm &#8211; 10 cm por encima de la superficie articular.<\/li>\n<li>El dise\u00f1o de contacto limitado reduce el contacto de la placa &#8211; a &#8211; hueso, lo que reduce el deterioro del suministro de sangre peri\u00f3stica<\/li>\n<li>Precontour para adaptarse anat\u00f3micamente a TuberositasDeltoidea Humeri.<\/li>\n<\/ul>\n<p><strong><u>Indicaciones<\/u><\/strong><\/p>\n<ul>\n<li>La placa de bloqueo condilar sub &#8211; h\u00famero distal es una placa anat\u00f3micamente premoldeada que permite un tratamiento \u00f3ptimo de las fracturas condilares yuxta &#8211; articular distal humeral sub -, que se localizan en la secci\u00f3n entre 5 &#8211; 10cm por encima de la superficie articular.<\/li>\n<\/ul>\n<p><strong><u>Tornillo<\/u><\/strong><\/p>\n<ul>\n<li>Tornillo de bloqueo de 3.5mm<\/li>\n<li>Tornillo de cortical de 3.5mm<\/li>\n<\/ul>\n<p><strong><u>Instrumentaci\u00f3n<\/u><\/strong><\/p>\n<ul>\n<li>Peque\u00f1o juego de instrumentos de bloqueo<\/li>\n<\/ul>\n","protected":false},"excerpt":{"rendered":"<div>La\u00a0Placa Bloqueada Humeral Distal Sub-condilar es una placa anat\u00f3micamente premoldeada que permite una \u00f3ptima<\/div>\n<div>tratamiento de fracturas condilares de juxta &#8211; articular distal humeral sub -, que se localizan en la secci\u00f3n entre<\/div>\n<div>5 &#8211; 10cm por encima de la superficie articular.<\/div>\n","protected":false},"featured_media":6538,"comment_status":"open","ping_status":"closed","template":"","meta":[],"product_brand":[],"product_cat":[56],"product_tag":[106],"class_list":{"0":"post-6537","1":"product","2":"type-product","3":"status-publish","4":"has-post-thumbnail","6":"product_cat-ortopedia","7":"product_tag-placa","9":"first","10":"instock","11":"shipping-taxable","12":"product-type-simple"},"_links":{"self":[{"href":"https:\/\/yimamedical.com\/productos\/wp-json\/wp\/v2\/product\/6537","targetHints":{"allow":["GET"]}}],"collection":[{"href":"https:\/\/yimamedical.com\/productos\/wp-json\/wp\/v2\/product"}],"about":[{"href":"https:\/\/yimamedical.com\/productos\/wp-json\/wp\/v2\/types\/product"}],"replies":[{"embeddable":true,"href":"https:\/\/yimamedical.com\/productos\/wp-json\/wp\/v2\/comments?post=6537"}],"wp:featuredmedia":[{"embeddable":true,"href":"https:\/\/yimamedical.com\/productos\/wp-json\/wp\/v2\/media\/6538"}],"wp:attachment":[{"href":"https:\/\/yimamedical.com\/productos\/wp-json\/wp\/v2\/media?parent=6537"}],"wp:term":[{"taxonomy":"product_brand","embeddable":true,"href":"https:\/\/yimamedical.com\/productos\/wp-json\/wp\/v2\/product_brand?post=6537"},{"taxonomy":"product_cat","embeddable":true,"href":"https:\/\/yimamedical.com\/productos\/wp-json\/wp\/v2\/product_cat?post=6537"},{"taxonomy":"product_tag","embeddable":true,"href":"https:\/\/yimamedical.com\/productos\/wp-json\/wp\/v2\/product_tag?post=6537"}],"curies":[{"name":"wp","href":"https:\/\/api.w.org\/{rel}","templated":true}]}}