{"id":6542,"date":"2025-08-05T22:36:31","date_gmt":"2025-08-05T22:36:31","guid":{"rendered":"https:\/\/yimamedical.com\/productos\/?post_type=product&#038;p=6542"},"modified":"2025-09-09T18:59:13","modified_gmt":"2025-09-09T18:59:13","slug":"placa-bloqueada-humeral-distal-%e2%85%b1","status":"publish","type":"product","link":"https:\/\/yimamedical.com\/productos\/product\/placa-bloqueada-humeral-distal-%e2%85%b1\/","title":{"rendered":"Placa Bloqueada Humeral Distal \u2161"},"content":{"rendered":"<p><img decoding=\"async\" src=\"https:\/\/es.doublemedicalgp.com\/js\/htmledit\/kindeditor\/attached\/20200819\/20200819041453_41639.jpg\" alt=\"\" \/><\/p>\n<p><strong><u>Caracteristicas<\/u><\/strong><\/p>\n<ul>\n<li>Cinco tornillos angulares estables de 2.7mm para el bloque distal permiten la fijaci\u00f3n de fracturas extremadamente distales, especialmente in hueso osteopor\u00f3tico.<\/li>\n<li>Los perfiles planos y redondeados minimizan la irritaci\u00f3n de los tejidos blandos.<\/li>\n<li>Tres opciones adicionales para la fijaci\u00f3n del capitellum.<\/li>\n<\/ul>\n<p><u><\/u><strong><u>Indicaciones<\/u><\/strong><\/p>\n<ul>\n<li>Fracturas intraarticulares del h\u00famero distal<\/li>\n<li>Fracturas supracond\u00edleas del h\u00famero distal<\/li>\n<li>Seudoartrosis del h\u00famero distal<\/li>\n<\/ul>\n<p><strong><u>Tornillo<\/u><\/strong><\/p>\n<ul>\n<li>Tornillo de bloqueo de 3.5mm<\/li>\n<li>Tornillo de cortical de 3.5mm<\/li>\n<li>Tornillo de bloqueo de 2.7mm<\/li>\n<\/ul>\n<p><strong><u>Instrumentaci\u00f3n<\/u><\/strong><\/p>\n<ul>\n<li>Peque\u00f1o juego de instrumentos de bloqueo<\/li>\n<li>2.4 Juego de instrumentos de bloqueo<\/li>\n<\/ul>\n","protected":false},"excerpt":{"rendered":"<p>La Placa Bloqueada Humeral Distal \u2161\u00a0es\u00a0para\u00a0fracturas intraarticulares del h\u00famero distal con dise\u00f1o anat\u00f3micamente pre &#8211; contorneado.<\/p>\n","protected":false},"featured_media":6543,"comment_status":"open","ping_status":"closed","template":"","meta":[],"product_brand":[],"product_cat":[56],"product_tag":[106],"class_list":{"0":"post-6542","1":"product","2":"type-product","3":"status-publish","4":"has-post-thumbnail","6":"product_cat-ortopedia","7":"product_tag-placa","9":"first","10":"instock","11":"shipping-taxable","12":"product-type-simple"},"_links":{"self":[{"href":"https:\/\/yimamedical.com\/productos\/wp-json\/wp\/v2\/product\/6542","targetHints":{"allow":["GET"]}}],"collection":[{"href":"https:\/\/yimamedical.com\/productos\/wp-json\/wp\/v2\/product"}],"about":[{"href":"https:\/\/yimamedical.com\/productos\/wp-json\/wp\/v2\/types\/product"}],"replies":[{"embeddable":true,"href":"https:\/\/yimamedical.com\/productos\/wp-json\/wp\/v2\/comments?post=6542"}],"wp:featuredmedia":[{"embeddable":true,"href":"https:\/\/yimamedical.com\/productos\/wp-json\/wp\/v2\/media\/6543"}],"wp:attachment":[{"href":"https:\/\/yimamedical.com\/productos\/wp-json\/wp\/v2\/media?parent=6542"}],"wp:term":[{"taxonomy":"product_brand","embeddable":true,"href":"https:\/\/yimamedical.com\/productos\/wp-json\/wp\/v2\/product_brand?post=6542"},{"taxonomy":"product_cat","embeddable":true,"href":"https:\/\/yimamedical.com\/productos\/wp-json\/wp\/v2\/product_cat?post=6542"},{"taxonomy":"product_tag","embeddable":true,"href":"https:\/\/yimamedical.com\/productos\/wp-json\/wp\/v2\/product_tag?post=6542"}],"curies":[{"name":"wp","href":"https:\/\/api.w.org\/{rel}","templated":true}]}}