{"id":6553,"date":"2025-08-05T22:42:39","date_gmt":"2025-08-05T22:42:39","guid":{"rendered":"https:\/\/yimamedical.com\/productos\/?post_type=product&#038;p=6553"},"modified":"2025-09-09T18:55:57","modified_gmt":"2025-09-09T18:55:57","slug":"distal-medial-humeral-placa-de-bloqueo-para-reconstruccion-orificio-doble","status":"publish","type":"product","link":"https:\/\/yimamedical.com\/productos\/product\/distal-medial-humeral-placa-de-bloqueo-para-reconstruccion-orificio-doble\/","title":{"rendered":"Distal medial Humeral placa de bloqueo para reconstrucci\u00f3n, orificio doble"},"content":{"rendered":"<p><img decoding=\"async\" src=\"https:\/\/es.doublemedicalgp.com\/js\/htmledit\/kindeditor\/attached\/20201210\/20201210091039_25246.png\" alt=\"\" \/><\/p>\n<p class=\"p\"><b><u>Caracter\u00edsticas:<\/u><\/b><\/p>\n<p class=\"\">\u00b7La fijaci\u00f3n temporal se puede lograr sin esfuerzo a trav\u00e9s de Kirschner agujero de alambre en la nariz de la bala.<\/p>\n<p class=\"\">\u00b7 Punta de placa nasal tipo bala para una aplicaci\u00f3n m\u00e1s sencilla de la t\u00e9cnica quir\u00fargica m\u00ednimamente invasiva.<\/p>\n<p class=\"\">\u00b7 Anat\u00f3micamente precontorneado placa se adapta a la forma compleja de la parte medial del h\u00famero distal.<\/p>\n<p class=\"\"><b><u>Indicaci\u00f3n:<\/u><\/b><\/p>\n<p class=\"\">\u00b7 El distal humeral fractura<\/p>\n<p class=\"p\"><b><u>Tornillos:<\/u><\/b><\/p>\n<p class=\"\">\u00b7 3.5mm tornillo de bloqueo<\/p>\n<p class=\"\">\u00b7 3.5mm tornillo de cortical<\/p>\n<p class=\"\">\u00b7 4.0mm tornillo de esponjosa<\/p>\n<p class=\"p\"><b><u>Instrumento conjunto:<\/u><\/b><\/p>\n<p class=\"\">\u00b7 Peque\u00f1o juego de instrumentos de bloqueo<\/p>\n","protected":false},"excerpt":{"rendered":"<p>La fijaci\u00f3n temporal se puede lograr sin esfuerzo a trav\u00e9s de Kirschner agujero de alambre en la nariz de la bala.<\/p>\n","protected":false},"featured_media":6554,"comment_status":"open","ping_status":"closed","template":"","meta":[],"product_brand":[],"product_cat":[56],"product_tag":[106],"class_list":{"0":"post-6553","1":"product","2":"type-product","3":"status-publish","4":"has-post-thumbnail","6":"product_cat-ortopedia","7":"product_tag-placa","9":"first","10":"instock","11":"shipping-taxable","12":"product-type-simple"},"_links":{"self":[{"href":"https:\/\/yimamedical.com\/productos\/wp-json\/wp\/v2\/product\/6553","targetHints":{"allow":["GET"]}}],"collection":[{"href":"https:\/\/yimamedical.com\/productos\/wp-json\/wp\/v2\/product"}],"about":[{"href":"https:\/\/yimamedical.com\/productos\/wp-json\/wp\/v2\/types\/product"}],"replies":[{"embeddable":true,"href":"https:\/\/yimamedical.com\/productos\/wp-json\/wp\/v2\/comments?post=6553"}],"wp:featuredmedia":[{"embeddable":true,"href":"https:\/\/yimamedical.com\/productos\/wp-json\/wp\/v2\/media\/6554"}],"wp:attachment":[{"href":"https:\/\/yimamedical.com\/productos\/wp-json\/wp\/v2\/media?parent=6553"}],"wp:term":[{"taxonomy":"product_brand","embeddable":true,"href":"https:\/\/yimamedical.com\/productos\/wp-json\/wp\/v2\/product_brand?post=6553"},{"taxonomy":"product_cat","embeddable":true,"href":"https:\/\/yimamedical.com\/productos\/wp-json\/wp\/v2\/product_cat?post=6553"},{"taxonomy":"product_tag","embeddable":true,"href":"https:\/\/yimamedical.com\/productos\/wp-json\/wp\/v2\/product_tag?post=6553"}],"curies":[{"name":"wp","href":"https:\/\/api.w.org\/{rel}","templated":true}]}}