{"id":6572,"date":"2025-08-05T23:45:36","date_gmt":"2025-08-05T23:45:36","guid":{"rendered":"https:\/\/yimamedical.com\/productos\/?post_type=product&#038;p=6572"},"modified":"2025-09-09T18:28:31","modified_gmt":"2025-09-09T18:28:31","slug":"placa-bloqueada-humeral-proximal-%e2%85%b2","status":"publish","type":"product","link":"https:\/\/yimamedical.com\/productos\/product\/placa-bloqueada-humeral-proximal-%e2%85%b2\/","title":{"rendered":"Placa Bloqueada Humeral Proximal \u2162"},"content":{"rendered":"<p><strong><u>caracteristicas:<\/u><\/strong><\/p>\n<ul>\n<li>Placas anat\u00f3micamente contorneadas dise\u00f1adas para el h\u00famero derecho e izquierdo.<\/li>\n<li>Dos tornillos de bloqueo en el cuello de la placa dirigen los tornillos al calcar.<\/li>\n<li>No irrita el surco bicipital ni el tend\u00f3n.<\/li>\n<li>Los orificios de sutura con cortes de sutura ayudan en la reducci\u00f3n y la reinserci\u00f3n del ligamento alrededor del per\u00edmetro de la cabeza de la placa.<\/li>\n<\/ul>\n<div><\/div>\n<p><strong><u>Indicaci\u00f3n:<\/u><\/strong><\/p>\n<p>H\u00famero proximal<\/p>\n<ul>\n<li>Fracturas complejas<\/li>\n<li>Dislocaciones por fractura<\/li>\n<li>Seudoartrosis \u00f3sea<\/li>\n<li>Osteotom\u00edas<\/li>\n<\/ul>\n<div><\/div>\n<p><strong><u>Empulgueras:<\/u><\/strong><\/p>\n<ul>\n<li>Tornillo de bloqueo de 3.5 mm<\/li>\n<li>Tornillo de cortical de 3.5 mm<\/li>\n<\/ul>\n<p><strong><u>Juego de instrumentos:<\/u><\/strong><\/p>\n<ul>\n<li>Peque\u00f1o juego de instrumentos de bloqueo<\/li>\n<\/ul>\n","protected":false},"excerpt":{"rendered":"<p>Placas anat\u00f3micamente contorneadas dise\u00f1adas para el h\u00famero derecho e izquierdo.<\/p>\n","protected":false},"featured_media":6573,"comment_status":"open","ping_status":"closed","template":"","meta":[],"product_brand":[],"product_cat":[56],"product_tag":[106],"class_list":{"0":"post-6572","1":"product","2":"type-product","3":"status-publish","4":"has-post-thumbnail","6":"product_cat-ortopedia","7":"product_tag-placa","9":"first","10":"instock","11":"shipping-taxable","12":"product-type-simple"},"_links":{"self":[{"href":"https:\/\/yimamedical.com\/productos\/wp-json\/wp\/v2\/product\/6572","targetHints":{"allow":["GET"]}}],"collection":[{"href":"https:\/\/yimamedical.com\/productos\/wp-json\/wp\/v2\/product"}],"about":[{"href":"https:\/\/yimamedical.com\/productos\/wp-json\/wp\/v2\/types\/product"}],"replies":[{"embeddable":true,"href":"https:\/\/yimamedical.com\/productos\/wp-json\/wp\/v2\/comments?post=6572"}],"wp:featuredmedia":[{"embeddable":true,"href":"https:\/\/yimamedical.com\/productos\/wp-json\/wp\/v2\/media\/6573"}],"wp:attachment":[{"href":"https:\/\/yimamedical.com\/productos\/wp-json\/wp\/v2\/media?parent=6572"}],"wp:term":[{"taxonomy":"product_brand","embeddable":true,"href":"https:\/\/yimamedical.com\/productos\/wp-json\/wp\/v2\/product_brand?post=6572"},{"taxonomy":"product_cat","embeddable":true,"href":"https:\/\/yimamedical.com\/productos\/wp-json\/wp\/v2\/product_cat?post=6572"},{"taxonomy":"product_tag","embeddable":true,"href":"https:\/\/yimamedical.com\/productos\/wp-json\/wp\/v2\/product_tag?post=6572"}],"curies":[{"name":"wp","href":"https:\/\/api.w.org\/{rel}","templated":true}]}}