{"id":6577,"date":"2025-08-05T23:51:59","date_gmt":"2025-08-05T23:51:59","guid":{"rendered":"https:\/\/yimamedical.com\/productos\/?post_type=product&#038;p=6577"},"modified":"2025-09-09T17:31:57","modified_gmt":"2025-09-09T17:31:57","slug":"placa-bloqueada-humeral-proximal-para-gran-tuberosidad","status":"publish","type":"product","link":"https:\/\/yimamedical.com\/productos\/product\/placa-bloqueada-humeral-proximal-para-gran-tuberosidad\/","title":{"rendered":"Placa Bloqueada Humeral Proximal para Gran Tuberosidad"},"content":{"rendered":"<p><img decoding=\"async\" src=\"https:\/\/es.doublemedicalgp.com\/js\/htmledit\/kindeditor\/attached\/20200819\/20200819083620_59145.jpg\" alt=\"\" \/><\/p>\n<p><strong><u>Caracteristicas<\/u><\/strong><\/p>\n<ul>\n<li>Aumentar el grosor de 1,5mm a 2.4mm proporciona una mejor resistencia.<\/li>\n<li>El dise\u00f1o especial de la columna de sutura facilita la costura de ligamentos y tendones.<\/li>\n<li>Utilice la cortical de 3.5mm y el tornillo de bloqueo in agujeros proximales, proporcionan una fijaci\u00f3n m\u00e1s fuerte.<\/li>\n<\/ul>\n<p><strong><u>Indicaci\u00f3n<\/u><\/strong><\/p>\n<ul>\n<li>Fractura por avulsi\u00f3n de la tuberosidad mayor del h\u00famero proximal<\/li>\n<\/ul>\n<p><strong><u>Tornillo<\/u><\/strong><\/p>\n<ul>\n<li>Tornillo de bloqueo de 3.5mm<\/li>\n<li>Tornillo de cortical de 3.5mm<\/li>\n<\/ul>\n<p><strong><u>Instrumentaci\u00f3n<\/u><\/strong><\/p>\n<ul>\n<li>Peque\u00f1o juego de instrumentos de bloqueo<\/li>\n<\/ul>\n","protected":false},"excerpt":{"rendered":"<p>La Placa Bloqueada Humeral Proximal para Gran Tuberosidad\u00a0es el dise\u00f1o ideal para la reducci\u00f3n anat\u00f3mica y la estabilizaci\u00f3n de las fracturas por avulsi\u00f3n de la tuberosidad mayor del h\u00famero proximal.<\/p>\n","protected":false},"featured_media":6578,"comment_status":"open","ping_status":"closed","template":"","meta":[],"product_brand":[],"product_cat":[56],"product_tag":[106],"class_list":{"0":"post-6577","1":"product","2":"type-product","3":"status-publish","4":"has-post-thumbnail","6":"product_cat-ortopedia","7":"product_tag-placa","9":"first","10":"instock","11":"shipping-taxable","12":"product-type-simple"},"_links":{"self":[{"href":"https:\/\/yimamedical.com\/productos\/wp-json\/wp\/v2\/product\/6577","targetHints":{"allow":["GET"]}}],"collection":[{"href":"https:\/\/yimamedical.com\/productos\/wp-json\/wp\/v2\/product"}],"about":[{"href":"https:\/\/yimamedical.com\/productos\/wp-json\/wp\/v2\/types\/product"}],"replies":[{"embeddable":true,"href":"https:\/\/yimamedical.com\/productos\/wp-json\/wp\/v2\/comments?post=6577"}],"wp:featuredmedia":[{"embeddable":true,"href":"https:\/\/yimamedical.com\/productos\/wp-json\/wp\/v2\/media\/6578"}],"wp:attachment":[{"href":"https:\/\/yimamedical.com\/productos\/wp-json\/wp\/v2\/media?parent=6577"}],"wp:term":[{"taxonomy":"product_brand","embeddable":true,"href":"https:\/\/yimamedical.com\/productos\/wp-json\/wp\/v2\/product_brand?post=6577"},{"taxonomy":"product_cat","embeddable":true,"href":"https:\/\/yimamedical.com\/productos\/wp-json\/wp\/v2\/product_cat?post=6577"},{"taxonomy":"product_tag","embeddable":true,"href":"https:\/\/yimamedical.com\/productos\/wp-json\/wp\/v2\/product_tag?post=6577"}],"curies":[{"name":"wp","href":"https:\/\/api.w.org\/{rel}","templated":true}]}}