{"id":6586,"date":"2025-08-14T18:07:14","date_gmt":"2025-08-14T18:07:14","guid":{"rendered":"https:\/\/yimamedical.com\/productos\/?post_type=product&#038;p=6586"},"modified":"2025-09-05T19:39:16","modified_gmt":"2025-09-05T19:39:16","slug":"placa-bloqueada-clavicular-con-gancho-ii","status":"publish","type":"product","link":"https:\/\/yimamedical.com\/productos\/product\/placa-bloqueada-clavicular-con-gancho-ii\/","title":{"rendered":"Placa Bloqueada Clavicular con Gancho II"},"content":{"rendered":"<p><strong><u>Grosor:<\/u><\/strong>3.5mm<\/p>\n<p>&nbsp;<\/p>\n<p><strong><u>Anchura:<\/u><\/strong>10mm<\/p>\n<p><strong><u>Material:<\/u><\/strong>Titanio<\/p>\n<p><strong><u>Empulgueras:<\/u><\/strong>3.5mmTornillo de bloqueo\/ Tornillo de cortical de 3.5mm<\/p>\n<p><strong><u>caracteristicas:<\/u><\/strong><\/p>\n<ul>\n<li>Reduce el riesgo de da\u00f1ar las estructuras circundantes<\/li>\n<li>Menor prominencia del plato<\/li>\n<li>Perforaci\u00f3n e inserci\u00f3n de tornillos m\u00e1s f\u00e1ciles<\/li>\n<li>Colocaci\u00f3n de placa m\u00e1s sencilla<\/li>\n<\/ul>\n<div><\/div>\n<p><strong><u>Indicaciones:<\/u><\/strong><u><\/u><\/p>\n<ul>\n<li>Fractura de clav\u00edcula, luxaci\u00f3n de la articulaci\u00f3n A &#8211; C.<\/li>\n<\/ul>\n<p><strong><u>Juego de instrumentos:<\/u><\/strong><\/p>\n<ul>\n<li>Peque\u00f1o juego de instrumentos de bloqueo<\/li>\n<\/ul>\n","protected":false},"excerpt":{"rendered":"<p>La Placa Bloqueada Clavicular con Gancho II\u00a0se utiliza en el tratamiento de la fractura de clav\u00edcula, A &#8211; C luxaci\u00f3n de la articulaci\u00f3n.<\/p>\n","protected":false},"featured_media":6587,"comment_status":"open","ping_status":"closed","template":"","meta":[],"product_brand":[],"product_cat":[56],"product_tag":[106],"class_list":{"0":"post-6586","1":"product","2":"type-product","3":"status-publish","4":"has-post-thumbnail","6":"product_cat-ortopedia","7":"product_tag-placa","9":"first","10":"instock","11":"shipping-taxable","12":"product-type-simple"},"_links":{"self":[{"href":"https:\/\/yimamedical.com\/productos\/wp-json\/wp\/v2\/product\/6586","targetHints":{"allow":["GET"]}}],"collection":[{"href":"https:\/\/yimamedical.com\/productos\/wp-json\/wp\/v2\/product"}],"about":[{"href":"https:\/\/yimamedical.com\/productos\/wp-json\/wp\/v2\/types\/product"}],"replies":[{"embeddable":true,"href":"https:\/\/yimamedical.com\/productos\/wp-json\/wp\/v2\/comments?post=6586"}],"wp:featuredmedia":[{"embeddable":true,"href":"https:\/\/yimamedical.com\/productos\/wp-json\/wp\/v2\/media\/6587"}],"wp:attachment":[{"href":"https:\/\/yimamedical.com\/productos\/wp-json\/wp\/v2\/media?parent=6586"}],"wp:term":[{"taxonomy":"product_brand","embeddable":true,"href":"https:\/\/yimamedical.com\/productos\/wp-json\/wp\/v2\/product_brand?post=6586"},{"taxonomy":"product_cat","embeddable":true,"href":"https:\/\/yimamedical.com\/productos\/wp-json\/wp\/v2\/product_cat?post=6586"},{"taxonomy":"product_tag","embeddable":true,"href":"https:\/\/yimamedical.com\/productos\/wp-json\/wp\/v2\/product_tag?post=6586"}],"curies":[{"name":"wp","href":"https:\/\/api.w.org\/{rel}","templated":true}]}}