{"id":6588,"date":"2025-08-14T18:09:28","date_gmt":"2025-08-14T18:09:28","guid":{"rendered":"https:\/\/yimamedical.com\/productos\/?post_type=product&#038;p=6588"},"modified":"2025-09-05T19:38:31","modified_gmt":"2025-09-05T19:38:31","slug":"placa-bloqueada-clavicular-distal-superior-anterior","status":"publish","type":"product","link":"https:\/\/yimamedical.com\/productos\/product\/placa-bloqueada-clavicular-distal-superior-anterior\/","title":{"rendered":"Placa Bloqueada Clavicular Distal Superior Anterior"},"content":{"rendered":"<p><img decoding=\"async\" src=\"https:\/\/es.doublemedicalgp.com\/js\/htmledit\/kindeditor\/attached\/20200820\/20200820021248_44931.png\" alt=\"\" \/><\/p>\n<p><strong><u>caracteristicas:<\/u><\/strong><\/p>\n<ul>\n<li>La punta c\u00f3nica de la placa facilita la inserci\u00f3n percut\u00e1nea y la operaci\u00f3n MIS.<\/li>\n<li>Curva anat\u00f3mica con excelente ajuste a la clav\u00edcula.<\/li>\n<li>Estructura fija de bloqueo en \u00e1ngulo &#8211; en la cabeza de la clav\u00edcula distal permite la inserci\u00f3n de tornillos de bloqueo de 2.4mm.<\/li>\n<\/ul>\n<p><strong><u>Indicaciones:<\/u><\/strong><\/p>\n<ul>\n<li>Fracturas de clav\u00edcula distal<\/li>\n<li>Maluniones de clav\u00edcula distal<\/li>\n<li>No &#8211; uniones de clav\u00edcula distal<\/li>\n<\/ul>\n<p><strong><u>Empulgueras:<\/u><\/strong><\/p>\n<ul>\n<li>Tornillo de bloqueo de 3.5mm<\/li>\n<li>Tornillo de cortical de 3.5mm<\/li>\n<li>Tornillo de bloqueo de 2.4mm<\/li>\n<\/ul>\n<p><strong><u>Instrumentaci\u00f3n:<\/u><\/strong><\/p>\n<ul>\n<li>Peque\u00f1o juego de instrumentos de bloqueo<\/li>\n<li>2.4 Juego de instrumentos de bloqueo<\/li>\n<\/ul>\n","protected":false},"excerpt":{"rendered":"<p>La Placa Bloqueada Clavicular Distal Superior Anterior tiene seis agujeros de fijaci\u00f3n con amplia cobertura\u00a0en la clav\u00edcula distal, que proporciona una \u00f3ptima\u00a0distribuci\u00f3n de tensi\u00f3n y fijaci\u00f3n para\u00a0m\u00faltiples patrones de fractura.<\/p>\n","protected":false},"featured_media":6589,"comment_status":"open","ping_status":"closed","template":"","meta":[],"product_brand":[],"product_cat":[56],"product_tag":[106],"class_list":{"0":"post-6588","1":"product","2":"type-product","3":"status-publish","4":"has-post-thumbnail","6":"product_cat-ortopedia","7":"product_tag-placa","9":"first","10":"instock","11":"shipping-taxable","12":"product-type-simple"},"_links":{"self":[{"href":"https:\/\/yimamedical.com\/productos\/wp-json\/wp\/v2\/product\/6588","targetHints":{"allow":["GET"]}}],"collection":[{"href":"https:\/\/yimamedical.com\/productos\/wp-json\/wp\/v2\/product"}],"about":[{"href":"https:\/\/yimamedical.com\/productos\/wp-json\/wp\/v2\/types\/product"}],"replies":[{"embeddable":true,"href":"https:\/\/yimamedical.com\/productos\/wp-json\/wp\/v2\/comments?post=6588"}],"wp:featuredmedia":[{"embeddable":true,"href":"https:\/\/yimamedical.com\/productos\/wp-json\/wp\/v2\/media\/6589"}],"wp:attachment":[{"href":"https:\/\/yimamedical.com\/productos\/wp-json\/wp\/v2\/media?parent=6588"}],"wp:term":[{"taxonomy":"product_brand","embeddable":true,"href":"https:\/\/yimamedical.com\/productos\/wp-json\/wp\/v2\/product_brand?post=6588"},{"taxonomy":"product_cat","embeddable":true,"href":"https:\/\/yimamedical.com\/productos\/wp-json\/wp\/v2\/product_cat?post=6588"},{"taxonomy":"product_tag","embeddable":true,"href":"https:\/\/yimamedical.com\/productos\/wp-json\/wp\/v2\/product_tag?post=6588"}],"curies":[{"name":"wp","href":"https:\/\/api.w.org\/{rel}","templated":true}]}}