{"id":6592,"date":"2025-08-14T18:11:18","date_gmt":"2025-08-14T18:11:18","guid":{"rendered":"https:\/\/yimamedical.com\/productos\/?post_type=product&#038;p=6592"},"modified":"2025-09-05T19:37:43","modified_gmt":"2025-09-05T19:37:43","slug":"placa-bloqueada-clavicular-distal-i","status":"publish","type":"product","link":"https:\/\/yimamedical.com\/productos\/product\/placa-bloqueada-clavicular-distal-i\/","title":{"rendered":"Placa Bloqueada Clavicular Distal I"},"content":{"rendered":"<p><u><strong>caracteristicas:<\/strong><\/u><\/p>\n<ul>\n<li>Disponible en dise\u00f1o izquierdo o derecho con diferentes tama\u00f1os de tres a ocho agujeros.<\/li>\n<li>Construcci\u00f3n de bloqueo de \u00e1ngulo &#8211; fijo en la cabeza de la clav\u00edcula distal permite la inserci\u00f3n de tornillos de bloqueo de 2.4mm.<\/li>\n<\/ul>\n<div><\/div>\n<p><u><strong>Indicaciones:<\/strong><\/u><\/p>\n<ul>\n<li>Fracturas de clav\u00edcula distal<\/li>\n<li>Maluniones de clav\u00edcula distal<\/li>\n<li>No &#8211; uniones de clav\u00edcula distal<\/li>\n<\/ul>\n<p><u><strong>Empulgueras:<\/strong><\/u><\/p>\n<ul>\n<li>Tornillo de bloqueo de 3.5mm<\/li>\n<li>Tornillo de cortical de 3.5mm<\/li>\n<li>Tornillo de bloqueo de 2.4mm<\/li>\n<\/ul>\n<p><strong><u>Instrumentaci\u00f3n:<\/u><\/strong><\/p>\n<ul>\n<li>Peque\u00f1o juego de instrumentos de bloqueo<\/li>\n<li>2.4 Juego de instrumentos de bloqueo<\/li>\n<\/ul>\n","protected":false},"excerpt":{"rendered":"<div class=\"main\">La Placa Bloqueada Clavicular Distal I tiene la curva de contorno anat\u00f3mica con\u00a0excelente ajuste a la clav\u00edcula.<\/div>\n","protected":false},"featured_media":6593,"comment_status":"open","ping_status":"closed","template":"","meta":[],"product_brand":[],"product_cat":[56],"product_tag":[106],"class_list":{"0":"post-6592","1":"product","2":"type-product","3":"status-publish","4":"has-post-thumbnail","6":"product_cat-ortopedia","7":"product_tag-placa","9":"first","10":"instock","11":"shipping-taxable","12":"product-type-simple"},"_links":{"self":[{"href":"https:\/\/yimamedical.com\/productos\/wp-json\/wp\/v2\/product\/6592","targetHints":{"allow":["GET"]}}],"collection":[{"href":"https:\/\/yimamedical.com\/productos\/wp-json\/wp\/v2\/product"}],"about":[{"href":"https:\/\/yimamedical.com\/productos\/wp-json\/wp\/v2\/types\/product"}],"replies":[{"embeddable":true,"href":"https:\/\/yimamedical.com\/productos\/wp-json\/wp\/v2\/comments?post=6592"}],"wp:featuredmedia":[{"embeddable":true,"href":"https:\/\/yimamedical.com\/productos\/wp-json\/wp\/v2\/media\/6593"}],"wp:attachment":[{"href":"https:\/\/yimamedical.com\/productos\/wp-json\/wp\/v2\/media?parent=6592"}],"wp:term":[{"taxonomy":"product_brand","embeddable":true,"href":"https:\/\/yimamedical.com\/productos\/wp-json\/wp\/v2\/product_brand?post=6592"},{"taxonomy":"product_cat","embeddable":true,"href":"https:\/\/yimamedical.com\/productos\/wp-json\/wp\/v2\/product_cat?post=6592"},{"taxonomy":"product_tag","embeddable":true,"href":"https:\/\/yimamedical.com\/productos\/wp-json\/wp\/v2\/product_tag?post=6592"}],"curies":[{"name":"wp","href":"https:\/\/api.w.org\/{rel}","templated":true}]}}