{"id":6600,"date":"2025-08-14T18:20:11","date_gmt":"2025-08-14T18:20:11","guid":{"rendered":"https:\/\/yimamedical.com\/productos\/?post_type=product&#038;p=6600"},"modified":"2025-09-05T19:35:27","modified_gmt":"2025-09-05T19:35:27","slug":"placa-bloqueada-clavicular-superior-anterior-%e2%85%b1","status":"publish","type":"product","link":"https:\/\/yimamedical.com\/productos\/product\/placa-bloqueada-clavicular-superior-anterior-%e2%85%b1\/","title":{"rendered":"Placa Bloqueada Clavicular Superior Anterior \u2161"},"content":{"rendered":"<p><strong><u>caracteristicas:<\/u><\/strong><\/p>\n<ul>\n<li>La punta c\u00f3nica de la placa facilita la inserci\u00f3n percut\u00e1nea y la operaci\u00f3n MIS.<\/li>\n<li>Curva anat\u00f3mica con excelente ajuste a la clav\u00edcula.<\/li>\n<li>El dise\u00f1o retorcido \u00fanico combina las ventajas de la colocaci\u00f3n anterior lateral y la colocaci\u00f3n anterior medial.<\/li>\n<li>Inscripciones de direcci\u00f3n con flecha lateral y signo de izquierda o derecha.<\/li>\n<\/ul>\n<div><\/div>\n<p><strong><u>Indicaci\u00f3n:<\/u><\/strong><\/p>\n<ul>\n<li>Fracturas del eje de la clav\u00edcula.<\/li>\n<li>Uniones defectuosas del eje de la clav\u00edcula.<\/li>\n<li>No uniones del eje de la clav\u00edcula<\/li>\n<\/ul>\n<p class=\"p\"><b><u>Empulgueras:<\/u><\/b><\/p>\n<ul>\n<li>Tornillo de bloqueo de 3.5 mm<\/li>\n<li>Tornillo de cortical de 3.5 mm<\/li>\n<li>Tornillo de esponjosa de 4.0 mm<\/li>\n<\/ul>\n<p class=\"p\"><b><u>Juego de instrumentos:<\/u><\/b><\/p>\n<ul>\n<li>Peque\u00f1o juego de instrumentos de bloqueo<\/li>\n<\/ul>\n","protected":false},"excerpt":{"rendered":"<p>La punta c\u00f3nica de la Placa Bloqueada Clavicular Superior Anterior \u2161 facilita la inserci\u00f3n percut\u00e1nea y la operaci\u00f3n MIS.<\/p>\n","protected":false},"featured_media":6601,"comment_status":"open","ping_status":"closed","template":"","meta":[],"product_brand":[],"product_cat":[56],"product_tag":[106],"class_list":{"0":"post-6600","1":"product","2":"type-product","3":"status-publish","4":"has-post-thumbnail","6":"product_cat-ortopedia","7":"product_tag-placa","9":"first","10":"instock","11":"shipping-taxable","12":"product-type-simple"},"_links":{"self":[{"href":"https:\/\/yimamedical.com\/productos\/wp-json\/wp\/v2\/product\/6600","targetHints":{"allow":["GET"]}}],"collection":[{"href":"https:\/\/yimamedical.com\/productos\/wp-json\/wp\/v2\/product"}],"about":[{"href":"https:\/\/yimamedical.com\/productos\/wp-json\/wp\/v2\/types\/product"}],"replies":[{"embeddable":true,"href":"https:\/\/yimamedical.com\/productos\/wp-json\/wp\/v2\/comments?post=6600"}],"wp:featuredmedia":[{"embeddable":true,"href":"https:\/\/yimamedical.com\/productos\/wp-json\/wp\/v2\/media\/6601"}],"wp:attachment":[{"href":"https:\/\/yimamedical.com\/productos\/wp-json\/wp\/v2\/media?parent=6600"}],"wp:term":[{"taxonomy":"product_brand","embeddable":true,"href":"https:\/\/yimamedical.com\/productos\/wp-json\/wp\/v2\/product_brand?post=6600"},{"taxonomy":"product_cat","embeddable":true,"href":"https:\/\/yimamedical.com\/productos\/wp-json\/wp\/v2\/product_cat?post=6600"},{"taxonomy":"product_tag","embeddable":true,"href":"https:\/\/yimamedical.com\/productos\/wp-json\/wp\/v2\/product_tag?post=6600"}],"curies":[{"name":"wp","href":"https:\/\/api.w.org\/{rel}","templated":true}]}}