{"id":6613,"date":"2025-08-14T18:41:05","date_gmt":"2025-08-14T18:41:05","guid":{"rendered":"https:\/\/yimamedical.com\/productos\/?post_type=product&#038;p=6613"},"modified":"2025-09-05T19:30:51","modified_gmt":"2025-09-05T19:30:51","slug":"placa-bloqueada-para-acromio","status":"publish","type":"product","link":"https:\/\/yimamedical.com\/productos\/product\/placa-bloqueada-para-acromio\/","title":{"rendered":"Placa Bloqueada para Acromio"},"content":{"rendered":"<p><img decoding=\"async\" src=\"https:\/\/es.doublemedicalgp.com\/js\/htmledit\/kindeditor\/attached\/20200820\/20200820014822_98781.jpg\" alt=\"\" \/><\/p>\n<p><strong><u>caracteristicas:<\/u><\/strong><\/p>\n<ul>\n<li>TEl \u00fanico fabricante de soporte especializadoproductos para fractura escapular.<\/li>\n<li>La izquierda y la derecha est\u00e1n anodizadas en diferentecolores para una f\u00e1cil identificaci\u00f3n.<\/li>\n<\/ul>\n<p><strong><u>Indicaciones:<\/u><\/strong><\/p>\n<ul>\n<li>La fractura del acromion<\/li>\n<li>La fractura de la mesoscapula.<\/li>\n<li>La fractura de la ap\u00f3fisis coracoides.<\/li>\n<li>La fractura del cuello escapular lateral de la base del acromion.<\/li>\n<li>La fractura del cuello escapular, la l\u00ednea de fractura pasa a trav\u00e9s de la base del acromion o mesoscapula.<\/li>\n<li>La fractura de la cavidad glenoidea.<\/li>\n<li>La fractura de la di\u00e1fisis escapular.<\/li>\n<\/ul>\n<div><\/div>\n<p><strong><u>Empulgueras:<\/u><\/strong><\/p>\n<ul>\n<li>Tornillo de bloqueo de 2.7mm, autoperforaci\u00f3n &#8211;<\/li>\n<\/ul>\n<div><\/div>\n<p><u><\/u><strong><u>Instrumentaci\u00f3n:<\/u><\/strong><\/p>\n<ul>\n<li>2.4 Juego de instrumentos de bloqueo<\/li>\n<\/ul>\n","protected":false},"excerpt":{"rendered":"<p>Estas placas de contorno anat\u00f3mico para esc\u00e1pula son una buena opci\u00f3n como soluci\u00f3n para diferentes fracturas escapulares.<\/p>\n","protected":false},"featured_media":6614,"comment_status":"open","ping_status":"closed","template":"","meta":[],"product_brand":[],"product_cat":[56],"product_tag":[106],"class_list":{"0":"post-6613","1":"product","2":"type-product","3":"status-publish","4":"has-post-thumbnail","6":"product_cat-ortopedia","7":"product_tag-placa","9":"first","10":"instock","11":"shipping-taxable","12":"product-type-simple"},"_links":{"self":[{"href":"https:\/\/yimamedical.com\/productos\/wp-json\/wp\/v2\/product\/6613","targetHints":{"allow":["GET"]}}],"collection":[{"href":"https:\/\/yimamedical.com\/productos\/wp-json\/wp\/v2\/product"}],"about":[{"href":"https:\/\/yimamedical.com\/productos\/wp-json\/wp\/v2\/types\/product"}],"replies":[{"embeddable":true,"href":"https:\/\/yimamedical.com\/productos\/wp-json\/wp\/v2\/comments?post=6613"}],"wp:featuredmedia":[{"embeddable":true,"href":"https:\/\/yimamedical.com\/productos\/wp-json\/wp\/v2\/media\/6614"}],"wp:attachment":[{"href":"https:\/\/yimamedical.com\/productos\/wp-json\/wp\/v2\/media?parent=6613"}],"wp:term":[{"taxonomy":"product_brand","embeddable":true,"href":"https:\/\/yimamedical.com\/productos\/wp-json\/wp\/v2\/product_brand?post=6613"},{"taxonomy":"product_cat","embeddable":true,"href":"https:\/\/yimamedical.com\/productos\/wp-json\/wp\/v2\/product_cat?post=6613"},{"taxonomy":"product_tag","embeddable":true,"href":"https:\/\/yimamedical.com\/productos\/wp-json\/wp\/v2\/product_tag?post=6613"}],"curies":[{"name":"wp","href":"https:\/\/api.w.org\/{rel}","templated":true}]}}