{"id":6619,"date":"2025-08-14T18:46:00","date_gmt":"2025-08-14T18:46:00","guid":{"rendered":"https:\/\/yimamedical.com\/productos\/?post_type=product&#038;p=6619"},"modified":"2025-09-05T19:28:34","modified_gmt":"2025-09-05T19:28:34","slug":"dispositivo-de-terapia-de-heridas-de-presion-negativa","status":"publish","type":"product","link":"https:\/\/yimamedical.com\/productos\/product\/dispositivo-de-terapia-de-heridas-de-presion-negativa\/","title":{"rendered":"Dispositivo de terapia de heridas de presi\u00f3n negativa"},"content":{"rendered":"<p><img decoding=\"async\" src=\"https:\/\/es.doublemedicalgp.com\/js\/htmledit\/kindeditor\/attached\/20201215\/20201215141711_18293.png\" alt=\"\" \/><\/p>\n<p><strong><u>Caracteristicas:<\/u><\/strong><\/p>\n<ul>\n<li>Sistema de terapia de heridas de presi\u00f3n negativa multifuncional y de gran capacidad<\/li>\n<li>Dos patrones de trabajo: continuo, intermitente<\/li>\n<li>Presi\u00f3n negativa de salida aumentada<\/li>\n<li>Sistema de monitoreo inteligente y m\u00faltiples advertencias de falla por fuga, bajo voltaje y desbordamiento<\/li>\n<li>Bater\u00eda incorporada, duradera, tiempo de espera m\u00e1ximo de 22 horas<\/li>\n<\/ul>\n<p><strong><u>Indicaciones:<\/u><\/strong><\/p>\n<ul>\n<li>Heridas del pie diab\u00e9tico<\/li>\n<li>Heridas cr\u00f3nicas (por ejemplo, \u00falceras por presi\u00f3n y \u00falceras en las extremidades inferiores)<\/li>\n<li>Heridas agudas y traum\u00e1ticas<\/li>\n<\/ul>\n","protected":false},"excerpt":{"rendered":"<p>El dispositivo de terapia de heridas de presi\u00f3n negativa combina las ventajas de dise\u00f1o de una mayor presi\u00f3n, un sistema de monitoreo inteligente y una bater\u00eda incorporada, que cubre las indicaciones de heridas del pie diab\u00e9tico, \u00falceras por presi\u00f3n y heridas traum\u00e1ticas.<\/p>\n","protected":false},"featured_media":6620,"comment_status":"open","ping_status":"closed","template":"","meta":[],"product_brand":[],"product_cat":[87],"product_tag":[104],"class_list":{"0":"post-6619","1":"product","2":"type-product","3":"status-publish","4":"has-post-thumbnail","6":"product_cat-tratamiento-de-heridas","7":"product_tag-sistema-de-npwt","9":"first","10":"instock","11":"shipping-taxable","12":"product-type-simple"},"_links":{"self":[{"href":"https:\/\/yimamedical.com\/productos\/wp-json\/wp\/v2\/product\/6619","targetHints":{"allow":["GET"]}}],"collection":[{"href":"https:\/\/yimamedical.com\/productos\/wp-json\/wp\/v2\/product"}],"about":[{"href":"https:\/\/yimamedical.com\/productos\/wp-json\/wp\/v2\/types\/product"}],"replies":[{"embeddable":true,"href":"https:\/\/yimamedical.com\/productos\/wp-json\/wp\/v2\/comments?post=6619"}],"wp:featuredmedia":[{"embeddable":true,"href":"https:\/\/yimamedical.com\/productos\/wp-json\/wp\/v2\/media\/6620"}],"wp:attachment":[{"href":"https:\/\/yimamedical.com\/productos\/wp-json\/wp\/v2\/media?parent=6619"}],"wp:term":[{"taxonomy":"product_brand","embeddable":true,"href":"https:\/\/yimamedical.com\/productos\/wp-json\/wp\/v2\/product_brand?post=6619"},{"taxonomy":"product_cat","embeddable":true,"href":"https:\/\/yimamedical.com\/productos\/wp-json\/wp\/v2\/product_cat?post=6619"},{"taxonomy":"product_tag","embeddable":true,"href":"https:\/\/yimamedical.com\/productos\/wp-json\/wp\/v2\/product_tag?post=6619"}],"curies":[{"name":"wp","href":"https:\/\/api.w.org\/{rel}","templated":true}]}}