{"id":6641,"date":"2025-08-14T19:16:42","date_gmt":"2025-08-14T19:16:42","guid":{"rendered":"https:\/\/yimamedical.com\/productos\/?post_type=product&#038;p=6641"},"modified":"2025-09-05T19:18:13","modified_gmt":"2025-09-05T19:18:13","slug":"kit-de-aposito-de-espuma-de-presion-negativa-de-pva","status":"publish","type":"product","link":"https:\/\/yimamedical.com\/productos\/product\/kit-de-aposito-de-espuma-de-presion-negativa-de-pva\/","title":{"rendered":"Kit de ap\u00f3sito de espuma de presi\u00f3n negativa de PVA"},"content":{"rendered":"<p><img decoding=\"async\" title=\"PVA Negative Pressure Foam Dressing Kit\" src=\"https:\/\/es.doublemedicalgp.com\/js\/htmledit\/kindeditor\/attached\/20241107\/20241107094105_76135.jpg\" alt=\"PVA Negative Pressure Foam Dressing Kit\" width=\"\" height=\"\" align=\"\" \/><\/p>\n<p><img decoding=\"async\" src=\"https:\/\/es.doublemedicalgp.com\/js\/htmledit\/kindeditor\/attached\/20241107\/20241107094120_48963.jpg\" alt=\"\" \/><\/p>\n<p><strong><u>Caracter\u00edsticas\u00ef\u00bc<\/u><\/strong><\/p>\n<ul>\n<li>Tubo de lavado exclusivo: reduce eficazmente la incidencia de infecci\u00f3n de heridas<\/li>\n<li>Drenaje completo: m\u00faltiples tubos de drenaje proporcionan un drenaje completo<\/li>\n<li>Histocompatibilidad: material de alcohol polivin\u00edlico hidr\u00f3filo, protecci\u00f3n eficaz del tejido de granulaci\u00f3n, acelera la cicatrizaci\u00f3n de heridas<\/li>\n<li>Adaptaci\u00f3n flexible a la m\u00e1quina NPWT: Adaptable a la m\u00e1quina NPWT de SAC para proporcionar un tratamiento de heridas con presi\u00f3n negativa estable y controlable<\/li>\n<li>Accesorios flexibles: colocaci\u00f3n flexible, drenaje eficiente<\/li>\n<li>Adaptaci\u00f3n flexible a la m\u00e1quina NPWT: Adaptable a la m\u00e1quina NPWT de SAC para proporcionar un tratamiento de heridas con presi\u00f3n negativa estable y controlable<\/li>\n<\/ul>\n<p><strong><u>Indicaci\u00f3n\u00ef\u00bc<\/u><\/strong><\/p>\n<p>Es adecuado para el drenaje de heridas no cr\u00f3nicas (como heridas agudas, quemaduras superficiales de segundo grado, cortes, injertos de piel y heridas suturadas despu\u00e9s de una cirug\u00eda).<\/p>\n","protected":false},"excerpt":{"rendered":"<p>El kit de ap\u00f3sito de espuma de presi\u00f3n negativa de PVA es adecuado para el drenaje de heridas no cr\u00f3nicas (como heridas agudas, quemaduras superficiales de segundo grado, cortes, injertos de piel y heridas suturadas despu\u00e9s de una cirug\u00eda).<\/p>\n","protected":false},"featured_media":6642,"comment_status":"open","ping_status":"closed","template":"","meta":[],"product_brand":[],"product_cat":[87],"product_tag":[104],"class_list":{"0":"post-6641","1":"product","2":"type-product","3":"status-publish","4":"has-post-thumbnail","6":"product_cat-tratamiento-de-heridas","7":"product_tag-sistema-de-npwt","9":"first","10":"instock","11":"shipping-taxable","12":"product-type-simple"},"_links":{"self":[{"href":"https:\/\/yimamedical.com\/productos\/wp-json\/wp\/v2\/product\/6641","targetHints":{"allow":["GET"]}}],"collection":[{"href":"https:\/\/yimamedical.com\/productos\/wp-json\/wp\/v2\/product"}],"about":[{"href":"https:\/\/yimamedical.com\/productos\/wp-json\/wp\/v2\/types\/product"}],"replies":[{"embeddable":true,"href":"https:\/\/yimamedical.com\/productos\/wp-json\/wp\/v2\/comments?post=6641"}],"wp:featuredmedia":[{"embeddable":true,"href":"https:\/\/yimamedical.com\/productos\/wp-json\/wp\/v2\/media\/6642"}],"wp:attachment":[{"href":"https:\/\/yimamedical.com\/productos\/wp-json\/wp\/v2\/media?parent=6641"}],"wp:term":[{"taxonomy":"product_brand","embeddable":true,"href":"https:\/\/yimamedical.com\/productos\/wp-json\/wp\/v2\/product_brand?post=6641"},{"taxonomy":"product_cat","embeddable":true,"href":"https:\/\/yimamedical.com\/productos\/wp-json\/wp\/v2\/product_cat?post=6641"},{"taxonomy":"product_tag","embeddable":true,"href":"https:\/\/yimamedical.com\/productos\/wp-json\/wp\/v2\/product_tag?post=6641"}],"curies":[{"name":"wp","href":"https:\/\/api.w.org\/{rel}","templated":true}]}}