{"id":6646,"date":"2025-08-14T19:19:45","date_gmt":"2025-08-14T19:19:45","guid":{"rendered":"https:\/\/yimamedical.com\/productos\/?post_type=product&#038;p=6646"},"modified":"2025-09-05T19:14:29","modified_gmt":"2025-09-05T19:14:29","slug":"botella-de-drenaje-de-presion-negativa","status":"publish","type":"product","link":"https:\/\/yimamedical.com\/productos\/product\/botella-de-drenaje-de-presion-negativa\/","title":{"rendered":"Botella de drenaje de presi\u00f3n negativa"},"content":{"rendered":"<p><img decoding=\"async\" src=\"https:\/\/es.doublemedicalgp.com\/js\/htmledit\/kindeditor\/attached\/20211017\/20211017131329_98422.jpg\" alt=\"\" \/><\/p>\n<p><strong><u>Caracteristicas:<\/u><\/strong><\/p>\n<ul>\n<li>materiales de poliuretano importados: con excelente permeabilidad y resistencia a la tracci\u00f3n , logran un drenaje eficiente mientras acumulan heridas y promueven su curaci\u00f3n<\/li>\n<li>flujo intermedio tridimensional , drenaje eficiente y suave<\/li>\n<li>una variedad de especificaciones de productos para satisfacer diferentes necesidades cl\u00ednicas<\/li>\n<li>vendaje ovalado de tira \u00fanica, adecuado para incisi\u00f3n quir\u00fargica: ayuda a juntar los bordes de la incisi\u00f3n para eliminar l\u00edquidos y materiales infectados; desempe\u00f1ar el papel de barrera,, que es un buen compa\u00f1ero en el manejo de incisiones quir\u00fargicas.<\/li>\n<li>ventosa innovadora con funci\u00f3n de lavado: proporciona una variedad de soluciones para el lavado de heridas, medicaci\u00f3n, ox\u00edgeno y otros tratamientos personalizados, ampl\u00eda el alcance de la aplicaci\u00f3n cl\u00ednica<\/li>\n<li>el tratamiento personalizado de heridas, permite tanto el enjuague como el drenaje<\/li>\n<li>dise\u00f1o de accesorios simples humanizados: acorte el tiempo de operaci\u00f3n y mejore la calidad de la operaci\u00f3n cl\u00ednica<\/li>\n<\/ul>\n<p><strong><u>sistema de tratamiento de presi\u00f3n negativa integrado<\/u><\/strong><\/p>\n<ul>\n<li>proporcionar diferentes juegos de tubos para diferentes instrumentos de terapia de heridas de presi\u00f3n negativa<\/li>\n<\/ul>\n<p><strong><u>indicaciones:<\/u><\/strong><\/p>\n<ul>\n<li>producto est\u00e9ril que combina con la fuente de presi\u00f3n negativa, prop\u00f3sito para la cicatrizaci\u00f3n de heridas agudas o cr\u00f3nicas.<\/li>\n<\/ul>\n<p><strong><u>contraindicaciones:<\/u><\/strong><\/p>\n<ul>\n<li>tejido maligno en la herida<\/li>\n<li>tejido necr\u00f3tico con escara en la herida<\/li>\n<li>funci\u00f3n anormal de la coagulaci\u00f3n o antecedentes de enfermedades de la sangre<\/li>\n<li>pacientes con hermostasis inadecuada en o alrededor de la herida y riesgo de sangrado despu\u00e9s de recibir medicamentos anticoagulantes.<\/li>\n<li>herida infectada no tratada<\/li>\n<li>f\u00edstulas inexploradas o f\u00edstulas intestinales en la herida<\/li>\n<li>vasos expuestos, nervios, sitios de anastomosis, tejidos \u00f3seos, y tendones.<\/li>\n<\/ul>\n","protected":false},"excerpt":{"rendered":"<div class=\"main\">La botella de drenaje de presi\u00f3n negativa es para el dispositivo NPWT. El dispositivo de tratamiento de heridas con presi\u00f3n negativa combina las ventajas de dise\u00f1o de una mayor presi\u00f3n, un sistema de monitoreo inteligente y una bater\u00eda incorporada, que cubre las indicaciones de heridas del pie diab\u00e9tico, \u00falceras por presi\u00f3n y heridas traum\u00e1ticas<\/div>\n<div class=\"pro-table clearfix\"><\/div>\n<div class=\"mobile_inquiry clearfix\"><\/div>\n","protected":false},"featured_media":6647,"comment_status":"open","ping_status":"closed","template":"","meta":[],"product_brand":[],"product_cat":[87],"product_tag":[104],"class_list":{"0":"post-6646","1":"product","2":"type-product","3":"status-publish","4":"has-post-thumbnail","6":"product_cat-tratamiento-de-heridas","7":"product_tag-sistema-de-npwt","9":"first","10":"instock","11":"shipping-taxable","12":"product-type-simple"},"_links":{"self":[{"href":"https:\/\/yimamedical.com\/productos\/wp-json\/wp\/v2\/product\/6646","targetHints":{"allow":["GET"]}}],"collection":[{"href":"https:\/\/yimamedical.com\/productos\/wp-json\/wp\/v2\/product"}],"about":[{"href":"https:\/\/yimamedical.com\/productos\/wp-json\/wp\/v2\/types\/product"}],"replies":[{"embeddable":true,"href":"https:\/\/yimamedical.com\/productos\/wp-json\/wp\/v2\/comments?post=6646"}],"wp:featuredmedia":[{"embeddable":true,"href":"https:\/\/yimamedical.com\/productos\/wp-json\/wp\/v2\/media\/6647"}],"wp:attachment":[{"href":"https:\/\/yimamedical.com\/productos\/wp-json\/wp\/v2\/media?parent=6646"}],"wp:term":[{"taxonomy":"product_brand","embeddable":true,"href":"https:\/\/yimamedical.com\/productos\/wp-json\/wp\/v2\/product_brand?post=6646"},{"taxonomy":"product_cat","embeddable":true,"href":"https:\/\/yimamedical.com\/productos\/wp-json\/wp\/v2\/product_cat?post=6646"},{"taxonomy":"product_tag","embeddable":true,"href":"https:\/\/yimamedical.com\/productos\/wp-json\/wp\/v2\/product_tag?post=6646"}],"curies":[{"name":"wp","href":"https:\/\/api.w.org\/{rel}","templated":true}]}}