{"id":6666,"date":"2025-08-14T19:41:59","date_gmt":"2025-08-14T19:41:59","guid":{"rendered":"https:\/\/yimamedical.com\/productos\/?post_type=product&#038;p=6666"},"modified":"2025-09-04T20:50:42","modified_gmt":"2025-09-04T20:50:42","slug":"trocar-optico-de-12-mm-desechables","status":"publish","type":"product","link":"https:\/\/yimamedical.com\/productos\/product\/trocar-optico-de-12-mm-desechables\/","title":{"rendered":"Trocar \u00f3ptico de 12 mm desechables"},"content":{"rendered":"<p><strong>Descripci\u00f3n del producto:<\/strong><\/p>\n<p>La apendicectom\u00eda laparosc\u00f3pica desechable trocar (trocar \u00f3ptico laparosc\u00f3pico) se utiliza en procedimientos abdominales y ginecol\u00f3gicos m\u00ednimamente invasivos para establecer un camino de entrada para instrumentos endosc\u00f3picos.<\/p>\n<p><strong>Aplicaci\u00f3n del producto:<\/strong><\/p>\n<p>Conjunto de trocar laparosc\u00f3pico\u00a0Se aplica extensamente en diversas cirug\u00edas laparosc\u00f3picas, incluida la cirug\u00eda general m\u00ednimamente invasiva, la cirug\u00eda de ginecolog\u00eda m\u00ednimamente invasiva, la cirug\u00eda endosc\u00f3pica tor\u00e1cica o urol\u00f3gica, y m\u00e1s.<\/p>\n<p>&nbsp;<\/p>\n<p><strong>Caracter\u00edstica de producto:<br \/>\n<\/strong><\/p>\n<ul>\n<li>El dise\u00f1o de fijaci\u00f3n del dispositivo novato permite el ajuste de la profundidad de la c\u00e1nula y la estancia de sutura.<\/li>\n<li>La c\u00e1nula clara ofrece la visualizaci\u00f3n sin obstrucciones.<\/li>\n<li>La punta contundente reduce el riesgo de da\u00f1os a las v\u00edsceras.<\/li>\n<li>Opci\u00f3n con la boca plana y oblicua intubaci\u00f3n.<\/li>\n<li>Disponible en di\u00e1metros de 5 mm, 10 mm y 12 mm.<img decoding=\"async\" src=\"https:\/\/es.doublemedicalgp.com\/js\/htmledit\/kindeditor\/attached\/20210519\/20210519162959_12707.jpg\" alt=\"\" \/><img decoding=\"async\" src=\"https:\/\/es.doublemedicalgp.com\/js\/htmledit\/kindeditor\/attached\/20210519\/20210519163009_17128.jpg\" alt=\"\" \/><\/li>\n<\/ul>\n","protected":false},"excerpt":{"rendered":"<p>Trocar \u00f3ptico chino para el endosc\u00f3pico emitido en procedimientos abdominales y ginecol\u00f3gicos m\u00ednimamente invasivos para establecer un camino de entrada para instrumentos endosc\u00f3picos.<\/p>\n","protected":false},"featured_media":6667,"comment_status":"open","ping_status":"closed","template":"","meta":[],"product_brand":[],"product_cat":[68],"product_tag":[],"class_list":{"0":"post-6666","1":"product","2":"type-product","3":"status-publish","4":"has-post-thumbnail","6":"product_cat-cirugia-general","8":"first","9":"instock","10":"shipping-taxable","11":"product-type-simple"},"_links":{"self":[{"href":"https:\/\/yimamedical.com\/productos\/wp-json\/wp\/v2\/product\/6666","targetHints":{"allow":["GET"]}}],"collection":[{"href":"https:\/\/yimamedical.com\/productos\/wp-json\/wp\/v2\/product"}],"about":[{"href":"https:\/\/yimamedical.com\/productos\/wp-json\/wp\/v2\/types\/product"}],"replies":[{"embeddable":true,"href":"https:\/\/yimamedical.com\/productos\/wp-json\/wp\/v2\/comments?post=6666"}],"wp:featuredmedia":[{"embeddable":true,"href":"https:\/\/yimamedical.com\/productos\/wp-json\/wp\/v2\/media\/6667"}],"wp:attachment":[{"href":"https:\/\/yimamedical.com\/productos\/wp-json\/wp\/v2\/media?parent=6666"}],"wp:term":[{"taxonomy":"product_brand","embeddable":true,"href":"https:\/\/yimamedical.com\/productos\/wp-json\/wp\/v2\/product_brand?post=6666"},{"taxonomy":"product_cat","embeddable":true,"href":"https:\/\/yimamedical.com\/productos\/wp-json\/wp\/v2\/product_cat?post=6666"},{"taxonomy":"product_tag","embeddable":true,"href":"https:\/\/yimamedical.com\/productos\/wp-json\/wp\/v2\/product_tag?post=6666"}],"curies":[{"name":"wp","href":"https:\/\/api.w.org\/{rel}","templated":true}]}}